{"id":10931,"date":"2020-10-29T22:58:52","date_gmt":"2020-10-29T19:58:52","guid":{"rendered":"https:\/\/flexib.ee\/toode\/import-placeholder-for-40733\/"},"modified":"2026-04-06T15:04:02","modified_gmt":"2026-04-06T12:04:02","slug":"pihustite-tommitsa-komplekt","status":"publish","type":"product","link":"https:\/\/www.flexib.ee\/sv\/toode\/pihustite-tommitsa-komplekt\/","title":{"rendered":"Pihustite t\u00f5mmitsa komplekt"},"content":{"rendered":"<p>Pihustite eemaldamise t\u00f5mmitsa komplekt.<br \/>\nInerts t\u00f5mmits, mis on ette n\u00e4htud pihustite DELPHI, BOSCH, DENSO, SIEMENS jt demonteerimiseks. T\u00e4nu adapterite komplektile sobib t\u00f5mbur enamike pihustitega.<\/p>\n<p>Toote omadused:<br \/>\nKvaliteetsest CRV kroom-vanaadiumterasest valmistatud pihustite adapterid<br \/>\nKomplekt v\u00f5imaldab pihustite DELPHI, BOSCH, DENSO, SIEMENS demonteerimist<br \/>\nLiugvasar kaaluga 3,6 kg<br \/>\nPihusti adapteri komplekt<br \/>\nKuul\u00fchendus h\u00f5lbustab t\u00f6\u00f6d raskesti ligip\u00e4\u00e4setavates kohtades<br \/>\nKomplekti sisu:<br \/>\n(1) Adapterid:<\/p>\n<p>M14x1,5 (DELPHI)<br \/>\nM17x1 (BOSCH)<br \/>\nM20x1 (DENSO)<br \/>\nM24x1 (SIEMENS)<br \/>\nM27x1 (SIEMENS)<br \/>\nM27x1 (BOSCH)<br \/>\nM14x1,5<br \/>\n(2) CRV spetsiaalsed adapterid:<\/p>\n<p>25 mm<br \/>\n27 mm<br \/>\n29 mm<br \/>\n30 mm<br \/>\n(3) Liugvasar<\/p>\n<p>(4) Kuulliigend<\/p>\n","protected":false},"excerpt":{"rendered":"<p>Diiselpihustite t\u00f5mmitsa komplekt liugvasaraga.<\/p>\n","protected":false},"featured_media":10996,"template":"","meta":[],"product_cat":[954],"product_tag":[1161],"supplier_id":null,"supplier_sku":"","barcode":null,"atum_controlled":true,"out_stock_date":null,"out_stock_threshold":null,"inheritable":false,"inbound_stock":0,"stock_on_hold":0,"sold_today":0,"sales_last_days":0,"reserved_stock":0,"customer_returns":0,"warehouse_damage":0,"lost_in_post":0,"other_logs":0,"out_stock_days":0,"lost_sales":0,"has_location":false,"update_date":"2026-04-06T12:05:03","atum_locations":[],"atum_stock_status":"instock","restock_status":false,"low_stock_amount":"","sales_update_date":"2025-03-11T15:37:06","calc_backorders":null,"yoast_head":"<!-- This site is optimized with the Yoast SEO plugin v21.0 - https:\/\/yoast.com\/wordpress\/plugins\/seo\/ -->\n<title>Pihustite t\u00f5mmitsa komplekt - Flexib h\u00fcdraulika<\/title>\n<meta name=\"description\" content=\"Pihustite t\u00f5mmitsa komplekt - H\u00fcdraulika komponendid, h\u00fcdropumbad, h\u00fcdraulilised jagajad, h\u00fcdrosilindrid, h\u00fcdropumbad, h\u00fcdraulika \u00f5lid ja h\u00fcdromootorid. P\u00f5llumajandus h\u00fcdraulika, h\u00fcdrovoolikud ja h\u00fcdrojaamad.\" \/>\n<meta name=\"robots\" content=\"index, follow, max-snippet:-1, max-image-preview:large, max-video-preview:-1\" \/>\n<link rel=\"canonical\" href=\"https:\/\/www.flexib.ee\/sv\/toode\/pihustite-tommitsa-komplekt\/\" \/>\n<meta property=\"og:locale\" content=\"sv_SE\" \/>\n<meta property=\"og:type\" content=\"article\" \/>\n<meta property=\"og:title\" content=\"Pihustite t\u00f5mmitsa komplekt - Flexib h\u00fcdraulika\" \/>\n<meta property=\"og:description\" content=\"Pihustite t\u00f5mmitsa komplekt - H\u00fcdraulika komponendid, h\u00fcdropumbad, h\u00fcdraulilised jagajad, h\u00fcdrosilindrid, h\u00fcdropumbad, h\u00fcdraulika \u00f5lid ja h\u00fcdromootorid. P\u00f5llumajandus h\u00fcdraulika, h\u00fcdrovoolikud ja h\u00fcdrojaamad.\" \/>\n<meta property=\"og:url\" content=\"https:\/\/www.flexib.ee\/sv\/toode\/pihustite-tommitsa-komplekt\/\" \/>\n<meta property=\"og:site_name\" content=\"Flexib h\u00fcdraulika\" \/>\n<meta property=\"article:modified_time\" content=\"2026-04-06T12:04:02+00:00\" \/>\n<meta property=\"og:image\" content=\"https:\/\/flexib.ee\/wp-content\/uploads\/2020\/10\/1-1-2.jpg\" \/>\n\t<meta property=\"og:image:width\" content=\"1920\" \/>\n\t<meta property=\"og:image:height\" content=\"1440\" \/>\n\t<meta property=\"og:image:type\" content=\"image\/jpeg\" \/>\n<meta name=\"twitter:card\" content=\"summary_large_image\" \/>\n<script type=\"application\/ld+json\" class=\"yoast-schema-graph\">{\"@context\":\"https:\/\/schema.org\",\"@graph\":[{\"@type\":\"WebPage\",\"@id\":\"https:\/\/www.flexib.ee\/sv\/toode\/pihustite-tommitsa-komplekt\/\",\"url\":\"https:\/\/www.flexib.ee\/sv\/toode\/pihustite-tommitsa-komplekt\/\",\"name\":\"Pihustite t\u00f5mmitsa komplekt - Flexib h\u00fcdraulika\",\"isPartOf\":{\"@id\":\"https:\/\/flexib.ee\/#website\"},\"datePublished\":\"2020-10-29T19:58:52+00:00\",\"dateModified\":\"2026-04-06T12:04:02+00:00\",\"description\":\"Pihustite t\u00f5mmitsa komplekt - H\u00fcdraulika komponendid, h\u00fcdropumbad, h\u00fcdraulilised jagajad, h\u00fcdrosilindrid, h\u00fcdropumbad, h\u00fcdraulika \u00f5lid ja h\u00fcdromootorid. P\u00f5llumajandus h\u00fcdraulika, h\u00fcdrovoolikud ja h\u00fcdrojaamad.\",\"breadcrumb\":{\"@id\":\"https:\/\/www.flexib.ee\/sv\/toode\/pihustite-tommitsa-komplekt\/#breadcrumb\"},\"inLanguage\":\"sv-SE\",\"potentialAction\":[{\"@type\":\"ReadAction\",\"target\":[\"https:\/\/www.flexib.ee\/sv\/toode\/pihustite-tommitsa-komplekt\/\"]}]},{\"@type\":\"BreadcrumbList\",\"@id\":\"https:\/\/www.flexib.ee\/sv\/toode\/pihustite-tommitsa-komplekt\/#breadcrumb\",\"itemListElement\":[{\"@type\":\"ListItem\",\"position\":1,\"name\":\"Flexib\",\"item\":\"https:\/\/flexib.ee\/\"},{\"@type\":\"ListItem\",\"position\":2,\"name\":\"Butik\",\"item\":\"https:\/\/flexib.ee\/sv\/butik\/\"},{\"@type\":\"ListItem\",\"position\":3,\"name\":\"Pihustite t\u00f5mmitsa komplekt\"}]},{\"@type\":\"WebSite\",\"@id\":\"https:\/\/flexib.ee\/#website\",\"url\":\"https:\/\/flexib.ee\/\",\"name\":\"Flexib h\u00fcdraulika\",\"description\":\"H\u00fcdraulika tarvikud ja komponendid.\",\"publisher\":{\"@id\":\"https:\/\/flexib.ee\/#organization\"},\"potentialAction\":[{\"@type\":\"SearchAction\",\"target\":{\"@type\":\"EntryPoint\",\"urlTemplate\":\"https:\/\/flexib.ee\/?s={search_term_string}\"},\"query-input\":\"required name=search_term_string\"}],\"inLanguage\":\"sv-SE\"},{\"@type\":\"Organization\",\"@id\":\"https:\/\/flexib.ee\/#organization\",\"name\":\"Flexib H\u00fcdraulika\",\"url\":\"https:\/\/flexib.ee\/\",\"logo\":{\"@type\":\"ImageObject\",\"inLanguage\":\"sv-SE\",\"@id\":\"https:\/\/flexib.ee\/#\/schema\/logo\/image\/\",\"url\":\"https:\/\/flexib.ee\/wp-content\/uploads\/2020\/08\/FLEXIB-2.png\",\"contentUrl\":\"https:\/\/flexib.ee\/wp-content\/uploads\/2020\/08\/FLEXIB-2.png\",\"width\":500,\"height\":500,\"caption\":\"Flexib H\u00fcdraulika\"},\"image\":{\"@id\":\"https:\/\/flexib.ee\/#\/schema\/logo\/image\/\"}}]}<\/script>\n<!-- \/ Yoast SEO plugin. -->","yoast_head_json":{"title":"Pihustite t\u00f5mmitsa komplekt - Flexib h\u00fcdraulika","description":"Pihustite t\u00f5mmitsa komplekt - H\u00fcdraulika komponendid, h\u00fcdropumbad, h\u00fcdraulilised jagajad, h\u00fcdrosilindrid, h\u00fcdropumbad, h\u00fcdraulika \u00f5lid ja h\u00fcdromootorid. P\u00f5llumajandus h\u00fcdraulika, h\u00fcdrovoolikud ja h\u00fcdrojaamad.","robots":{"index":"index","follow":"follow","max-snippet":"max-snippet:-1","max-image-preview":"max-image-preview:large","max-video-preview":"max-video-preview:-1"},"canonical":"https:\/\/www.flexib.ee\/sv\/toode\/pihustite-tommitsa-komplekt\/","og_locale":"sv_SE","og_type":"article","og_title":"Pihustite t\u00f5mmitsa komplekt - Flexib h\u00fcdraulika","og_description":"Pihustite t\u00f5mmitsa komplekt - H\u00fcdraulika komponendid, h\u00fcdropumbad, h\u00fcdraulilised jagajad, h\u00fcdrosilindrid, h\u00fcdropumbad, h\u00fcdraulika \u00f5lid ja h\u00fcdromootorid. P\u00f5llumajandus h\u00fcdraulika, h\u00fcdrovoolikud ja h\u00fcdrojaamad.","og_url":"https:\/\/www.flexib.ee\/sv\/toode\/pihustite-tommitsa-komplekt\/","og_site_name":"Flexib h\u00fcdraulika","article_modified_time":"2026-04-06T12:04:02+00:00","og_image":[{"width":1920,"height":1440,"url":"https:\/\/flexib.ee\/wp-content\/uploads\/2020\/10\/1-1-2.jpg","type":"image\/jpeg"}],"twitter_card":"summary_large_image","schema":{"@context":"https:\/\/schema.org","@graph":[{"@type":"WebPage","@id":"https:\/\/www.flexib.ee\/sv\/toode\/pihustite-tommitsa-komplekt\/","url":"https:\/\/www.flexib.ee\/sv\/toode\/pihustite-tommitsa-komplekt\/","name":"Pihustite t\u00f5mmitsa komplekt - Flexib h\u00fcdraulika","isPartOf":{"@id":"https:\/\/flexib.ee\/#website"},"datePublished":"2020-10-29T19:58:52+00:00","dateModified":"2026-04-06T12:04:02+00:00","description":"Pihustite t\u00f5mmitsa komplekt - H\u00fcdraulika komponendid, h\u00fcdropumbad, h\u00fcdraulilised jagajad, h\u00fcdrosilindrid, h\u00fcdropumbad, h\u00fcdraulika \u00f5lid ja h\u00fcdromootorid. P\u00f5llumajandus h\u00fcdraulika, h\u00fcdrovoolikud ja h\u00fcdrojaamad.","breadcrumb":{"@id":"https:\/\/www.flexib.ee\/sv\/toode\/pihustite-tommitsa-komplekt\/#breadcrumb"},"inLanguage":"sv-SE","potentialAction":[{"@type":"ReadAction","target":["https:\/\/www.flexib.ee\/sv\/toode\/pihustite-tommitsa-komplekt\/"]}]},{"@type":"BreadcrumbList","@id":"https:\/\/www.flexib.ee\/sv\/toode\/pihustite-tommitsa-komplekt\/#breadcrumb","itemListElement":[{"@type":"ListItem","position":1,"name":"Flexib","item":"https:\/\/flexib.ee\/"},{"@type":"ListItem","position":2,"name":"Butik","item":"https:\/\/flexib.ee\/sv\/butik\/"},{"@type":"ListItem","position":3,"name":"Pihustite t\u00f5mmitsa komplekt"}]},{"@type":"WebSite","@id":"https:\/\/flexib.ee\/#website","url":"https:\/\/flexib.ee\/","name":"Flexib h\u00fcdraulika","description":"H\u00fcdraulika tarvikud ja komponendid.","publisher":{"@id":"https:\/\/flexib.ee\/#organization"},"potentialAction":[{"@type":"SearchAction","target":{"@type":"EntryPoint","urlTemplate":"https:\/\/flexib.ee\/?s={search_term_string}"},"query-input":"required name=search_term_string"}],"inLanguage":"sv-SE"},{"@type":"Organization","@id":"https:\/\/flexib.ee\/#organization","name":"Flexib H\u00fcdraulika","url":"https:\/\/flexib.ee\/","logo":{"@type":"ImageObject","inLanguage":"sv-SE","@id":"https:\/\/flexib.ee\/#\/schema\/logo\/image\/","url":"https:\/\/flexib.ee\/wp-content\/uploads\/2020\/08\/FLEXIB-2.png","contentUrl":"https:\/\/flexib.ee\/wp-content\/uploads\/2020\/08\/FLEXIB-2.png","width":500,"height":500,"caption":"Flexib H\u00fcdraulika"},"image":{"@id":"https:\/\/flexib.ee\/#\/schema\/logo\/image\/"}}]}},"_links":{"self":[{"href":"https:\/\/www.flexib.ee\/sv\/wp-json\/wp\/v2\/product\/10931"}],"collection":[{"href":"https:\/\/www.flexib.ee\/sv\/wp-json\/wp\/v2\/product"}],"about":[{"href":"https:\/\/www.flexib.ee\/sv\/wp-json\/wp\/v2\/types\/product"}],"wp:featuredmedia":[{"embeddable":true,"href":"https:\/\/www.flexib.ee\/sv\/wp-json\/wp\/v2\/media\/10996"}],"wp:attachment":[{"href":"https:\/\/www.flexib.ee\/sv\/wp-json\/wp\/v2\/media?parent=10931"}],"wp:term":[{"taxonomy":"product_cat","embeddable":true,"href":"https:\/\/www.flexib.ee\/sv\/wp-json\/wp\/v2\/product_cat?post=10931"},{"taxonomy":"product_tag","embeddable":true,"href":"https:\/\/www.flexib.ee\/sv\/wp-json\/wp\/v2\/product_tag?post=10931"}],"curies":[{"name":"wp","href":"https:\/\/api.w.org\/{rel}","templated":true}]}}