{"id":1118,"date":"2020-08-17T22:11:11","date_gmt":"2020-08-17T20:11:11","guid":{"rendered":"https:\/\/flexib.ee\/toode\/import-placeholder-for-10120\/"},"modified":"2026-04-04T08:18:08","modified_gmt":"2026-04-04T05:18:08","slug":"elektrimootor-kolmefaasiline-400-v-b3-voimsus-22-kw-kiirus-1400-p-min","status":"publish","type":"product","link":"https:\/\/flexib.ee\/sv\/toode\/elektrimootor-kolmefaasiline-400-v-b3-voimsus-22-kw-kiirus-1400-p-min\/","title":{"rendered":"Elektrimootor kolmefaasiline 400 V B3 V\u00f5imsus 2,2 kW Kiirus 1400 p \/ min"},"content":{"rendered":"<p>V\u00f5imsus:<br \/>\n2,2 kW<\/p>\n<p>Nimi p\u00f6\u00f6rdemoment:<br \/>\n15 Nm<\/p>\n<p>Voolutugevus:<br \/>\n4,90 A<\/p>\n<p>Pinge :<br \/>\n400V<\/p>\n<p>P\u00f6\u00f6rlemiskiirus:<br \/>\n1400 p\u00f6\u00f6ret minutis<\/p>\n<p>P\u00f6\u00f6rlemissuund:<br \/>\nparemale v\u00f5i vasakule<\/p>\n<p>Veov\u00f5lli l\u00e4bim\u00f5\u00f5t:<br \/>\n24 mm<\/p>\n<p>Kiil v\u00f5llile:<br \/>\nJah<\/p>\n<p>IP55<\/p>\n<p>&nbsp;<\/p>\n<p>Korpus:<br \/>\nalumiiniumist<\/p>\n<p>M\u00e4his:<br \/>\nvask<\/p>\n<p><img decoding=\"async\" loading=\"lazy\" class=\"alignnone size-full wp-image-26520\" src=\"https:\/\/flexib.ee\/wp-content\/uploads\/2020\/08\/Elektrimootor-kolmefaasiline-400-V-B3-Voimsus-22-kW-Kiirus-1400-p-_-min2.jpg\" alt=\"\" width=\"800\" height=\"800\" srcset=\"https:\/\/flexib.ee\/wp-content\/uploads\/2020\/08\/Elektrimootor-kolmefaasiline-400-V-B3-Voimsus-22-kW-Kiirus-1400-p-_-min2.jpg 800w, https:\/\/flexib.ee\/wp-content\/uploads\/2020\/08\/Elektrimootor-kolmefaasiline-400-V-B3-Voimsus-22-kW-Kiirus-1400-p-_-min2-300x300.jpg 300w, https:\/\/flexib.ee\/wp-content\/uploads\/2020\/08\/Elektrimootor-kolmefaasiline-400-V-B3-Voimsus-22-kW-Kiirus-1400-p-_-min2-150x150.jpg 150w, https:\/\/flexib.ee\/wp-content\/uploads\/2020\/08\/Elektrimootor-kolmefaasiline-400-V-B3-Voimsus-22-kW-Kiirus-1400-p-_-min2-768x768.jpg 768w, https:\/\/flexib.ee\/wp-content\/uploads\/2020\/08\/Elektrimootor-kolmefaasiline-400-V-B3-Voimsus-22-kW-Kiirus-1400-p-_-min2-600x600.jpg 600w\" sizes=\"(max-width: 800px) 100vw, 800px\" \/><\/p>\n","protected":false},"excerpt":{"rendered":"<p>V\u00f5imsus: 2,2 kW Nimi p\u00f6\u00f6rdemoment: 15 Nm Voolutugevus: 4,90 A Pinge : 400V P\u00f6\u00f6rlemiskiirus: 1400 p\u00f6\u00f6ret minutis P\u00f6\u00f6rlemissuund: paremale v\u00f5i<\/p>\n","protected":false},"featured_media":26523,"template":"","meta":[],"product_cat":[311],"product_tag":[622,625,621],"supplier_id":null,"supplier_sku":"","barcode":null,"atum_controlled":true,"out_stock_date":null,"out_stock_threshold":null,"inheritable":false,"inbound_stock":null,"stock_on_hold":1,"sold_today":0,"sales_last_days":0,"reserved_stock":null,"customer_returns":null,"warehouse_damage":null,"lost_in_post":null,"other_logs":null,"out_stock_days":0,"lost_sales":0,"has_location":false,"update_date":"2026-04-09T00:09:56","atum_locations":[],"atum_stock_status":"onbackorder","restock_status":false,"low_stock_amount":"","sales_update_date":"2026-04-09T00:09:56","calc_backorders":-2,"yoast_head":"<!-- This site is optimized with the Yoast SEO plugin v21.0 - https:\/\/yoast.com\/wordpress\/plugins\/seo\/ -->\n<title>Elektrimootor kolmefaasiline 400 V B3 V\u00f5imsus 2,2 kW Kiirus 1400 p \/ min - Flexib h\u00fcdraulika<\/title>\n<meta name=\"description\" content=\"Elektrimootor kolmefaasiline 400 V B3 V\u00f5imsus 2,2 kW Kiirus 1400 p \/ min - H\u00fcdraulika komponendid, h\u00fcdropumbad, h\u00fcdraulilised jagajad, h\u00fcdrosilindrid, h\u00fcdropumbad, h\u00fcdraulika \u00f5lid ja h\u00fcdromootorid. P\u00f5llumajandus h\u00fcdraulika, h\u00fcdrovoolikud ja h\u00fcdrojaamad.\" \/>\n<meta name=\"robots\" content=\"index, follow, max-snippet:-1, max-image-preview:large, max-video-preview:-1\" \/>\n<link rel=\"canonical\" href=\"https:\/\/flexib.ee\/sv\/toode\/elektrimootor-kolmefaasiline-400-v-b3-voimsus-22-kw-kiirus-1400-p-min\/\" \/>\n<meta property=\"og:locale\" content=\"sv_SE\" \/>\n<meta property=\"og:type\" content=\"article\" \/>\n<meta property=\"og:title\" content=\"Elektrimootor kolmefaasiline 400 V B3 V\u00f5imsus 2,2 kW Kiirus 1400 p \/ min - Flexib h\u00fcdraulika\" \/>\n<meta property=\"og:description\" content=\"Elektrimootor kolmefaasiline 400 V B3 V\u00f5imsus 2,2 kW Kiirus 1400 p \/ min - H\u00fcdraulika komponendid, h\u00fcdropumbad, h\u00fcdraulilised jagajad, h\u00fcdrosilindrid, h\u00fcdropumbad, h\u00fcdraulika \u00f5lid ja h\u00fcdromootorid. P\u00f5llumajandus h\u00fcdraulika, h\u00fcdrovoolikud ja h\u00fcdrojaamad.\" \/>\n<meta property=\"og:url\" content=\"https:\/\/flexib.ee\/sv\/toode\/elektrimootor-kolmefaasiline-400-v-b3-voimsus-22-kw-kiirus-1400-p-min\/\" \/>\n<meta property=\"og:site_name\" content=\"Flexib h\u00fcdraulika\" \/>\n<meta property=\"article:modified_time\" content=\"2026-04-04T05:18:08+00:00\" \/>\n<meta property=\"og:image\" content=\"https:\/\/www.flexib.ee\/wp-content\/uploads\/2020\/08\/Elektrimootor-kolmefaasiline-400-V-B3-Voimsus-22-kW-Kiirus-1400-p-min.png\" \/>\n\t<meta property=\"og:image:width\" content=\"800\" \/>\n\t<meta property=\"og:image:height\" content=\"800\" \/>\n\t<meta property=\"og:image:type\" content=\"image\/png\" \/>\n<meta name=\"twitter:card\" content=\"summary_large_image\" \/>\n<meta name=\"twitter:label1\" content=\"Ber\u00e4knad l\u00e4stid\" \/>\n\t<meta name=\"twitter:data1\" content=\"1 minut\" \/>\n<script type=\"application\/ld+json\" class=\"yoast-schema-graph\">{\"@context\":\"https:\/\/schema.org\",\"@graph\":[{\"@type\":\"WebPage\",\"@id\":\"https:\/\/flexib.ee\/sv\/toode\/elektrimootor-kolmefaasiline-400-v-b3-voimsus-22-kw-kiirus-1400-p-min\/\",\"url\":\"https:\/\/flexib.ee\/sv\/toode\/elektrimootor-kolmefaasiline-400-v-b3-voimsus-22-kw-kiirus-1400-p-min\/\",\"name\":\"Elektrimootor kolmefaasiline 400 V B3 V\u00f5imsus 2,2 kW Kiirus 1400 p \/ min - Flexib h\u00fcdraulika\",\"isPartOf\":{\"@id\":\"https:\/\/flexib.ee\/sv\/#website\"},\"datePublished\":\"2020-08-17T20:11:11+00:00\",\"dateModified\":\"2026-04-04T05:18:08+00:00\",\"description\":\"Elektrimootor kolmefaasiline 400 V B3 V\u00f5imsus 2,2 kW Kiirus 1400 p \/ min - H\u00fcdraulika komponendid, h\u00fcdropumbad, h\u00fcdraulilised jagajad, h\u00fcdrosilindrid, h\u00fcdropumbad, h\u00fcdraulika \u00f5lid ja h\u00fcdromootorid. P\u00f5llumajandus h\u00fcdraulika, h\u00fcdrovoolikud ja h\u00fcdrojaamad.\",\"breadcrumb\":{\"@id\":\"https:\/\/flexib.ee\/sv\/toode\/elektrimootor-kolmefaasiline-400-v-b3-voimsus-22-kw-kiirus-1400-p-min\/#breadcrumb\"},\"inLanguage\":\"sv-SE\",\"potentialAction\":[{\"@type\":\"ReadAction\",\"target\":[\"https:\/\/flexib.ee\/sv\/toode\/elektrimootor-kolmefaasiline-400-v-b3-voimsus-22-kw-kiirus-1400-p-min\/\"]}]},{\"@type\":\"BreadcrumbList\",\"@id\":\"https:\/\/flexib.ee\/sv\/toode\/elektrimootor-kolmefaasiline-400-v-b3-voimsus-22-kw-kiirus-1400-p-min\/#breadcrumb\",\"itemListElement\":[{\"@type\":\"ListItem\",\"position\":1,\"name\":\"Flexib\",\"item\":\"https:\/\/flexib.ee\/sv\/\"},{\"@type\":\"ListItem\",\"position\":2,\"name\":\"Butik\",\"item\":\"https:\/\/flexib.ee\/sv\/butik\/\"},{\"@type\":\"ListItem\",\"position\":3,\"name\":\"Elektrimootor kolmefaasiline 400 V B3 V\u00f5imsus 2,2 kW Kiirus 1400 p \/ min\"}]},{\"@type\":\"WebSite\",\"@id\":\"https:\/\/flexib.ee\/sv\/#website\",\"url\":\"https:\/\/flexib.ee\/sv\/\",\"name\":\"Flexib h\u00fcdraulika\",\"description\":\"H\u00fcdraulika tarvikud ja komponendid.\",\"publisher\":{\"@id\":\"https:\/\/flexib.ee\/sv\/#organization\"},\"potentialAction\":[{\"@type\":\"SearchAction\",\"target\":{\"@type\":\"EntryPoint\",\"urlTemplate\":\"https:\/\/flexib.ee\/sv\/?s={search_term_string}\"},\"query-input\":\"required name=search_term_string\"}],\"inLanguage\":\"sv-SE\"},{\"@type\":\"Organization\",\"@id\":\"https:\/\/flexib.ee\/sv\/#organization\",\"name\":\"Flexib H\u00fcdraulika\",\"url\":\"https:\/\/flexib.ee\/sv\/\",\"logo\":{\"@type\":\"ImageObject\",\"inLanguage\":\"sv-SE\",\"@id\":\"https:\/\/flexib.ee\/sv\/#\/schema\/logo\/image\/\",\"url\":\"https:\/\/flexib.ee\/wp-content\/uploads\/2020\/08\/FLEXIB-2.png\",\"contentUrl\":\"https:\/\/flexib.ee\/wp-content\/uploads\/2020\/08\/FLEXIB-2.png\",\"width\":500,\"height\":500,\"caption\":\"Flexib H\u00fcdraulika\"},\"image\":{\"@id\":\"https:\/\/flexib.ee\/sv\/#\/schema\/logo\/image\/\"}}]}<\/script>\n<!-- \/ Yoast SEO plugin. -->","yoast_head_json":{"title":"Elektrimootor kolmefaasiline 400 V B3 V\u00f5imsus 2,2 kW Kiirus 1400 p \/ min - Flexib h\u00fcdraulika","description":"Elektrimootor kolmefaasiline 400 V B3 V\u00f5imsus 2,2 kW Kiirus 1400 p \/ min - H\u00fcdraulika komponendid, h\u00fcdropumbad, h\u00fcdraulilised jagajad, h\u00fcdrosilindrid, h\u00fcdropumbad, h\u00fcdraulika \u00f5lid ja h\u00fcdromootorid. P\u00f5llumajandus h\u00fcdraulika, h\u00fcdrovoolikud ja h\u00fcdrojaamad.","robots":{"index":"index","follow":"follow","max-snippet":"max-snippet:-1","max-image-preview":"max-image-preview:large","max-video-preview":"max-video-preview:-1"},"canonical":"https:\/\/flexib.ee\/sv\/toode\/elektrimootor-kolmefaasiline-400-v-b3-voimsus-22-kw-kiirus-1400-p-min\/","og_locale":"sv_SE","og_type":"article","og_title":"Elektrimootor kolmefaasiline 400 V B3 V\u00f5imsus 2,2 kW Kiirus 1400 p \/ min - Flexib h\u00fcdraulika","og_description":"Elektrimootor kolmefaasiline 400 V B3 V\u00f5imsus 2,2 kW Kiirus 1400 p \/ min - H\u00fcdraulika komponendid, h\u00fcdropumbad, h\u00fcdraulilised jagajad, h\u00fcdrosilindrid, h\u00fcdropumbad, h\u00fcdraulika \u00f5lid ja h\u00fcdromootorid. P\u00f5llumajandus h\u00fcdraulika, h\u00fcdrovoolikud ja h\u00fcdrojaamad.","og_url":"https:\/\/flexib.ee\/sv\/toode\/elektrimootor-kolmefaasiline-400-v-b3-voimsus-22-kw-kiirus-1400-p-min\/","og_site_name":"Flexib h\u00fcdraulika","article_modified_time":"2026-04-04T05:18:08+00:00","og_image":[{"width":800,"height":800,"url":"https:\/\/www.flexib.ee\/wp-content\/uploads\/2020\/08\/Elektrimootor-kolmefaasiline-400-V-B3-Voimsus-22-kW-Kiirus-1400-p-min.png","type":"image\/png"}],"twitter_card":"summary_large_image","twitter_misc":{"Ber\u00e4knad l\u00e4stid":"1 minut"},"schema":{"@context":"https:\/\/schema.org","@graph":[{"@type":"WebPage","@id":"https:\/\/flexib.ee\/sv\/toode\/elektrimootor-kolmefaasiline-400-v-b3-voimsus-22-kw-kiirus-1400-p-min\/","url":"https:\/\/flexib.ee\/sv\/toode\/elektrimootor-kolmefaasiline-400-v-b3-voimsus-22-kw-kiirus-1400-p-min\/","name":"Elektrimootor kolmefaasiline 400 V B3 V\u00f5imsus 2,2 kW Kiirus 1400 p \/ min - Flexib h\u00fcdraulika","isPartOf":{"@id":"https:\/\/flexib.ee\/sv\/#website"},"datePublished":"2020-08-17T20:11:11+00:00","dateModified":"2026-04-04T05:18:08+00:00","description":"Elektrimootor kolmefaasiline 400 V B3 V\u00f5imsus 2,2 kW Kiirus 1400 p \/ min - H\u00fcdraulika komponendid, h\u00fcdropumbad, h\u00fcdraulilised jagajad, h\u00fcdrosilindrid, h\u00fcdropumbad, h\u00fcdraulika \u00f5lid ja h\u00fcdromootorid. P\u00f5llumajandus h\u00fcdraulika, h\u00fcdrovoolikud ja h\u00fcdrojaamad.","breadcrumb":{"@id":"https:\/\/flexib.ee\/sv\/toode\/elektrimootor-kolmefaasiline-400-v-b3-voimsus-22-kw-kiirus-1400-p-min\/#breadcrumb"},"inLanguage":"sv-SE","potentialAction":[{"@type":"ReadAction","target":["https:\/\/flexib.ee\/sv\/toode\/elektrimootor-kolmefaasiline-400-v-b3-voimsus-22-kw-kiirus-1400-p-min\/"]}]},{"@type":"BreadcrumbList","@id":"https:\/\/flexib.ee\/sv\/toode\/elektrimootor-kolmefaasiline-400-v-b3-voimsus-22-kw-kiirus-1400-p-min\/#breadcrumb","itemListElement":[{"@type":"ListItem","position":1,"name":"Flexib","item":"https:\/\/flexib.ee\/sv\/"},{"@type":"ListItem","position":2,"name":"Butik","item":"https:\/\/flexib.ee\/sv\/butik\/"},{"@type":"ListItem","position":3,"name":"Elektrimootor kolmefaasiline 400 V B3 V\u00f5imsus 2,2 kW Kiirus 1400 p \/ min"}]},{"@type":"WebSite","@id":"https:\/\/flexib.ee\/sv\/#website","url":"https:\/\/flexib.ee\/sv\/","name":"Flexib h\u00fcdraulika","description":"H\u00fcdraulika tarvikud ja komponendid.","publisher":{"@id":"https:\/\/flexib.ee\/sv\/#organization"},"potentialAction":[{"@type":"SearchAction","target":{"@type":"EntryPoint","urlTemplate":"https:\/\/flexib.ee\/sv\/?s={search_term_string}"},"query-input":"required name=search_term_string"}],"inLanguage":"sv-SE"},{"@type":"Organization","@id":"https:\/\/flexib.ee\/sv\/#organization","name":"Flexib H\u00fcdraulika","url":"https:\/\/flexib.ee\/sv\/","logo":{"@type":"ImageObject","inLanguage":"sv-SE","@id":"https:\/\/flexib.ee\/sv\/#\/schema\/logo\/image\/","url":"https:\/\/flexib.ee\/wp-content\/uploads\/2020\/08\/FLEXIB-2.png","contentUrl":"https:\/\/flexib.ee\/wp-content\/uploads\/2020\/08\/FLEXIB-2.png","width":500,"height":500,"caption":"Flexib H\u00fcdraulika"},"image":{"@id":"https:\/\/flexib.ee\/sv\/#\/schema\/logo\/image\/"}}]}},"_links":{"self":[{"href":"https:\/\/flexib.ee\/sv\/wp-json\/wp\/v2\/product\/1118"}],"collection":[{"href":"https:\/\/flexib.ee\/sv\/wp-json\/wp\/v2\/product"}],"about":[{"href":"https:\/\/flexib.ee\/sv\/wp-json\/wp\/v2\/types\/product"}],"wp:featuredmedia":[{"embeddable":true,"href":"https:\/\/flexib.ee\/sv\/wp-json\/wp\/v2\/media\/26523"}],"wp:attachment":[{"href":"https:\/\/flexib.ee\/sv\/wp-json\/wp\/v2\/media?parent=1118"}],"wp:term":[{"taxonomy":"product_cat","embeddable":true,"href":"https:\/\/flexib.ee\/sv\/wp-json\/wp\/v2\/product_cat?post=1118"},{"taxonomy":"product_tag","embeddable":true,"href":"https:\/\/flexib.ee\/sv\/wp-json\/wp\/v2\/product_tag?post=1118"}],"curies":[{"name":"wp","href":"https:\/\/api.w.org\/{rel}","templated":true}]}}