{"id":1150,"date":"2020-08-17T22:11:21","date_gmt":"2020-08-17T20:11:21","guid":{"rendered":"https:\/\/flexib.ee\/toode\/import-placeholder-for-10184\/"},"modified":"2025-03-17T11:42:11","modified_gmt":"2025-03-17T08:42:11","slug":"kordaja-hudropumbaga-kuni-67l-min","status":"publish","type":"product","link":"https:\/\/www.flexib.ee\/sv\/toode\/kordaja-hudropumbaga-kuni-67l-min\/","title":{"rendered":"Kordaja h\u00fcdropumbaga kuni 67L \/ min"},"content":{"rendered":"<p>Kasutegur s\u00f5ltub kardaanv\u00f5lli kiirusest, millega komplekt on \u00fchendatud.<\/p>\n<p>Mida suurem on j\u00f5uv\u00f5tuv\u00f5lli kiirus, seda t\u00f5husam on pump.<\/p>\n<p>&nbsp;<\/p>\n<p>Komplekti efektiivsus kardaanv\u00f5lli p\u00f6\u00f6rete suhtes:<\/p>\n<p>&#8211; 220 p\/min on j\u00f5uv\u00f5tuv\u00f5ll, v\u00f5imsus 28L\/min<\/p>\n<p>&#8211; 320 p\/min on j\u00f5uv\u00f5tuv\u00f5ll, v\u00f5imsus 40L\/min<\/p>\n<p>&#8211; 430 p\/min on j\u00f5uv\u00f5tuv\u00f5ll, v\u00f5imsus 54L\/min<\/p>\n<p>&#8211; 540 p\/min on j\u00f5uv\u00f5tuv\u00f5ll, v\u00f5imsus 67L\/min<\/p>\n<p>&nbsp;<\/p>\n<p>Komplekti efektiivsus traktori mootori p\u00f6\u00f6rlemiskiiruse suhtes:<\/p>\n<p>&#8211; Mootoril 800 p\/min, v\u00f5imsus 28L\/min<\/p>\n<p>&#8211; Mootoril 1200 p\/min, v\u00f5imsus 40L\/min<\/p>\n<p>&#8211; Mootoril 1600 p\/min, v\u00f5imsus 54L\/min<\/p>\n<p>&#8211; Mootoril 2000 p\/min, v\u00f5imsus 67L\/min<\/p>\n<p>&nbsp;<\/p>\n<p>K\u00c4IK:<\/p>\n<p>&nbsp;<\/p>\n<p>Kordajate suhe: 1:3,8<\/p>\n<p>Kordaja v\u00f5imsus: 20kW<\/p>\n<p>Sisemine pesa, j\u00f5uv\u00f5tuv\u00f5lli standard 1,3\/8&#8243; DIN9611<\/p>\n<p>Maksimaalne sisendkiirus: max 540 p\/min<\/p>\n<p>Maksimaalne v\u00e4ljundkiirus: max 2052 p\u00f6\u00f6ret minutis<\/p>\n<p>Indikaator k\u00e4igukasti \u00f5litaseme kontrollimiseks.<\/p>\n<p>Lubatud \u00fcmbritseva \u00f5hu temperatuur: -40 C kuni +60 C<\/p>\n<p>Vajab t\u00e4itmist k\u00e4igukasti\u00f5liga.<\/p>\n<p>Esmakordsel kasutamisel vahetage \u00f5li p\u00e4rast 50 t\u00f6\u00f6tundi.<\/p>\n<p>&nbsp;<\/p>\n<p>R\u00fchm: 3 (30)<\/p>\n<p>Geomeetriline maht: 33cm3\/p\u00f6\u00f6re<\/p>\n<p>P\u00f6\u00f6rlemissuund: paremale<\/p>\n<p>Maksimaalne p\u00f6\u00f6rlemiskiirus: 2500 p\/min<\/p>\n<p>Maksimaalne t\u00f6\u00f6r\u00f5hk vastavalt tootjale: 230 bar<\/p>\n<p>Selle komplekti kaitseklapi soovitatav maksimaalne seadistus: 190 bar<\/p>\n<p>Keermed: Surve (G1): BSP 3\/4&#8243;; Pealevool (G2): BSP 1&#8243;<\/p>\n<p>Stutserite v\u00e4ljundkeermed: M27x2<\/p>\n","protected":false},"excerpt":{"rendered":"<p>Kasutegur s\u00f5ltub kardaanv\u00f5lli kiirusest, millega komplekt on \u00fchendatud. Mida suurem on j\u00f5uv\u00f5tuv\u00f5lli kiirus, seda t\u00f5husam on pump. &nbsp; Komplekti efektiivsus<\/p>\n","protected":false},"featured_media":8162,"template":"","meta":[],"product_cat":[313],"product_tag":[630,627],"supplier_id":null,"supplier_sku":"","barcode":null,"atum_controlled":true,"out_stock_date":null,"out_stock_threshold":null,"inheritable":false,"inbound_stock":0,"stock_on_hold":0,"sold_today":0,"sales_last_days":0,"reserved_stock":0,"customer_returns":0,"warehouse_damage":0,"lost_in_post":0,"other_logs":0,"out_stock_days":0,"lost_sales":0,"has_location":false,"update_date":"2026-04-08T00:11:27","atum_locations":[],"atum_stock_status":"onbackorder","restock_status":false,"low_stock_amount":"","sales_update_date":"2026-04-08T00:11:27","calc_backorders":-1,"yoast_head":"<!-- This site is optimized with the Yoast SEO plugin v21.0 - https:\/\/yoast.com\/wordpress\/plugins\/seo\/ -->\n<title>Kordaja h\u00fcdropumbaga kuni 67L \/ min - Flexib h\u00fcdraulika<\/title>\n<meta name=\"description\" content=\"Kordaja h\u00fcdropumbaga kuni 67L \/ min - H\u00fcdraulika komponendid, h\u00fcdropumbad, h\u00fcdraulilised jagajad, h\u00fcdrosilindrid, h\u00fcdropumbad, h\u00fcdraulika \u00f5lid ja h\u00fcdromootorid. P\u00f5llumajandus h\u00fcdraulika, h\u00fcdrovoolikud ja h\u00fcdrojaamad.\" \/>\n<meta name=\"robots\" content=\"index, follow, max-snippet:-1, max-image-preview:large, max-video-preview:-1\" \/>\n<link rel=\"canonical\" href=\"https:\/\/www.flexib.ee\/sv\/toode\/kordaja-hudropumbaga-kuni-67l-min\/\" \/>\n<meta property=\"og:locale\" content=\"sv_SE\" \/>\n<meta property=\"og:type\" content=\"article\" \/>\n<meta property=\"og:title\" content=\"Kordaja h\u00fcdropumbaga kuni 67L \/ min - Flexib h\u00fcdraulika\" \/>\n<meta property=\"og:description\" content=\"Kordaja h\u00fcdropumbaga kuni 67L \/ min - H\u00fcdraulika komponendid, h\u00fcdropumbad, h\u00fcdraulilised jagajad, h\u00fcdrosilindrid, h\u00fcdropumbad, h\u00fcdraulika \u00f5lid ja h\u00fcdromootorid. P\u00f5llumajandus h\u00fcdraulika, h\u00fcdrovoolikud ja h\u00fcdrojaamad.\" \/>\n<meta property=\"og:url\" content=\"https:\/\/www.flexib.ee\/sv\/toode\/kordaja-hudropumbaga-kuni-67l-min\/\" \/>\n<meta property=\"og:site_name\" content=\"Flexib h\u00fcdraulika\" \/>\n<meta property=\"article:modified_time\" content=\"2025-03-17T08:42:11+00:00\" \/>\n<meta property=\"og:image\" content=\"https:\/\/www.flexib.ee\/wp-content\/uploads\/2020\/08\/6802.jpg\" \/>\n\t<meta property=\"og:image:width\" content=\"800\" \/>\n\t<meta property=\"og:image:height\" content=\"800\" \/>\n\t<meta property=\"og:image:type\" content=\"image\/jpeg\" \/>\n<meta name=\"twitter:card\" content=\"summary_large_image\" \/>\n<meta name=\"twitter:label1\" content=\"Ber\u00e4knad l\u00e4stid\" \/>\n\t<meta name=\"twitter:data1\" content=\"1 minut\" \/>\n<script type=\"application\/ld+json\" class=\"yoast-schema-graph\">{\"@context\":\"https:\/\/schema.org\",\"@graph\":[{\"@type\":\"WebPage\",\"@id\":\"https:\/\/www.flexib.ee\/sv\/toode\/kordaja-hudropumbaga-kuni-67l-min\/\",\"url\":\"https:\/\/www.flexib.ee\/sv\/toode\/kordaja-hudropumbaga-kuni-67l-min\/\",\"name\":\"Kordaja h\u00fcdropumbaga kuni 67L \/ min - Flexib h\u00fcdraulika\",\"isPartOf\":{\"@id\":\"https:\/\/flexib.ee\/#website\"},\"datePublished\":\"2020-08-17T20:11:21+00:00\",\"dateModified\":\"2025-03-17T08:42:11+00:00\",\"description\":\"Kordaja h\u00fcdropumbaga kuni 67L \/ min - H\u00fcdraulika komponendid, h\u00fcdropumbad, h\u00fcdraulilised jagajad, h\u00fcdrosilindrid, h\u00fcdropumbad, h\u00fcdraulika \u00f5lid ja h\u00fcdromootorid. P\u00f5llumajandus h\u00fcdraulika, h\u00fcdrovoolikud ja h\u00fcdrojaamad.\",\"breadcrumb\":{\"@id\":\"https:\/\/www.flexib.ee\/sv\/toode\/kordaja-hudropumbaga-kuni-67l-min\/#breadcrumb\"},\"inLanguage\":\"sv-SE\",\"potentialAction\":[{\"@type\":\"ReadAction\",\"target\":[\"https:\/\/www.flexib.ee\/sv\/toode\/kordaja-hudropumbaga-kuni-67l-min\/\"]}]},{\"@type\":\"BreadcrumbList\",\"@id\":\"https:\/\/www.flexib.ee\/sv\/toode\/kordaja-hudropumbaga-kuni-67l-min\/#breadcrumb\",\"itemListElement\":[{\"@type\":\"ListItem\",\"position\":1,\"name\":\"Flexib\",\"item\":\"https:\/\/flexib.ee\/\"},{\"@type\":\"ListItem\",\"position\":2,\"name\":\"Butik\",\"item\":\"https:\/\/flexib.ee\/sv\/butik\/\"},{\"@type\":\"ListItem\",\"position\":3,\"name\":\"Kordaja h\u00fcdropumbaga kuni 67L \/ min\"}]},{\"@type\":\"WebSite\",\"@id\":\"https:\/\/flexib.ee\/#website\",\"url\":\"https:\/\/flexib.ee\/\",\"name\":\"Flexib h\u00fcdraulika\",\"description\":\"H\u00fcdraulika tarvikud ja komponendid.\",\"publisher\":{\"@id\":\"https:\/\/flexib.ee\/#organization\"},\"potentialAction\":[{\"@type\":\"SearchAction\",\"target\":{\"@type\":\"EntryPoint\",\"urlTemplate\":\"https:\/\/flexib.ee\/?s={search_term_string}\"},\"query-input\":\"required name=search_term_string\"}],\"inLanguage\":\"sv-SE\"},{\"@type\":\"Organization\",\"@id\":\"https:\/\/flexib.ee\/#organization\",\"name\":\"Flexib H\u00fcdraulika\",\"url\":\"https:\/\/flexib.ee\/\",\"logo\":{\"@type\":\"ImageObject\",\"inLanguage\":\"sv-SE\",\"@id\":\"https:\/\/flexib.ee\/#\/schema\/logo\/image\/\",\"url\":\"https:\/\/flexib.ee\/wp-content\/uploads\/2020\/08\/FLEXIB-2.png\",\"contentUrl\":\"https:\/\/flexib.ee\/wp-content\/uploads\/2020\/08\/FLEXIB-2.png\",\"width\":500,\"height\":500,\"caption\":\"Flexib H\u00fcdraulika\"},\"image\":{\"@id\":\"https:\/\/flexib.ee\/#\/schema\/logo\/image\/\"}}]}<\/script>\n<!-- \/ Yoast SEO plugin. -->","yoast_head_json":{"title":"Kordaja h\u00fcdropumbaga kuni 67L \/ min - Flexib h\u00fcdraulika","description":"Kordaja h\u00fcdropumbaga kuni 67L \/ min - H\u00fcdraulika komponendid, h\u00fcdropumbad, h\u00fcdraulilised jagajad, h\u00fcdrosilindrid, h\u00fcdropumbad, h\u00fcdraulika \u00f5lid ja h\u00fcdromootorid. P\u00f5llumajandus h\u00fcdraulika, h\u00fcdrovoolikud ja h\u00fcdrojaamad.","robots":{"index":"index","follow":"follow","max-snippet":"max-snippet:-1","max-image-preview":"max-image-preview:large","max-video-preview":"max-video-preview:-1"},"canonical":"https:\/\/www.flexib.ee\/sv\/toode\/kordaja-hudropumbaga-kuni-67l-min\/","og_locale":"sv_SE","og_type":"article","og_title":"Kordaja h\u00fcdropumbaga kuni 67L \/ min - Flexib h\u00fcdraulika","og_description":"Kordaja h\u00fcdropumbaga kuni 67L \/ min - H\u00fcdraulika komponendid, h\u00fcdropumbad, h\u00fcdraulilised jagajad, h\u00fcdrosilindrid, h\u00fcdropumbad, h\u00fcdraulika \u00f5lid ja h\u00fcdromootorid. P\u00f5llumajandus h\u00fcdraulika, h\u00fcdrovoolikud ja h\u00fcdrojaamad.","og_url":"https:\/\/www.flexib.ee\/sv\/toode\/kordaja-hudropumbaga-kuni-67l-min\/","og_site_name":"Flexib h\u00fcdraulika","article_modified_time":"2025-03-17T08:42:11+00:00","og_image":[{"width":800,"height":800,"url":"https:\/\/www.flexib.ee\/wp-content\/uploads\/2020\/08\/6802.jpg","type":"image\/jpeg"}],"twitter_card":"summary_large_image","twitter_misc":{"Ber\u00e4knad l\u00e4stid":"1 minut"},"schema":{"@context":"https:\/\/schema.org","@graph":[{"@type":"WebPage","@id":"https:\/\/www.flexib.ee\/sv\/toode\/kordaja-hudropumbaga-kuni-67l-min\/","url":"https:\/\/www.flexib.ee\/sv\/toode\/kordaja-hudropumbaga-kuni-67l-min\/","name":"Kordaja h\u00fcdropumbaga kuni 67L \/ min - Flexib h\u00fcdraulika","isPartOf":{"@id":"https:\/\/flexib.ee\/#website"},"datePublished":"2020-08-17T20:11:21+00:00","dateModified":"2025-03-17T08:42:11+00:00","description":"Kordaja h\u00fcdropumbaga kuni 67L \/ min - H\u00fcdraulika komponendid, h\u00fcdropumbad, h\u00fcdraulilised jagajad, h\u00fcdrosilindrid, h\u00fcdropumbad, h\u00fcdraulika \u00f5lid ja h\u00fcdromootorid. P\u00f5llumajandus h\u00fcdraulika, h\u00fcdrovoolikud ja h\u00fcdrojaamad.","breadcrumb":{"@id":"https:\/\/www.flexib.ee\/sv\/toode\/kordaja-hudropumbaga-kuni-67l-min\/#breadcrumb"},"inLanguage":"sv-SE","potentialAction":[{"@type":"ReadAction","target":["https:\/\/www.flexib.ee\/sv\/toode\/kordaja-hudropumbaga-kuni-67l-min\/"]}]},{"@type":"BreadcrumbList","@id":"https:\/\/www.flexib.ee\/sv\/toode\/kordaja-hudropumbaga-kuni-67l-min\/#breadcrumb","itemListElement":[{"@type":"ListItem","position":1,"name":"Flexib","item":"https:\/\/flexib.ee\/"},{"@type":"ListItem","position":2,"name":"Butik","item":"https:\/\/flexib.ee\/sv\/butik\/"},{"@type":"ListItem","position":3,"name":"Kordaja h\u00fcdropumbaga kuni 67L \/ min"}]},{"@type":"WebSite","@id":"https:\/\/flexib.ee\/#website","url":"https:\/\/flexib.ee\/","name":"Flexib h\u00fcdraulika","description":"H\u00fcdraulika tarvikud ja komponendid.","publisher":{"@id":"https:\/\/flexib.ee\/#organization"},"potentialAction":[{"@type":"SearchAction","target":{"@type":"EntryPoint","urlTemplate":"https:\/\/flexib.ee\/?s={search_term_string}"},"query-input":"required name=search_term_string"}],"inLanguage":"sv-SE"},{"@type":"Organization","@id":"https:\/\/flexib.ee\/#organization","name":"Flexib H\u00fcdraulika","url":"https:\/\/flexib.ee\/","logo":{"@type":"ImageObject","inLanguage":"sv-SE","@id":"https:\/\/flexib.ee\/#\/schema\/logo\/image\/","url":"https:\/\/flexib.ee\/wp-content\/uploads\/2020\/08\/FLEXIB-2.png","contentUrl":"https:\/\/flexib.ee\/wp-content\/uploads\/2020\/08\/FLEXIB-2.png","width":500,"height":500,"caption":"Flexib H\u00fcdraulika"},"image":{"@id":"https:\/\/flexib.ee\/#\/schema\/logo\/image\/"}}]}},"_links":{"self":[{"href":"https:\/\/www.flexib.ee\/sv\/wp-json\/wp\/v2\/product\/1150"}],"collection":[{"href":"https:\/\/www.flexib.ee\/sv\/wp-json\/wp\/v2\/product"}],"about":[{"href":"https:\/\/www.flexib.ee\/sv\/wp-json\/wp\/v2\/types\/product"}],"wp:featuredmedia":[{"embeddable":true,"href":"https:\/\/www.flexib.ee\/sv\/wp-json\/wp\/v2\/media\/8162"}],"wp:attachment":[{"href":"https:\/\/www.flexib.ee\/sv\/wp-json\/wp\/v2\/media?parent=1150"}],"wp:term":[{"taxonomy":"product_cat","embeddable":true,"href":"https:\/\/www.flexib.ee\/sv\/wp-json\/wp\/v2\/product_cat?post=1150"},{"taxonomy":"product_tag","embeddable":true,"href":"https:\/\/www.flexib.ee\/sv\/wp-json\/wp\/v2\/product_tag?post=1150"}],"curies":[{"name":"wp","href":"https:\/\/api.w.org\/{rel}","templated":true}]}}