{"id":11564,"date":"2020-10-30T00:10:42","date_gmt":"2020-10-29T21:10:42","guid":{"rendered":"https:\/\/flexib.ee\/toode\/import-placeholder-for-61579\/"},"modified":"2026-04-11T17:04:31","modified_gmt":"2026-04-11T14:04:31","slug":"olifiltri-votmete-komplekt-30-osaline","status":"publish","type":"product","link":"https:\/\/www.flexib.ee\/sv\/toode\/olifiltri-votmete-komplekt-30-osaline\/","title":{"rendered":"\u00d5lifiltri v\u00f5tmete komplekt 30-osaline"},"content":{"rendered":"","protected":false},"excerpt":{"rendered":"<p>30 pesa komplekt \u00f5lifiltrite lahti kruvimiseks. Sobib enamikule Euroopa, Ameerika ja Aasia turgudel toodetud s\u00f5iduautodele.<\/p>\n<p>Toote omadused<\/p>\n<p>lihtsustab filtrite lahti keeramist ja pingutamist raskesti ligip\u00e4\u00e4setavates kohtades<\/p>\n<p>kohandatud kasutamiseks 3\/8 &#8220;v\u00f5i 1\/2&#8221; padruniga<\/p>\n<p>Komplekti sisu<\/p>\n<p>O-r\u00f5nga mutriv\u00f5ti 65 mm: Daihatsu, Toyota, Nissan, Fiat<\/p>\n<p>Kuuskantmutriv\u00f5ti\u00a0 66 mm: Fiat Punto 1.2, Renault<\/p>\n<p>68 mm 14-punkti mutriv\u00f5ti: Mazda, Ford Escort, Subaru<\/p>\n<p>Mutriv\u00f5ti\u00a0 65\/67 mm 14-punktiline: Daihatsu, Toyota<\/p>\n<p>73 mm 14-punktiline mutriv\u00f5ti: Toyota, Lexus<\/p>\n<p>Mutriv\u00f5ti 74 mm: Audi, GM, Rover, Chrysler<\/p>\n<p>Mutriv\u00f5ti 74\/76 mm 15: Ford, Opel, VW, Audi, Mercedes<\/p>\n<p>75\/77 mm 15-punktiline mutriv\u00f5ti: VW, Audi, Ford, Isuzu, Mercedes, Opel<\/p>\n<p>Mutriv\u00f5ti O 76 mm: Fiat Marea, Lancia Delta<\/p>\n<p>Mutriv\u00f5tii 12 mm: Fiat, Renault, Mercedes<\/p>\n<p>Mutriv\u00f5ti 76 mm: VW, Mercedes, Porsche, BMW, Audi, Opel<\/p>\n<p>30 mm kuuskantmutterv\u00f5ti: Ford, Motorcraft FL400A<\/p>\n<p>78 mm 15-punktiline mutriv\u00f5ti: Nissanile, Fordile, Toyotale<\/p>\n<p>Mutriv\u00f5ti\u00a080 mm: Nissan, Honda, Opel, Mazda<\/p>\n<p>Mutriv\u00f5ti 80\/82 mm: Subaru, Toyota, Honda, Mazda, Nissan<\/p>\n<p>86 mm 16-punktiline mutriv\u00f5ti: Volvo S40 \/ S60 \/ S70 \/ S80<\/p>\n<p>Mutriv\u00f5ti 86 mm 18-punktiliste mutrite jaoks: VW, Audi, Renault, Peugeot, Citroen<\/p>\n<p>90 mm 15-mutriline mutriv\u00f5ti: Subaru, Toyota, Honda, Mazda, Nissan<\/p>\n<p>92 mm 10-punktiline mutriv\u00f5ti: Fiat, Lancia<\/p>\n<p>Mutriv\u00f5ti 93 mm: Mazda, Volvo, Mitsubishi, Nissan, Honda<\/p>\n<p>Mutriv\u00f5ti 93 mm: Ford, mootorratas FLINFLA 1B, FL3001, FL320<\/p>\n<p>Mutriv\u00f5ti 93 mm 45-punktiline: VW, Audi<\/p>\n<p>95 mm 15-punktiline mutriv\u00f5ti: Toyota, Alfa, GM, Ford, Chrysler<\/p>\n<p>Mutriv\u00f5ti 96 mm 18-punktiliste mutrite jaoks: VW, Renault<\/p>\n<p>Mutriv\u00f5ti 100 mm: Isuzu, Mitsubishi<\/p>\n<p>Mutriv\u00f5ti\u00a0 106 mm, 15-punktiline: Fiat Ducato 2.5D<\/p>\n<p>108 mm 15-punkti mutriv\u00f5tit: Volvo Diesel C70 \/ S70 \/ N70 \/ 850 Tdi<\/p>\n<p>108 mm mutriv\u00f5ti: Renault Espace \/ Laguna \/ Master \/ Safrane \/ Traffic 2.4 + 2.5 + 2.8D + Tdi<\/p>\n<p>3\/8 &#8220;kuni 1\/2&#8221; adapter<\/p>\n<p>\u00d5lifiltrite jaoks m\u00f5eldud 65\u2013120 mm pikkune mutriv\u00f5ti<\/p>\n","protected":false},"featured_media":11595,"template":"","meta":[],"product_cat":[954],"product_tag":[1398],"supplier_id":null,"supplier_sku":"","barcode":null,"atum_controlled":true,"out_stock_date":null,"out_stock_threshold":null,"inheritable":false,"inbound_stock":0,"stock_on_hold":0,"sold_today":0,"sales_last_days":0,"reserved_stock":0,"customer_returns":0,"warehouse_damage":0,"lost_in_post":0,"other_logs":0,"out_stock_days":0,"lost_sales":0,"has_location":false,"update_date":"2026-04-11T14:05:07","atum_locations":[],"atum_stock_status":"instock","restock_status":false,"low_stock_amount":"","sales_update_date":"2025-04-28T08:49:50","calc_backorders":null,"yoast_head":"<!-- This site is optimized with the Yoast SEO plugin v21.0 - https:\/\/yoast.com\/wordpress\/plugins\/seo\/ -->\n<title>\u00d5lifiltri v\u00f5tmete komplekt 30-osaline - Flexib h\u00fcdraulika<\/title>\n<meta name=\"description\" content=\"\u00d5lifiltri v\u00f5tmete komplekt 30-osaline - H\u00fcdraulika komponendid, h\u00fcdropumbad, h\u00fcdraulilised jagajad, h\u00fcdrosilindrid, h\u00fcdropumbad, h\u00fcdraulika \u00f5lid ja h\u00fcdromootorid. P\u00f5llumajandus h\u00fcdraulika, h\u00fcdrovoolikud ja h\u00fcdrojaamad.\" \/>\n<meta name=\"robots\" content=\"index, follow, max-snippet:-1, max-image-preview:large, max-video-preview:-1\" \/>\n<link rel=\"canonical\" href=\"https:\/\/www.flexib.ee\/sv\/toode\/olifiltri-votmete-komplekt-30-osaline\/\" \/>\n<meta property=\"og:locale\" content=\"sv_SE\" \/>\n<meta property=\"og:type\" content=\"article\" \/>\n<meta property=\"og:title\" content=\"\u00d5lifiltri v\u00f5tmete komplekt 30-osaline - Flexib h\u00fcdraulika\" \/>\n<meta property=\"og:description\" content=\"\u00d5lifiltri v\u00f5tmete komplekt 30-osaline - H\u00fcdraulika komponendid, h\u00fcdropumbad, h\u00fcdraulilised jagajad, h\u00fcdrosilindrid, h\u00fcdropumbad, h\u00fcdraulika \u00f5lid ja h\u00fcdromootorid. P\u00f5llumajandus h\u00fcdraulika, h\u00fcdrovoolikud ja h\u00fcdrojaamad.\" \/>\n<meta property=\"og:url\" content=\"https:\/\/www.flexib.ee\/sv\/toode\/olifiltri-votmete-komplekt-30-osaline\/\" \/>\n<meta property=\"og:site_name\" content=\"Flexib h\u00fcdraulika\" \/>\n<meta property=\"article:modified_time\" content=\"2026-04-11T14:04:31+00:00\" \/>\n<meta property=\"og:image\" content=\"https:\/\/www.flexib.ee\/wp-content\/uploads\/2020\/10\/2-31.jpg\" \/>\n\t<meta property=\"og:image:width\" content=\"1920\" \/>\n\t<meta property=\"og:image:height\" content=\"1440\" \/>\n\t<meta property=\"og:image:type\" content=\"image\/jpeg\" \/>\n<meta name=\"twitter:card\" content=\"summary_large_image\" \/>\n<script type=\"application\/ld+json\" class=\"yoast-schema-graph\">{\"@context\":\"https:\/\/schema.org\",\"@graph\":[{\"@type\":\"WebPage\",\"@id\":\"https:\/\/www.flexib.ee\/sv\/toode\/olifiltri-votmete-komplekt-30-osaline\/\",\"url\":\"https:\/\/www.flexib.ee\/sv\/toode\/olifiltri-votmete-komplekt-30-osaline\/\",\"name\":\"\u00d5lifiltri v\u00f5tmete komplekt 30-osaline - Flexib h\u00fcdraulika\",\"isPartOf\":{\"@id\":\"https:\/\/flexib.ee\/#website\"},\"datePublished\":\"2020-10-29T21:10:42+00:00\",\"dateModified\":\"2026-04-11T14:04:31+00:00\",\"description\":\"\u00d5lifiltri v\u00f5tmete komplekt 30-osaline - H\u00fcdraulika komponendid, h\u00fcdropumbad, h\u00fcdraulilised jagajad, h\u00fcdrosilindrid, h\u00fcdropumbad, h\u00fcdraulika \u00f5lid ja h\u00fcdromootorid. P\u00f5llumajandus h\u00fcdraulika, h\u00fcdrovoolikud ja h\u00fcdrojaamad.\",\"breadcrumb\":{\"@id\":\"https:\/\/www.flexib.ee\/sv\/toode\/olifiltri-votmete-komplekt-30-osaline\/#breadcrumb\"},\"inLanguage\":\"sv-SE\",\"potentialAction\":[{\"@type\":\"ReadAction\",\"target\":[\"https:\/\/www.flexib.ee\/sv\/toode\/olifiltri-votmete-komplekt-30-osaline\/\"]}]},{\"@type\":\"BreadcrumbList\",\"@id\":\"https:\/\/www.flexib.ee\/sv\/toode\/olifiltri-votmete-komplekt-30-osaline\/#breadcrumb\",\"itemListElement\":[{\"@type\":\"ListItem\",\"position\":1,\"name\":\"Flexib\",\"item\":\"https:\/\/flexib.ee\/\"},{\"@type\":\"ListItem\",\"position\":2,\"name\":\"Butik\",\"item\":\"https:\/\/www.flexib.ee\/sv\/butik\/\"},{\"@type\":\"ListItem\",\"position\":3,\"name\":\"\u00d5lifiltri v\u00f5tmete komplekt 30-osaline\"}]},{\"@type\":\"WebSite\",\"@id\":\"https:\/\/flexib.ee\/#website\",\"url\":\"https:\/\/flexib.ee\/\",\"name\":\"Flexib h\u00fcdraulika\",\"description\":\"H\u00fcdraulika tarvikud ja komponendid.\",\"publisher\":{\"@id\":\"https:\/\/flexib.ee\/#organization\"},\"potentialAction\":[{\"@type\":\"SearchAction\",\"target\":{\"@type\":\"EntryPoint\",\"urlTemplate\":\"https:\/\/flexib.ee\/?s={search_term_string}\"},\"query-input\":\"required name=search_term_string\"}],\"inLanguage\":\"sv-SE\"},{\"@type\":\"Organization\",\"@id\":\"https:\/\/flexib.ee\/#organization\",\"name\":\"Flexib H\u00fcdraulika\",\"url\":\"https:\/\/flexib.ee\/\",\"logo\":{\"@type\":\"ImageObject\",\"inLanguage\":\"sv-SE\",\"@id\":\"https:\/\/flexib.ee\/#\/schema\/logo\/image\/\",\"url\":\"https:\/\/flexib.ee\/wp-content\/uploads\/2020\/08\/FLEXIB-2.png\",\"contentUrl\":\"https:\/\/flexib.ee\/wp-content\/uploads\/2020\/08\/FLEXIB-2.png\",\"width\":500,\"height\":500,\"caption\":\"Flexib H\u00fcdraulika\"},\"image\":{\"@id\":\"https:\/\/flexib.ee\/#\/schema\/logo\/image\/\"}}]}<\/script>\n<!-- \/ Yoast SEO plugin. -->","yoast_head_json":{"title":"\u00d5lifiltri v\u00f5tmete komplekt 30-osaline - Flexib h\u00fcdraulika","description":"\u00d5lifiltri v\u00f5tmete komplekt 30-osaline - H\u00fcdraulika komponendid, h\u00fcdropumbad, h\u00fcdraulilised jagajad, h\u00fcdrosilindrid, h\u00fcdropumbad, h\u00fcdraulika \u00f5lid ja h\u00fcdromootorid. P\u00f5llumajandus h\u00fcdraulika, h\u00fcdrovoolikud ja h\u00fcdrojaamad.","robots":{"index":"index","follow":"follow","max-snippet":"max-snippet:-1","max-image-preview":"max-image-preview:large","max-video-preview":"max-video-preview:-1"},"canonical":"https:\/\/www.flexib.ee\/sv\/toode\/olifiltri-votmete-komplekt-30-osaline\/","og_locale":"sv_SE","og_type":"article","og_title":"\u00d5lifiltri v\u00f5tmete komplekt 30-osaline - Flexib h\u00fcdraulika","og_description":"\u00d5lifiltri v\u00f5tmete komplekt 30-osaline - H\u00fcdraulika komponendid, h\u00fcdropumbad, h\u00fcdraulilised jagajad, h\u00fcdrosilindrid, h\u00fcdropumbad, h\u00fcdraulika \u00f5lid ja h\u00fcdromootorid. P\u00f5llumajandus h\u00fcdraulika, h\u00fcdrovoolikud ja h\u00fcdrojaamad.","og_url":"https:\/\/www.flexib.ee\/sv\/toode\/olifiltri-votmete-komplekt-30-osaline\/","og_site_name":"Flexib h\u00fcdraulika","article_modified_time":"2026-04-11T14:04:31+00:00","og_image":[{"width":1920,"height":1440,"url":"https:\/\/www.flexib.ee\/wp-content\/uploads\/2020\/10\/2-31.jpg","type":"image\/jpeg"}],"twitter_card":"summary_large_image","schema":{"@context":"https:\/\/schema.org","@graph":[{"@type":"WebPage","@id":"https:\/\/www.flexib.ee\/sv\/toode\/olifiltri-votmete-komplekt-30-osaline\/","url":"https:\/\/www.flexib.ee\/sv\/toode\/olifiltri-votmete-komplekt-30-osaline\/","name":"\u00d5lifiltri v\u00f5tmete komplekt 30-osaline - Flexib h\u00fcdraulika","isPartOf":{"@id":"https:\/\/flexib.ee\/#website"},"datePublished":"2020-10-29T21:10:42+00:00","dateModified":"2026-04-11T14:04:31+00:00","description":"\u00d5lifiltri v\u00f5tmete komplekt 30-osaline - H\u00fcdraulika komponendid, h\u00fcdropumbad, h\u00fcdraulilised jagajad, h\u00fcdrosilindrid, h\u00fcdropumbad, h\u00fcdraulika \u00f5lid ja h\u00fcdromootorid. P\u00f5llumajandus h\u00fcdraulika, h\u00fcdrovoolikud ja h\u00fcdrojaamad.","breadcrumb":{"@id":"https:\/\/www.flexib.ee\/sv\/toode\/olifiltri-votmete-komplekt-30-osaline\/#breadcrumb"},"inLanguage":"sv-SE","potentialAction":[{"@type":"ReadAction","target":["https:\/\/www.flexib.ee\/sv\/toode\/olifiltri-votmete-komplekt-30-osaline\/"]}]},{"@type":"BreadcrumbList","@id":"https:\/\/www.flexib.ee\/sv\/toode\/olifiltri-votmete-komplekt-30-osaline\/#breadcrumb","itemListElement":[{"@type":"ListItem","position":1,"name":"Flexib","item":"https:\/\/flexib.ee\/"},{"@type":"ListItem","position":2,"name":"Butik","item":"https:\/\/www.flexib.ee\/sv\/butik\/"},{"@type":"ListItem","position":3,"name":"\u00d5lifiltri v\u00f5tmete komplekt 30-osaline"}]},{"@type":"WebSite","@id":"https:\/\/flexib.ee\/#website","url":"https:\/\/flexib.ee\/","name":"Flexib h\u00fcdraulika","description":"H\u00fcdraulika tarvikud ja komponendid.","publisher":{"@id":"https:\/\/flexib.ee\/#organization"},"potentialAction":[{"@type":"SearchAction","target":{"@type":"EntryPoint","urlTemplate":"https:\/\/flexib.ee\/?s={search_term_string}"},"query-input":"required name=search_term_string"}],"inLanguage":"sv-SE"},{"@type":"Organization","@id":"https:\/\/flexib.ee\/#organization","name":"Flexib H\u00fcdraulika","url":"https:\/\/flexib.ee\/","logo":{"@type":"ImageObject","inLanguage":"sv-SE","@id":"https:\/\/flexib.ee\/#\/schema\/logo\/image\/","url":"https:\/\/flexib.ee\/wp-content\/uploads\/2020\/08\/FLEXIB-2.png","contentUrl":"https:\/\/flexib.ee\/wp-content\/uploads\/2020\/08\/FLEXIB-2.png","width":500,"height":500,"caption":"Flexib H\u00fcdraulika"},"image":{"@id":"https:\/\/flexib.ee\/#\/schema\/logo\/image\/"}}]}},"_links":{"self":[{"href":"https:\/\/www.flexib.ee\/sv\/wp-json\/wp\/v2\/product\/11564"}],"collection":[{"href":"https:\/\/www.flexib.ee\/sv\/wp-json\/wp\/v2\/product"}],"about":[{"href":"https:\/\/www.flexib.ee\/sv\/wp-json\/wp\/v2\/types\/product"}],"wp:featuredmedia":[{"embeddable":true,"href":"https:\/\/www.flexib.ee\/sv\/wp-json\/wp\/v2\/media\/11595"}],"wp:attachment":[{"href":"https:\/\/www.flexib.ee\/sv\/wp-json\/wp\/v2\/media?parent=11564"}],"wp:term":[{"taxonomy":"product_cat","embeddable":true,"href":"https:\/\/www.flexib.ee\/sv\/wp-json\/wp\/v2\/product_cat?post=11564"},{"taxonomy":"product_tag","embeddable":true,"href":"https:\/\/www.flexib.ee\/sv\/wp-json\/wp\/v2\/product_tag?post=11564"}],"curies":[{"name":"wp","href":"https:\/\/api.w.org\/{rel}","templated":true}]}}