{"id":11635,"date":"2020-10-30T00:11:50","date_gmt":"2020-10-29T21:11:50","guid":{"rendered":"https:\/\/flexib.ee\/toode\/import-placeholder-for-62035\/"},"modified":"2026-04-10T22:06:43","modified_gmt":"2026-04-10T19:06:43","slug":"tig-keevitus-jasic-tig200p-mini-ac-dc-pro","status":"publish","type":"product","link":"https:\/\/www.flexib.ee\/sv\/toode\/tig-keevitus-jasic-tig200p-mini-ac-dc-pro\/","title":{"rendered":"Tig Keevitus Jasic TIG200P mini AC\/DC Pro"},"content":{"rendered":"<p>TIG Pulse AC \/ DC inverter keevitus<\/p>\n<p>43 KHz sagedus ja IGBT kaitses\u00fcsteem <br \/>Mikroprotsessori juhtimine <\/p>\n<p>Automaatne seadingute salvestamine<\/p>\n<p>Pulse TIG reguleerimine<\/p>\n<p>Kaare s\u00fc\u00fctes\u00fcsteem HF-start<\/p>\n<p>TIG volframelektrood valiku s\u00fcsteem<\/p>\n<p>AC TIG funktsiooni alumiiniumi ja alumiinium valu detailidele<\/p>\n<p>DC TIG funktsiooni s\u00fcsinikterase, vase ja v\u00e4rviliste metallidele<\/p>\n<p>Juhtmisalgoritmi t\u00f5hustatud MMA keevitusre\u017eiimile<\/p>\n<p>Kvaliteetne kummeeritud viimistlus ja k\u00e4epide <\/p>\n<p>Generaatori s\u00f5bralik keevitus inverter <br \/>Alalisvoolu re\u017eiim:<\/p>\n<p>Teras \/ roostevaba teras kuni 4,8 mm (3\/16 &#8220;)<\/p>\n<p>Vahelduvvoolu re\u017eiim:<\/p>\n<p>Alumiinium kuni 6,4 mm (1\/4 &#8220;)<\/p>\n","protected":false},"excerpt":{"rendered":"<p>> Professionaalsed tulemused on v\u00f5imalikud nii roostevabast terasest, legeerterasest ja s\u00fcsinikterasest kui ka muudest v\u00e4rvilistest metallidest keevitamisel alalisvoolu re\u017eiimis (DC). Vahelduvvoolu (AC) korral on alumiiniumi ja alumiiniumisulamite TIG-keevitamise v\u00f5imalus. TIG 200 Pulse sisaldab uuenduslikku ja kasutajas\u00f5bralikku juhtpaneeli, mis v\u00f5imaldab keevitusparameetreid t\u00e4ielikult juhtida.<\/p>\n<p>> Jasic TIG 200 AC \/ DC v\u00f5imaldab kasutajal m\u00e4\u00e4rata keevitusvoolu ja taustvoolu. Seej\u00e4rel l\u00fclitub masin kahe voolu vahel keevitaja m\u00e4\u00e4ratud kiirusega. See impulssfunktsioon v\u00f5imaldab madalamatel vooludel kasutada sujuvat, pritsmeteta keevitamist. Suurep\u00e4rane funktsioon \u00f5hukeste materjalide keevitamisel, minimeerides liigset kuumenemist ja v\u00e4ltides t\u00f6\u00f6deldava detaili l\u00e4bip\u00f5lemist v\u00f5i deformeerumist.<\/p>\n<p>> Kuuludes Jasic Pro sarja, on antud seadmel IGBT Inverter tehnoloogia, mis t\u00e4hendab, et keevitusseadet v\u00f5ib toita generaator.<br \/>> Mini-inverter JASIC TIG 200P AC \/ DC kompaktne \u00fchefaasiline inverter-keevitus.<\/p>\n<p>> Uuenduslik ja kasutajas\u00f5bralik digitaalne juhtpaneel v\u00f5imaldab seadistada keevitusts\u00fcklit, keevitusre\u017eiime ja funktsioonide salvestust.<\/p>\n<p>> TIG 200 AC \/ DC keevitusaparaadi tehnilised omadused muudavad selle ideaalseks valikuks professionaalse kvalifikatsiooniga TIG-keevitajatele, kes vajavad t\u00e4pset keevitustulemust.<br \/>> Komplektis on Tig p\u00f5leti ja maanduskaabel koos klambriga<\/p>\n<p>> Valikuline: TIG-inverteri keevitusk\u00e4ru ja kaugjuhtimispult.<\/p>\n","protected":false},"featured_media":11688,"template":"","meta":[],"product_cat":[918,1451,1446,1447],"product_tag":[1448,1444,1449],"supplier_id":null,"supplier_sku":"","barcode":null,"atum_controlled":true,"out_stock_date":null,"out_stock_threshold":null,"inheritable":false,"inbound_stock":0,"stock_on_hold":0,"sold_today":0,"sales_last_days":0,"reserved_stock":0,"customer_returns":0,"warehouse_damage":0,"lost_in_post":0,"other_logs":0,"out_stock_days":0,"lost_sales":0,"has_location":false,"update_date":"2026-04-10T19:07:10","atum_locations":[],"atum_stock_status":"onbackorder","restock_status":false,"low_stock_amount":"","sales_update_date":"2025-12-20T10:26:43","calc_backorders":-1,"yoast_head":"<!-- This site is optimized with the Yoast SEO plugin v21.0 - https:\/\/yoast.com\/wordpress\/plugins\/seo\/ -->\n<title>Tig Keevitus Jasic TIG200P mini AC\/DC Pro - Flexib h\u00fcdraulika<\/title>\n<meta name=\"description\" content=\"Tig Keevitus Jasic TIG200P mini AC\/DC Pro - H\u00fcdraulika komponendid, h\u00fcdropumbad, h\u00fcdraulilised jagajad, h\u00fcdrosilindrid, h\u00fcdropumbad, h\u00fcdraulika \u00f5lid ja h\u00fcdromootorid. P\u00f5llumajandus h\u00fcdraulika, h\u00fcdrovoolikud ja h\u00fcdrojaamad.\" \/>\n<meta name=\"robots\" content=\"index, follow, max-snippet:-1, max-image-preview:large, max-video-preview:-1\" \/>\n<link rel=\"canonical\" href=\"https:\/\/www.flexib.ee\/sv\/toode\/tig-keevitus-jasic-tig200p-mini-ac-dc-pro\/\" \/>\n<meta property=\"og:locale\" content=\"sv_SE\" \/>\n<meta property=\"og:type\" content=\"article\" \/>\n<meta property=\"og:title\" content=\"Tig Keevitus Jasic TIG200P mini AC\/DC Pro - Flexib h\u00fcdraulika\" \/>\n<meta property=\"og:description\" content=\"Tig Keevitus Jasic TIG200P mini AC\/DC Pro - H\u00fcdraulika komponendid, h\u00fcdropumbad, h\u00fcdraulilised jagajad, h\u00fcdrosilindrid, h\u00fcdropumbad, h\u00fcdraulika \u00f5lid ja h\u00fcdromootorid. P\u00f5llumajandus h\u00fcdraulika, h\u00fcdrovoolikud ja h\u00fcdrojaamad.\" \/>\n<meta property=\"og:url\" content=\"https:\/\/www.flexib.ee\/sv\/toode\/tig-keevitus-jasic-tig200p-mini-ac-dc-pro\/\" \/>\n<meta property=\"og:site_name\" content=\"Flexib h\u00fcdraulika\" \/>\n<meta property=\"article:modified_time\" content=\"2026-04-10T19:06:43+00:00\" \/>\n<meta property=\"og:image\" content=\"https:\/\/flexib.ee\/wp-content\/uploads\/2020\/10\/Keevitusseade-TIG-Jasic-200-Digi.jpg\" \/>\n\t<meta property=\"og:image:width\" content=\"625\" \/>\n\t<meta property=\"og:image:height\" content=\"351\" \/>\n\t<meta property=\"og:image:type\" content=\"image\/jpeg\" \/>\n<meta name=\"twitter:card\" content=\"summary_large_image\" \/>\n<script type=\"application\/ld+json\" class=\"yoast-schema-graph\">{\"@context\":\"https:\/\/schema.org\",\"@graph\":[{\"@type\":\"WebPage\",\"@id\":\"https:\/\/www.flexib.ee\/sv\/toode\/tig-keevitus-jasic-tig200p-mini-ac-dc-pro\/\",\"url\":\"https:\/\/www.flexib.ee\/sv\/toode\/tig-keevitus-jasic-tig200p-mini-ac-dc-pro\/\",\"name\":\"Tig Keevitus Jasic TIG200P mini AC\/DC Pro - Flexib h\u00fcdraulika\",\"isPartOf\":{\"@id\":\"https:\/\/flexib.ee\/#website\"},\"datePublished\":\"2020-10-29T21:11:50+00:00\",\"dateModified\":\"2026-04-10T19:06:43+00:00\",\"description\":\"Tig Keevitus Jasic TIG200P mini AC\/DC Pro - H\u00fcdraulika komponendid, h\u00fcdropumbad, h\u00fcdraulilised jagajad, h\u00fcdrosilindrid, h\u00fcdropumbad, h\u00fcdraulika \u00f5lid ja h\u00fcdromootorid. P\u00f5llumajandus h\u00fcdraulika, h\u00fcdrovoolikud ja h\u00fcdrojaamad.\",\"breadcrumb\":{\"@id\":\"https:\/\/www.flexib.ee\/sv\/toode\/tig-keevitus-jasic-tig200p-mini-ac-dc-pro\/#breadcrumb\"},\"inLanguage\":\"sv-SE\",\"potentialAction\":[{\"@type\":\"ReadAction\",\"target\":[\"https:\/\/www.flexib.ee\/sv\/toode\/tig-keevitus-jasic-tig200p-mini-ac-dc-pro\/\"]}]},{\"@type\":\"BreadcrumbList\",\"@id\":\"https:\/\/www.flexib.ee\/sv\/toode\/tig-keevitus-jasic-tig200p-mini-ac-dc-pro\/#breadcrumb\",\"itemListElement\":[{\"@type\":\"ListItem\",\"position\":1,\"name\":\"Flexib\",\"item\":\"https:\/\/flexib.ee\/\"},{\"@type\":\"ListItem\",\"position\":2,\"name\":\"Butik\",\"item\":\"https:\/\/flexib.ee\/sv\/butik\/\"},{\"@type\":\"ListItem\",\"position\":3,\"name\":\"Tig Keevitus Jasic TIG200P mini AC\/DC Pro\"}]},{\"@type\":\"WebSite\",\"@id\":\"https:\/\/flexib.ee\/#website\",\"url\":\"https:\/\/flexib.ee\/\",\"name\":\"Flexib h\u00fcdraulika\",\"description\":\"H\u00fcdraulika tarvikud ja komponendid.\",\"publisher\":{\"@id\":\"https:\/\/flexib.ee\/#organization\"},\"potentialAction\":[{\"@type\":\"SearchAction\",\"target\":{\"@type\":\"EntryPoint\",\"urlTemplate\":\"https:\/\/flexib.ee\/?s={search_term_string}\"},\"query-input\":\"required name=search_term_string\"}],\"inLanguage\":\"sv-SE\"},{\"@type\":\"Organization\",\"@id\":\"https:\/\/flexib.ee\/#organization\",\"name\":\"Flexib H\u00fcdraulika\",\"url\":\"https:\/\/flexib.ee\/\",\"logo\":{\"@type\":\"ImageObject\",\"inLanguage\":\"sv-SE\",\"@id\":\"https:\/\/flexib.ee\/#\/schema\/logo\/image\/\",\"url\":\"https:\/\/flexib.ee\/wp-content\/uploads\/2020\/08\/FLEXIB-2.png\",\"contentUrl\":\"https:\/\/flexib.ee\/wp-content\/uploads\/2020\/08\/FLEXIB-2.png\",\"width\":500,\"height\":500,\"caption\":\"Flexib H\u00fcdraulika\"},\"image\":{\"@id\":\"https:\/\/flexib.ee\/#\/schema\/logo\/image\/\"}}]}<\/script>\n<!-- \/ Yoast SEO plugin. -->","yoast_head_json":{"title":"Tig Keevitus Jasic TIG200P mini AC\/DC Pro - Flexib h\u00fcdraulika","description":"Tig Keevitus Jasic TIG200P mini AC\/DC Pro - H\u00fcdraulika komponendid, h\u00fcdropumbad, h\u00fcdraulilised jagajad, h\u00fcdrosilindrid, h\u00fcdropumbad, h\u00fcdraulika \u00f5lid ja h\u00fcdromootorid. P\u00f5llumajandus h\u00fcdraulika, h\u00fcdrovoolikud ja h\u00fcdrojaamad.","robots":{"index":"index","follow":"follow","max-snippet":"max-snippet:-1","max-image-preview":"max-image-preview:large","max-video-preview":"max-video-preview:-1"},"canonical":"https:\/\/www.flexib.ee\/sv\/toode\/tig-keevitus-jasic-tig200p-mini-ac-dc-pro\/","og_locale":"sv_SE","og_type":"article","og_title":"Tig Keevitus Jasic TIG200P mini AC\/DC Pro - Flexib h\u00fcdraulika","og_description":"Tig Keevitus Jasic TIG200P mini AC\/DC Pro - H\u00fcdraulika komponendid, h\u00fcdropumbad, h\u00fcdraulilised jagajad, h\u00fcdrosilindrid, h\u00fcdropumbad, h\u00fcdraulika \u00f5lid ja h\u00fcdromootorid. P\u00f5llumajandus h\u00fcdraulika, h\u00fcdrovoolikud ja h\u00fcdrojaamad.","og_url":"https:\/\/www.flexib.ee\/sv\/toode\/tig-keevitus-jasic-tig200p-mini-ac-dc-pro\/","og_site_name":"Flexib h\u00fcdraulika","article_modified_time":"2026-04-10T19:06:43+00:00","og_image":[{"width":625,"height":351,"url":"https:\/\/flexib.ee\/wp-content\/uploads\/2020\/10\/Keevitusseade-TIG-Jasic-200-Digi.jpg","type":"image\/jpeg"}],"twitter_card":"summary_large_image","schema":{"@context":"https:\/\/schema.org","@graph":[{"@type":"WebPage","@id":"https:\/\/www.flexib.ee\/sv\/toode\/tig-keevitus-jasic-tig200p-mini-ac-dc-pro\/","url":"https:\/\/www.flexib.ee\/sv\/toode\/tig-keevitus-jasic-tig200p-mini-ac-dc-pro\/","name":"Tig Keevitus Jasic TIG200P mini AC\/DC Pro - Flexib h\u00fcdraulika","isPartOf":{"@id":"https:\/\/flexib.ee\/#website"},"datePublished":"2020-10-29T21:11:50+00:00","dateModified":"2026-04-10T19:06:43+00:00","description":"Tig Keevitus Jasic TIG200P mini AC\/DC Pro - H\u00fcdraulika komponendid, h\u00fcdropumbad, h\u00fcdraulilised jagajad, h\u00fcdrosilindrid, h\u00fcdropumbad, h\u00fcdraulika \u00f5lid ja h\u00fcdromootorid. P\u00f5llumajandus h\u00fcdraulika, h\u00fcdrovoolikud ja h\u00fcdrojaamad.","breadcrumb":{"@id":"https:\/\/www.flexib.ee\/sv\/toode\/tig-keevitus-jasic-tig200p-mini-ac-dc-pro\/#breadcrumb"},"inLanguage":"sv-SE","potentialAction":[{"@type":"ReadAction","target":["https:\/\/www.flexib.ee\/sv\/toode\/tig-keevitus-jasic-tig200p-mini-ac-dc-pro\/"]}]},{"@type":"BreadcrumbList","@id":"https:\/\/www.flexib.ee\/sv\/toode\/tig-keevitus-jasic-tig200p-mini-ac-dc-pro\/#breadcrumb","itemListElement":[{"@type":"ListItem","position":1,"name":"Flexib","item":"https:\/\/flexib.ee\/"},{"@type":"ListItem","position":2,"name":"Butik","item":"https:\/\/flexib.ee\/sv\/butik\/"},{"@type":"ListItem","position":3,"name":"Tig Keevitus Jasic TIG200P mini AC\/DC Pro"}]},{"@type":"WebSite","@id":"https:\/\/flexib.ee\/#website","url":"https:\/\/flexib.ee\/","name":"Flexib h\u00fcdraulika","description":"H\u00fcdraulika tarvikud ja komponendid.","publisher":{"@id":"https:\/\/flexib.ee\/#organization"},"potentialAction":[{"@type":"SearchAction","target":{"@type":"EntryPoint","urlTemplate":"https:\/\/flexib.ee\/?s={search_term_string}"},"query-input":"required name=search_term_string"}],"inLanguage":"sv-SE"},{"@type":"Organization","@id":"https:\/\/flexib.ee\/#organization","name":"Flexib H\u00fcdraulika","url":"https:\/\/flexib.ee\/","logo":{"@type":"ImageObject","inLanguage":"sv-SE","@id":"https:\/\/flexib.ee\/#\/schema\/logo\/image\/","url":"https:\/\/flexib.ee\/wp-content\/uploads\/2020\/08\/FLEXIB-2.png","contentUrl":"https:\/\/flexib.ee\/wp-content\/uploads\/2020\/08\/FLEXIB-2.png","width":500,"height":500,"caption":"Flexib H\u00fcdraulika"},"image":{"@id":"https:\/\/flexib.ee\/#\/schema\/logo\/image\/"}}]}},"_links":{"self":[{"href":"https:\/\/www.flexib.ee\/sv\/wp-json\/wp\/v2\/product\/11635"}],"collection":[{"href":"https:\/\/www.flexib.ee\/sv\/wp-json\/wp\/v2\/product"}],"about":[{"href":"https:\/\/www.flexib.ee\/sv\/wp-json\/wp\/v2\/types\/product"}],"wp:featuredmedia":[{"embeddable":true,"href":"https:\/\/www.flexib.ee\/sv\/wp-json\/wp\/v2\/media\/11688"}],"wp:attachment":[{"href":"https:\/\/www.flexib.ee\/sv\/wp-json\/wp\/v2\/media?parent=11635"}],"wp:term":[{"taxonomy":"product_cat","embeddable":true,"href":"https:\/\/www.flexib.ee\/sv\/wp-json\/wp\/v2\/product_cat?post=11635"},{"taxonomy":"product_tag","embeddable":true,"href":"https:\/\/www.flexib.ee\/sv\/wp-json\/wp\/v2\/product_tag?post=11635"}],"curies":[{"name":"wp","href":"https:\/\/api.w.org\/{rel}","templated":true}]}}