{"id":11638,"date":"2020-10-30T00:11:50","date_gmt":"2020-10-29T21:11:50","guid":{"rendered":"https:\/\/flexib.ee\/toode\/import-placeholder-for-62038\/"},"modified":"2026-04-16T16:40:03","modified_gmt":"2026-04-16T13:40:03","slug":"inverterkeevitus-mma-tig-jasic-arc-160a-pro","status":"publish","type":"product","link":"https:\/\/www.flexib.ee\/sv\/toode\/inverterkeevitus-mma-tig-jasic-arc-160a-pro\/","title":{"rendered":"Inverterkeevitus MMA\/TIG Jasic Arc 160A Pro"},"content":{"rendered":"<p>Elektroodkeevitus- Anti-Stick + Lift TIG<\/p>\n<p>33 KHz sagedus, suure t\u00f5hususega<\/p>\n<p>Adaptiivne keevituskaar<\/p>\n<p>VRD kaits\u00fcsteem <br \/>PFC s\u00fcsteem tagab energiat\u00f5husa t\u00f6\u00f6<\/p>\n<p>Kraapega k\u00e4ivitus TIG re\u017eiimil<\/p>\n<p>Kompaktne, kerge ja kaasaegne keevitusseade<\/p>\n<p>Automaatne pinge tasakaalustamine<\/p>\n<p>Kvaliteetne kummist viimistlus ja k\u00e4epide<br \/>\n<br \/>*P\u00f5leti ja kaablite komplekt on saadaval eraldi, vali enda vajadusel sobilik MMA v\u00f5i TIG p\u00f5leti keevitustarvikute kategooriast<\/p>\n","protected":false},"excerpt":{"rendered":"<p>> Jasic Arc 160 MMA elektrod inverterkeevitus on varustatud uusima IGBT tehnoloogia ja mono PCB-ga, et parandada t\u00f5husust.<br \/>\n> See \u00fchefaasiline inverterkeevitus on \u00e4\u00e4rmiselt kasutajas\u00f5bralik ning pakub usaldusv\u00e4\u00e4rset ja j\u00e4rjepidevat j\u00f5udlust.<\/p>\n<p>> Arc 160 pakub ka DC TIG-keevitamise funktsionaalsust, mist\u00f5ttu on see ideaalne valik garaa\u017ei ja t\u00f6\u00f6kotta.<br \/>>Jasic Pro Arc MMA inverter on kompaktne ja kerge masin, mis kaalub vaid 4,7 kg. 160 amprine t\u00f6\u00f6ts\u00fckkel 35% juures v\u00f5imaldab kasutada kuni 4,0 mm elektroode.<br \/>Kuumk\u00e4ivitus on mugav funktsioon, mis suurendab ajutiselt v\u00e4ljundvoolu keevitamise alustamise ajal. See hetkeline v\u00f5imsuse suurenemine aitab s\u00fcttida ning k\u00e4ivitab kaare kiirelt ja effektiivselt. Kuumk\u00e4ivitus tagab suurep\u00e4rase kaares\u00fcttimise, mis aitab \u00e4ra hoida elektroodi kleepumist ja seega v\u00e4ltida keevis\u00f5mbluse defekte.<\/p>\n<p>>Jasic-inverteritel on sertifitseeritud ISO 9001 kvaliteedijuhtimiss\u00fcsteem ja tootevalik, mis vastab t\u00e4ielikult CE, RoHS, C-TICK, CSA ja CCC standarditele.<\/p>\n","protected":false},"featured_media":11695,"template":"","meta":[],"product_cat":[918,1450,1451,1446,1447],"product_tag":[1452,1448,1444,1449],"supplier_id":null,"supplier_sku":"","barcode":null,"atum_controlled":true,"out_stock_date":"2026-04-16 16:40:03","out_stock_threshold":null,"inheritable":false,"inbound_stock":0,"stock_on_hold":0,"sold_today":0,"sales_last_days":0,"reserved_stock":0,"customer_returns":0,"warehouse_damage":0,"lost_in_post":0,"other_logs":0,"out_stock_days":0,"lost_sales":0,"has_location":false,"update_date":"2026-04-16T13:40:03","atum_locations":[],"atum_stock_status":"onbackorder","restock_status":false,"low_stock_amount":"","sales_update_date":"2025-12-20T10:26:43","calc_backorders":0,"yoast_head":"<!-- This site is optimized with the Yoast SEO plugin v21.0 - https:\/\/yoast.com\/wordpress\/plugins\/seo\/ -->\n<title>Inverterkeevitus MMA\/TIG Jasic Arc 160A Pro - Flexib h\u00fcdraulika<\/title>\n<meta name=\"description\" content=\"Inverterkeevitus MMA\/TIG Jasic Arc 160A Pro - H\u00fcdraulika komponendid, h\u00fcdropumbad, h\u00fcdraulilised jagajad, h\u00fcdrosilindrid, h\u00fcdropumbad, h\u00fcdraulika \u00f5lid ja h\u00fcdromootorid. P\u00f5llumajandus h\u00fcdraulika, h\u00fcdrovoolikud ja h\u00fcdrojaamad.\" \/>\n<meta name=\"robots\" content=\"index, follow, max-snippet:-1, max-image-preview:large, max-video-preview:-1\" \/>\n<link rel=\"canonical\" href=\"https:\/\/www.flexib.ee\/sv\/toode\/inverterkeevitus-mma-tig-jasic-arc-160a-pro\/\" \/>\n<meta property=\"og:locale\" content=\"sv_SE\" \/>\n<meta property=\"og:type\" content=\"article\" \/>\n<meta property=\"og:title\" content=\"Inverterkeevitus MMA\/TIG Jasic Arc 160A Pro - Flexib h\u00fcdraulika\" \/>\n<meta property=\"og:description\" content=\"Inverterkeevitus MMA\/TIG Jasic Arc 160A Pro - H\u00fcdraulika komponendid, h\u00fcdropumbad, h\u00fcdraulilised jagajad, h\u00fcdrosilindrid, h\u00fcdropumbad, h\u00fcdraulika \u00f5lid ja h\u00fcdromootorid. P\u00f5llumajandus h\u00fcdraulika, h\u00fcdrovoolikud ja h\u00fcdrojaamad.\" \/>\n<meta property=\"og:url\" content=\"https:\/\/www.flexib.ee\/sv\/toode\/inverterkeevitus-mma-tig-jasic-arc-160a-pro\/\" \/>\n<meta property=\"og:site_name\" content=\"Flexib h\u00fcdraulika\" \/>\n<meta property=\"article:modified_time\" content=\"2026-04-16T13:40:03+00:00\" \/>\n<meta property=\"og:image\" content=\"https:\/\/flexib.ee\/wp-content\/uploads\/2020\/10\/Keevitusseade-MMATIG-Jasic-160-.jpg\" \/>\n\t<meta property=\"og:image:width\" content=\"720\" \/>\n\t<meta property=\"og:image:height\" content=\"720\" \/>\n\t<meta property=\"og:image:type\" content=\"image\/jpeg\" \/>\n<meta name=\"twitter:card\" content=\"summary_large_image\" \/>\n<script type=\"application\/ld+json\" class=\"yoast-schema-graph\">{\"@context\":\"https:\/\/schema.org\",\"@graph\":[{\"@type\":\"WebPage\",\"@id\":\"https:\/\/www.flexib.ee\/sv\/toode\/inverterkeevitus-mma-tig-jasic-arc-160a-pro\/\",\"url\":\"https:\/\/www.flexib.ee\/sv\/toode\/inverterkeevitus-mma-tig-jasic-arc-160a-pro\/\",\"name\":\"Inverterkeevitus MMA\/TIG Jasic Arc 160A Pro - Flexib h\u00fcdraulika\",\"isPartOf\":{\"@id\":\"https:\/\/flexib.ee\/#website\"},\"datePublished\":\"2020-10-29T21:11:50+00:00\",\"dateModified\":\"2026-04-16T13:40:03+00:00\",\"description\":\"Inverterkeevitus MMA\/TIG Jasic Arc 160A Pro - H\u00fcdraulika komponendid, h\u00fcdropumbad, h\u00fcdraulilised jagajad, h\u00fcdrosilindrid, h\u00fcdropumbad, h\u00fcdraulika \u00f5lid ja h\u00fcdromootorid. P\u00f5llumajandus h\u00fcdraulika, h\u00fcdrovoolikud ja h\u00fcdrojaamad.\",\"breadcrumb\":{\"@id\":\"https:\/\/www.flexib.ee\/sv\/toode\/inverterkeevitus-mma-tig-jasic-arc-160a-pro\/#breadcrumb\"},\"inLanguage\":\"sv-SE\",\"potentialAction\":[{\"@type\":\"ReadAction\",\"target\":[\"https:\/\/www.flexib.ee\/sv\/toode\/inverterkeevitus-mma-tig-jasic-arc-160a-pro\/\"]}]},{\"@type\":\"BreadcrumbList\",\"@id\":\"https:\/\/www.flexib.ee\/sv\/toode\/inverterkeevitus-mma-tig-jasic-arc-160a-pro\/#breadcrumb\",\"itemListElement\":[{\"@type\":\"ListItem\",\"position\":1,\"name\":\"Flexib\",\"item\":\"https:\/\/flexib.ee\/\"},{\"@type\":\"ListItem\",\"position\":2,\"name\":\"Butik\",\"item\":\"https:\/\/flexib.ee\/sv\/butik\/\"},{\"@type\":\"ListItem\",\"position\":3,\"name\":\"Inverterkeevitus MMA\/TIG Jasic Arc 160A Pro\"}]},{\"@type\":\"WebSite\",\"@id\":\"https:\/\/flexib.ee\/#website\",\"url\":\"https:\/\/flexib.ee\/\",\"name\":\"Flexib h\u00fcdraulika\",\"description\":\"H\u00fcdraulika tarvikud ja komponendid.\",\"publisher\":{\"@id\":\"https:\/\/flexib.ee\/#organization\"},\"potentialAction\":[{\"@type\":\"SearchAction\",\"target\":{\"@type\":\"EntryPoint\",\"urlTemplate\":\"https:\/\/flexib.ee\/?s={search_term_string}\"},\"query-input\":\"required name=search_term_string\"}],\"inLanguage\":\"sv-SE\"},{\"@type\":\"Organization\",\"@id\":\"https:\/\/flexib.ee\/#organization\",\"name\":\"Flexib H\u00fcdraulika\",\"url\":\"https:\/\/flexib.ee\/\",\"logo\":{\"@type\":\"ImageObject\",\"inLanguage\":\"sv-SE\",\"@id\":\"https:\/\/flexib.ee\/#\/schema\/logo\/image\/\",\"url\":\"https:\/\/flexib.ee\/wp-content\/uploads\/2020\/08\/FLEXIB-2.png\",\"contentUrl\":\"https:\/\/flexib.ee\/wp-content\/uploads\/2020\/08\/FLEXIB-2.png\",\"width\":500,\"height\":500,\"caption\":\"Flexib H\u00fcdraulika\"},\"image\":{\"@id\":\"https:\/\/flexib.ee\/#\/schema\/logo\/image\/\"}}]}<\/script>\n<!-- \/ Yoast SEO plugin. -->","yoast_head_json":{"title":"Inverterkeevitus MMA\/TIG Jasic Arc 160A Pro - Flexib h\u00fcdraulika","description":"Inverterkeevitus MMA\/TIG Jasic Arc 160A Pro - H\u00fcdraulika komponendid, h\u00fcdropumbad, h\u00fcdraulilised jagajad, h\u00fcdrosilindrid, h\u00fcdropumbad, h\u00fcdraulika \u00f5lid ja h\u00fcdromootorid. P\u00f5llumajandus h\u00fcdraulika, h\u00fcdrovoolikud ja h\u00fcdrojaamad.","robots":{"index":"index","follow":"follow","max-snippet":"max-snippet:-1","max-image-preview":"max-image-preview:large","max-video-preview":"max-video-preview:-1"},"canonical":"https:\/\/www.flexib.ee\/sv\/toode\/inverterkeevitus-mma-tig-jasic-arc-160a-pro\/","og_locale":"sv_SE","og_type":"article","og_title":"Inverterkeevitus MMA\/TIG Jasic Arc 160A Pro - Flexib h\u00fcdraulika","og_description":"Inverterkeevitus MMA\/TIG Jasic Arc 160A Pro - H\u00fcdraulika komponendid, h\u00fcdropumbad, h\u00fcdraulilised jagajad, h\u00fcdrosilindrid, h\u00fcdropumbad, h\u00fcdraulika \u00f5lid ja h\u00fcdromootorid. P\u00f5llumajandus h\u00fcdraulika, h\u00fcdrovoolikud ja h\u00fcdrojaamad.","og_url":"https:\/\/www.flexib.ee\/sv\/toode\/inverterkeevitus-mma-tig-jasic-arc-160a-pro\/","og_site_name":"Flexib h\u00fcdraulika","article_modified_time":"2026-04-16T13:40:03+00:00","og_image":[{"width":720,"height":720,"url":"https:\/\/flexib.ee\/wp-content\/uploads\/2020\/10\/Keevitusseade-MMATIG-Jasic-160-.jpg","type":"image\/jpeg"}],"twitter_card":"summary_large_image","schema":{"@context":"https:\/\/schema.org","@graph":[{"@type":"WebPage","@id":"https:\/\/www.flexib.ee\/sv\/toode\/inverterkeevitus-mma-tig-jasic-arc-160a-pro\/","url":"https:\/\/www.flexib.ee\/sv\/toode\/inverterkeevitus-mma-tig-jasic-arc-160a-pro\/","name":"Inverterkeevitus MMA\/TIG Jasic Arc 160A Pro - Flexib h\u00fcdraulika","isPartOf":{"@id":"https:\/\/flexib.ee\/#website"},"datePublished":"2020-10-29T21:11:50+00:00","dateModified":"2026-04-16T13:40:03+00:00","description":"Inverterkeevitus MMA\/TIG Jasic Arc 160A Pro - H\u00fcdraulika komponendid, h\u00fcdropumbad, h\u00fcdraulilised jagajad, h\u00fcdrosilindrid, h\u00fcdropumbad, h\u00fcdraulika \u00f5lid ja h\u00fcdromootorid. P\u00f5llumajandus h\u00fcdraulika, h\u00fcdrovoolikud ja h\u00fcdrojaamad.","breadcrumb":{"@id":"https:\/\/www.flexib.ee\/sv\/toode\/inverterkeevitus-mma-tig-jasic-arc-160a-pro\/#breadcrumb"},"inLanguage":"sv-SE","potentialAction":[{"@type":"ReadAction","target":["https:\/\/www.flexib.ee\/sv\/toode\/inverterkeevitus-mma-tig-jasic-arc-160a-pro\/"]}]},{"@type":"BreadcrumbList","@id":"https:\/\/www.flexib.ee\/sv\/toode\/inverterkeevitus-mma-tig-jasic-arc-160a-pro\/#breadcrumb","itemListElement":[{"@type":"ListItem","position":1,"name":"Flexib","item":"https:\/\/flexib.ee\/"},{"@type":"ListItem","position":2,"name":"Butik","item":"https:\/\/flexib.ee\/sv\/butik\/"},{"@type":"ListItem","position":3,"name":"Inverterkeevitus MMA\/TIG Jasic Arc 160A Pro"}]},{"@type":"WebSite","@id":"https:\/\/flexib.ee\/#website","url":"https:\/\/flexib.ee\/","name":"Flexib h\u00fcdraulika","description":"H\u00fcdraulika tarvikud ja komponendid.","publisher":{"@id":"https:\/\/flexib.ee\/#organization"},"potentialAction":[{"@type":"SearchAction","target":{"@type":"EntryPoint","urlTemplate":"https:\/\/flexib.ee\/?s={search_term_string}"},"query-input":"required name=search_term_string"}],"inLanguage":"sv-SE"},{"@type":"Organization","@id":"https:\/\/flexib.ee\/#organization","name":"Flexib H\u00fcdraulika","url":"https:\/\/flexib.ee\/","logo":{"@type":"ImageObject","inLanguage":"sv-SE","@id":"https:\/\/flexib.ee\/#\/schema\/logo\/image\/","url":"https:\/\/flexib.ee\/wp-content\/uploads\/2020\/08\/FLEXIB-2.png","contentUrl":"https:\/\/flexib.ee\/wp-content\/uploads\/2020\/08\/FLEXIB-2.png","width":500,"height":500,"caption":"Flexib H\u00fcdraulika"},"image":{"@id":"https:\/\/flexib.ee\/#\/schema\/logo\/image\/"}}]}},"_links":{"self":[{"href":"https:\/\/www.flexib.ee\/sv\/wp-json\/wp\/v2\/product\/11638"}],"collection":[{"href":"https:\/\/www.flexib.ee\/sv\/wp-json\/wp\/v2\/product"}],"about":[{"href":"https:\/\/www.flexib.ee\/sv\/wp-json\/wp\/v2\/types\/product"}],"wp:featuredmedia":[{"embeddable":true,"href":"https:\/\/www.flexib.ee\/sv\/wp-json\/wp\/v2\/media\/11695"}],"wp:attachment":[{"href":"https:\/\/www.flexib.ee\/sv\/wp-json\/wp\/v2\/media?parent=11638"}],"wp:term":[{"taxonomy":"product_cat","embeddable":true,"href":"https:\/\/www.flexib.ee\/sv\/wp-json\/wp\/v2\/product_cat?post=11638"},{"taxonomy":"product_tag","embeddable":true,"href":"https:\/\/www.flexib.ee\/sv\/wp-json\/wp\/v2\/product_tag?post=11638"}],"curies":[{"name":"wp","href":"https:\/\/api.w.org\/{rel}","templated":true}]}}