{"id":11990,"date":"2021-02-02T17:22:45","date_gmt":"2021-02-02T14:22:45","guid":{"rendered":"https:\/\/flexib.ee\/toode\/kaigukasti-tostuk-500kg-2\/"},"modified":"2026-04-07T18:36:34","modified_gmt":"2026-04-07T15:36:34","slug":"kaigukasti-tostuk-500kg-2","status":"publish","type":"product","link":"https:\/\/www.flexib.ee\/sv\/toode\/kaigukasti-tostuk-500kg-2\/","title":{"rendered":"K\u00e4igukasti t\u00f5stuk 500kg"},"content":{"rendered":"<p>K\u00e4igukastit\u00f5stuk t\u00f6\u00f6tab nii k\u00e4igukastide, mootori osade kui ka ajami t\u00f5stmisel\/toetamisel\/langetamisel.<\/p>\n<p>Kindel t\u00f6\u00f6.<br \/>\nTugevatele metallelementidele ja vastupidavatele keevis\u00f5mblustele tuginedes tagab k\u00e4igukastit\u00f5stuk pika ja probleemivaba t\u00f6\u00f6. <br \/>\nMugav liikumine t\u00e4nu 70mm kuullaagritega ratastele.<\/p>\n<p>Jalgpedaal &#8211; lihtne t\u00f6\u00f6<br \/>\nt\u00f5stetakse jalgpumba abil ja langetatakse p\u00e4rast ergonoomilises kohas &#8220;k\u00e4eulatuses&#8221; asuva nupu vabastamist.<\/p>\n<p>T\u00f6\u00f6ulatus T\u00f6\u00f6 t\u00f5steelemendi ulatus on 1055\u20131855 mm, mis v\u00f5imaldab t\u00f5stetud osa h\u00f5lpsasti reguleerida enamiku autode jaoks.<\/p>\n","protected":false},"excerpt":{"rendered":"<p>K\u00e4igukastit\u00f5stuk t\u00f6\u00f6tab nii k\u00e4igukastide, mootori osade kui ka ajami t\u00f5stmisel\/toetamisel\/langetamisel. Kindel t\u00f6\u00f6. Tugevatele metallelementidele ja vastupidavatele keevis\u00f5mblustele tuginedes tagab k\u00e4igukastit\u00f5stuk<\/p>\n","protected":false},"featured_media":11987,"template":"","meta":[],"product_cat":[1509,954],"product_tag":[],"supplier_id":null,"supplier_sku":"","barcode":null,"atum_controlled":true,"out_stock_date":null,"out_stock_threshold":null,"inheritable":false,"inbound_stock":0,"stock_on_hold":0,"sold_today":0,"sales_last_days":0,"reserved_stock":0,"customer_returns":0,"warehouse_damage":0,"lost_in_post":0,"other_logs":0,"out_stock_days":0,"lost_sales":0,"has_location":false,"update_date":"2026-04-07T15:37:08","atum_locations":[],"atum_stock_status":"instock","restock_status":false,"low_stock_amount":"","sales_update_date":"2025-07-11T09:18:29","calc_backorders":null,"yoast_head":"<!-- This site is optimized with the Yoast SEO plugin v21.0 - https:\/\/yoast.com\/wordpress\/plugins\/seo\/ -->\n<title>K\u00e4igukasti t\u00f5stuk 500kg - Flexib h\u00fcdraulika<\/title>\n<meta name=\"description\" content=\"K\u00e4igukasti t\u00f5stuk 500kg - H\u00fcdraulika komponendid, h\u00fcdropumbad, h\u00fcdraulilised jagajad, h\u00fcdrosilindrid, h\u00fcdropumbad, h\u00fcdraulika \u00f5lid ja h\u00fcdromootorid. P\u00f5llumajandus h\u00fcdraulika, h\u00fcdrovoolikud ja h\u00fcdrojaamad.\" \/>\n<meta name=\"robots\" content=\"index, follow, max-snippet:-1, max-image-preview:large, max-video-preview:-1\" \/>\n<link rel=\"canonical\" href=\"https:\/\/www.flexib.ee\/sv\/toode\/kaigukasti-tostuk-500kg-2\/\" \/>\n<meta property=\"og:locale\" content=\"sv_SE\" \/>\n<meta property=\"og:type\" content=\"article\" \/>\n<meta property=\"og:title\" content=\"K\u00e4igukasti t\u00f5stuk 500kg - Flexib h\u00fcdraulika\" \/>\n<meta property=\"og:description\" content=\"K\u00e4igukasti t\u00f5stuk 500kg - H\u00fcdraulika komponendid, h\u00fcdropumbad, h\u00fcdraulilised jagajad, h\u00fcdrosilindrid, h\u00fcdropumbad, h\u00fcdraulika \u00f5lid ja h\u00fcdromootorid. P\u00f5llumajandus h\u00fcdraulika, h\u00fcdrovoolikud ja h\u00fcdrojaamad.\" \/>\n<meta property=\"og:url\" content=\"https:\/\/www.flexib.ee\/sv\/toode\/kaigukasti-tostuk-500kg-2\/\" \/>\n<meta property=\"og:site_name\" content=\"Flexib h\u00fcdraulika\" \/>\n<meta property=\"article:modified_time\" content=\"2026-04-07T15:36:34+00:00\" \/>\n<meta property=\"og:image\" content=\"https:\/\/flexib.ee\/wp-content\/uploads\/2021\/02\/pol_pl_Podnosnik-do-Skrzyni-Biegow-Silnika-500kg-REDATS-H-220-3015_10.jpg\" \/>\n\t<meta property=\"og:image:width\" content=\"1100\" \/>\n\t<meta property=\"og:image:height\" content=\"1008\" \/>\n\t<meta property=\"og:image:type\" content=\"image\/jpeg\" \/>\n<meta name=\"twitter:card\" content=\"summary_large_image\" \/>\n<script type=\"application\/ld+json\" class=\"yoast-schema-graph\">{\"@context\":\"https:\/\/schema.org\",\"@graph\":[{\"@type\":\"WebPage\",\"@id\":\"https:\/\/www.flexib.ee\/sv\/toode\/kaigukasti-tostuk-500kg-2\/\",\"url\":\"https:\/\/www.flexib.ee\/sv\/toode\/kaigukasti-tostuk-500kg-2\/\",\"name\":\"K\u00e4igukasti t\u00f5stuk 500kg - Flexib h\u00fcdraulika\",\"isPartOf\":{\"@id\":\"https:\/\/flexib.ee\/#website\"},\"datePublished\":\"2021-02-02T14:22:45+00:00\",\"dateModified\":\"2026-04-07T15:36:34+00:00\",\"description\":\"K\u00e4igukasti t\u00f5stuk 500kg - H\u00fcdraulika komponendid, h\u00fcdropumbad, h\u00fcdraulilised jagajad, h\u00fcdrosilindrid, h\u00fcdropumbad, h\u00fcdraulika \u00f5lid ja h\u00fcdromootorid. P\u00f5llumajandus h\u00fcdraulika, h\u00fcdrovoolikud ja h\u00fcdrojaamad.\",\"breadcrumb\":{\"@id\":\"https:\/\/www.flexib.ee\/sv\/toode\/kaigukasti-tostuk-500kg-2\/#breadcrumb\"},\"inLanguage\":\"sv-SE\",\"potentialAction\":[{\"@type\":\"ReadAction\",\"target\":[\"https:\/\/www.flexib.ee\/sv\/toode\/kaigukasti-tostuk-500kg-2\/\"]}]},{\"@type\":\"BreadcrumbList\",\"@id\":\"https:\/\/www.flexib.ee\/sv\/toode\/kaigukasti-tostuk-500kg-2\/#breadcrumb\",\"itemListElement\":[{\"@type\":\"ListItem\",\"position\":1,\"name\":\"Flexib\",\"item\":\"https:\/\/flexib.ee\/\"},{\"@type\":\"ListItem\",\"position\":2,\"name\":\"Butik\",\"item\":\"https:\/\/flexib.ee\/sv\/butik\/\"},{\"@type\":\"ListItem\",\"position\":3,\"name\":\"K\u00e4igukasti t\u00f5stuk 500kg\"}]},{\"@type\":\"WebSite\",\"@id\":\"https:\/\/flexib.ee\/#website\",\"url\":\"https:\/\/flexib.ee\/\",\"name\":\"Flexib h\u00fcdraulika\",\"description\":\"H\u00fcdraulika tarvikud ja komponendid.\",\"publisher\":{\"@id\":\"https:\/\/flexib.ee\/#organization\"},\"potentialAction\":[{\"@type\":\"SearchAction\",\"target\":{\"@type\":\"EntryPoint\",\"urlTemplate\":\"https:\/\/flexib.ee\/?s={search_term_string}\"},\"query-input\":\"required name=search_term_string\"}],\"inLanguage\":\"sv-SE\"},{\"@type\":\"Organization\",\"@id\":\"https:\/\/flexib.ee\/#organization\",\"name\":\"Flexib H\u00fcdraulika\",\"url\":\"https:\/\/flexib.ee\/\",\"logo\":{\"@type\":\"ImageObject\",\"inLanguage\":\"sv-SE\",\"@id\":\"https:\/\/flexib.ee\/#\/schema\/logo\/image\/\",\"url\":\"https:\/\/flexib.ee\/wp-content\/uploads\/2020\/08\/FLEXIB-2.png\",\"contentUrl\":\"https:\/\/flexib.ee\/wp-content\/uploads\/2020\/08\/FLEXIB-2.png\",\"width\":500,\"height\":500,\"caption\":\"Flexib H\u00fcdraulika\"},\"image\":{\"@id\":\"https:\/\/flexib.ee\/#\/schema\/logo\/image\/\"}}]}<\/script>\n<!-- \/ Yoast SEO plugin. -->","yoast_head_json":{"title":"K\u00e4igukasti t\u00f5stuk 500kg - Flexib h\u00fcdraulika","description":"K\u00e4igukasti t\u00f5stuk 500kg - H\u00fcdraulika komponendid, h\u00fcdropumbad, h\u00fcdraulilised jagajad, h\u00fcdrosilindrid, h\u00fcdropumbad, h\u00fcdraulika \u00f5lid ja h\u00fcdromootorid. P\u00f5llumajandus h\u00fcdraulika, h\u00fcdrovoolikud ja h\u00fcdrojaamad.","robots":{"index":"index","follow":"follow","max-snippet":"max-snippet:-1","max-image-preview":"max-image-preview:large","max-video-preview":"max-video-preview:-1"},"canonical":"https:\/\/www.flexib.ee\/sv\/toode\/kaigukasti-tostuk-500kg-2\/","og_locale":"sv_SE","og_type":"article","og_title":"K\u00e4igukasti t\u00f5stuk 500kg - Flexib h\u00fcdraulika","og_description":"K\u00e4igukasti t\u00f5stuk 500kg - H\u00fcdraulika komponendid, h\u00fcdropumbad, h\u00fcdraulilised jagajad, h\u00fcdrosilindrid, h\u00fcdropumbad, h\u00fcdraulika \u00f5lid ja h\u00fcdromootorid. P\u00f5llumajandus h\u00fcdraulika, h\u00fcdrovoolikud ja h\u00fcdrojaamad.","og_url":"https:\/\/www.flexib.ee\/sv\/toode\/kaigukasti-tostuk-500kg-2\/","og_site_name":"Flexib h\u00fcdraulika","article_modified_time":"2026-04-07T15:36:34+00:00","og_image":[{"width":1100,"height":1008,"url":"https:\/\/flexib.ee\/wp-content\/uploads\/2021\/02\/pol_pl_Podnosnik-do-Skrzyni-Biegow-Silnika-500kg-REDATS-H-220-3015_10.jpg","type":"image\/jpeg"}],"twitter_card":"summary_large_image","schema":{"@context":"https:\/\/schema.org","@graph":[{"@type":"WebPage","@id":"https:\/\/www.flexib.ee\/sv\/toode\/kaigukasti-tostuk-500kg-2\/","url":"https:\/\/www.flexib.ee\/sv\/toode\/kaigukasti-tostuk-500kg-2\/","name":"K\u00e4igukasti t\u00f5stuk 500kg - Flexib h\u00fcdraulika","isPartOf":{"@id":"https:\/\/flexib.ee\/#website"},"datePublished":"2021-02-02T14:22:45+00:00","dateModified":"2026-04-07T15:36:34+00:00","description":"K\u00e4igukasti t\u00f5stuk 500kg - H\u00fcdraulika komponendid, h\u00fcdropumbad, h\u00fcdraulilised jagajad, h\u00fcdrosilindrid, h\u00fcdropumbad, h\u00fcdraulika \u00f5lid ja h\u00fcdromootorid. P\u00f5llumajandus h\u00fcdraulika, h\u00fcdrovoolikud ja h\u00fcdrojaamad.","breadcrumb":{"@id":"https:\/\/www.flexib.ee\/sv\/toode\/kaigukasti-tostuk-500kg-2\/#breadcrumb"},"inLanguage":"sv-SE","potentialAction":[{"@type":"ReadAction","target":["https:\/\/www.flexib.ee\/sv\/toode\/kaigukasti-tostuk-500kg-2\/"]}]},{"@type":"BreadcrumbList","@id":"https:\/\/www.flexib.ee\/sv\/toode\/kaigukasti-tostuk-500kg-2\/#breadcrumb","itemListElement":[{"@type":"ListItem","position":1,"name":"Flexib","item":"https:\/\/flexib.ee\/"},{"@type":"ListItem","position":2,"name":"Butik","item":"https:\/\/flexib.ee\/sv\/butik\/"},{"@type":"ListItem","position":3,"name":"K\u00e4igukasti t\u00f5stuk 500kg"}]},{"@type":"WebSite","@id":"https:\/\/flexib.ee\/#website","url":"https:\/\/flexib.ee\/","name":"Flexib h\u00fcdraulika","description":"H\u00fcdraulika tarvikud ja komponendid.","publisher":{"@id":"https:\/\/flexib.ee\/#organization"},"potentialAction":[{"@type":"SearchAction","target":{"@type":"EntryPoint","urlTemplate":"https:\/\/flexib.ee\/?s={search_term_string}"},"query-input":"required name=search_term_string"}],"inLanguage":"sv-SE"},{"@type":"Organization","@id":"https:\/\/flexib.ee\/#organization","name":"Flexib H\u00fcdraulika","url":"https:\/\/flexib.ee\/","logo":{"@type":"ImageObject","inLanguage":"sv-SE","@id":"https:\/\/flexib.ee\/#\/schema\/logo\/image\/","url":"https:\/\/flexib.ee\/wp-content\/uploads\/2020\/08\/FLEXIB-2.png","contentUrl":"https:\/\/flexib.ee\/wp-content\/uploads\/2020\/08\/FLEXIB-2.png","width":500,"height":500,"caption":"Flexib H\u00fcdraulika"},"image":{"@id":"https:\/\/flexib.ee\/#\/schema\/logo\/image\/"}}]}},"_links":{"self":[{"href":"https:\/\/www.flexib.ee\/sv\/wp-json\/wp\/v2\/product\/11990"}],"collection":[{"href":"https:\/\/www.flexib.ee\/sv\/wp-json\/wp\/v2\/product"}],"about":[{"href":"https:\/\/www.flexib.ee\/sv\/wp-json\/wp\/v2\/types\/product"}],"wp:featuredmedia":[{"embeddable":true,"href":"https:\/\/www.flexib.ee\/sv\/wp-json\/wp\/v2\/media\/11987"}],"wp:attachment":[{"href":"https:\/\/www.flexib.ee\/sv\/wp-json\/wp\/v2\/media?parent=11990"}],"wp:term":[{"taxonomy":"product_cat","embeddable":true,"href":"https:\/\/www.flexib.ee\/sv\/wp-json\/wp\/v2\/product_cat?post=11990"},{"taxonomy":"product_tag","embeddable":true,"href":"https:\/\/www.flexib.ee\/sv\/wp-json\/wp\/v2\/product_tag?post=11990"}],"curies":[{"name":"wp","href":"https:\/\/api.w.org\/{rel}","templated":true}]}}