{"id":14042,"date":"2023-05-29T12:55:09","date_gmt":"2023-05-29T09:55:09","guid":{"rendered":"https:\/\/flexib.ee\/?post_type=product&#038;p=14042"},"modified":"2023-05-29T12:55:51","modified_gmt":"2023-05-29T09:55:51","slug":"cetop-1-sektsiooniline-hudrojagaja-elektriliselt-juhitav-12v-50l-min","status":"publish","type":"product","link":"https:\/\/www.flexib.ee\/sv\/toode\/cetop-1-sektsiooniline-hudrojagaja-elektriliselt-juhitav-12v-50l-min\/","title":{"rendered":"CETOP 1-sektsiooniline h\u00fcdrojagaja, elektriliselt juhitav 12V 50l\/min"},"content":{"rendered":"<p>Kogu kollektoril on neli h\u00fcdroporti:<\/p>\n<p>K: toiteallikaks on pump<\/p>\n<p>T: tagasi paaki<\/p>\n<p>A ja B: v\u00e4ljund silindrisse v\u00f5i h\u00fcdromootorisse.<\/p>\n<p>&nbsp;<\/p>\n<p>Varustatud k\u00f5igi vajalike \u00fchendustega,<\/p>\n<p>M18x1,5. (vajadusel on v\u00f5imalik adaptereid vahetada)<\/p>\n<p>&nbsp;<\/p>\n<p>Maksimaalne toiter\u00f5hk: 250 baari<\/p>\n<p>Maksimaalne tagasivoolu r\u00f5hk: 50 baari<\/p>\n<p>Maksimaalne r\u00f5hk sektsioonidele: 300 baari<\/p>\n<p>&nbsp;<\/p>\n<p>\u00dclevooluventiil on tehases seatud 175 baarile<\/p>\n<p>&nbsp;<\/p>\n<p>Sobivus elektrilise joystick juhtkangi v\u00f5i juhtpaneelidega.<\/p>\n<blockquote class=\"wp-embedded-content\" data-secret=\"9T4yixRdKr\"><p><a href=\"https:\/\/flexib.ee\/toode\/elektriline-joystick\/\">Elektriline Joystick<\/a><\/p><\/blockquote>\n<p><iframe class=\"wp-embedded-content\" sandbox=\"allow-scripts\" security=\"restricted\" style=\"position: absolute; clip: rect(1px, 1px, 1px, 1px);\" title=\"&#8220;Elektriline Joystick&#8221; &#8212; Flexib h\u00fcdraulika\" src=\"https:\/\/flexib.ee\/toode\/elektriline-joystick\/embed\/#?secret=wwoO13Xl3W#?secret=9T4yixRdKr\" data-secret=\"9T4yixRdKr\" width=\"500\" height=\"282\" frameborder=\"0\" marginwidth=\"0\" marginheight=\"0\" scrolling=\"no\"><\/iframe><\/p>\n<p>&nbsp;<\/p>\n","protected":false},"excerpt":{"rendered":"<p>Kogu kollektoril on neli h\u00fcdroporti: K: toiteallikaks on pump T: tagasi paaki A ja B: v\u00e4ljund silindrisse v\u00f5i h\u00fcdromootorisse. &nbsp;<\/p>\n","protected":false},"featured_media":14039,"template":"","meta":[],"product_cat":[122,193,195],"product_tag":[532,531],"supplier_id":null,"supplier_sku":"","barcode":null,"atum_controlled":true,"out_stock_date":"2023-05-29 09:55:09","out_stock_threshold":null,"inheritable":false,"inbound_stock":0,"stock_on_hold":0,"sold_today":0,"sales_last_days":0,"reserved_stock":0,"customer_returns":0,"warehouse_damage":0,"lost_in_post":0,"other_logs":0,"out_stock_days":1042,"lost_sales":0,"has_location":false,"update_date":"2026-04-06T00:11:13","atum_locations":[],"atum_stock_status":"onbackorder","restock_status":false,"low_stock_amount":"","sales_update_date":"2026-04-06T00:11:13","calc_backorders":0,"yoast_head":"<!-- This site is optimized with the Yoast SEO plugin v21.0 - https:\/\/yoast.com\/wordpress\/plugins\/seo\/ -->\n<title>CETOP 1-sektsiooniline h\u00fcdrojagaja, elektriliselt juhitav 12V 50l\/min - Flexib h\u00fcdraulika<\/title>\n<meta name=\"description\" content=\"CETOP 1-sektsiooniline h\u00fcdrojagaja, elektriliselt juhitav 12V 50l\/min - H\u00fcdraulika komponendid, h\u00fcdropumbad, h\u00fcdraulilised jagajad, h\u00fcdrosilindrid, h\u00fcdropumbad, h\u00fcdraulika \u00f5lid ja h\u00fcdromootorid. P\u00f5llumajandus h\u00fcdraulika, h\u00fcdrovoolikud ja h\u00fcdrojaamad.\" \/>\n<meta name=\"robots\" content=\"index, follow, max-snippet:-1, max-image-preview:large, max-video-preview:-1\" \/>\n<link rel=\"canonical\" href=\"https:\/\/www.flexib.ee\/sv\/toode\/cetop-1-sektsiooniline-hudrojagaja-elektriliselt-juhitav-12v-50l-min\/\" \/>\n<meta property=\"og:locale\" content=\"sv_SE\" \/>\n<meta property=\"og:type\" content=\"article\" \/>\n<meta property=\"og:title\" content=\"CETOP 1-sektsiooniline h\u00fcdrojagaja, elektriliselt juhitav 12V 50l\/min - Flexib h\u00fcdraulika\" \/>\n<meta property=\"og:description\" content=\"CETOP 1-sektsiooniline h\u00fcdrojagaja, elektriliselt juhitav 12V 50l\/min - H\u00fcdraulika komponendid, h\u00fcdropumbad, h\u00fcdraulilised jagajad, h\u00fcdrosilindrid, h\u00fcdropumbad, h\u00fcdraulika \u00f5lid ja h\u00fcdromootorid. P\u00f5llumajandus h\u00fcdraulika, h\u00fcdrovoolikud ja h\u00fcdrojaamad.\" \/>\n<meta property=\"og:url\" content=\"https:\/\/www.flexib.ee\/sv\/toode\/cetop-1-sektsiooniline-hudrojagaja-elektriliselt-juhitav-12v-50l-min\/\" \/>\n<meta property=\"og:site_name\" content=\"Flexib h\u00fcdraulika\" \/>\n<meta property=\"article:modified_time\" content=\"2023-05-29T09:55:51+00:00\" \/>\n<meta property=\"og:image\" content=\"https:\/\/flexib.ee\/wp-content\/uploads\/2023\/05\/cetop-230V.jpg\" \/>\n\t<meta property=\"og:image:width\" content=\"800\" \/>\n\t<meta property=\"og:image:height\" content=\"800\" \/>\n\t<meta property=\"og:image:type\" content=\"image\/jpeg\" \/>\n<meta name=\"twitter:card\" content=\"summary_large_image\" \/>\n<meta name=\"twitter:label1\" content=\"Ber\u00e4knad l\u00e4stid\" \/>\n\t<meta name=\"twitter:data1\" content=\"1 minut\" \/>\n<script type=\"application\/ld+json\" class=\"yoast-schema-graph\">{\"@context\":\"https:\/\/schema.org\",\"@graph\":[{\"@type\":\"WebPage\",\"@id\":\"https:\/\/www.flexib.ee\/sv\/toode\/cetop-1-sektsiooniline-hudrojagaja-elektriliselt-juhitav-12v-50l-min\/\",\"url\":\"https:\/\/www.flexib.ee\/sv\/toode\/cetop-1-sektsiooniline-hudrojagaja-elektriliselt-juhitav-12v-50l-min\/\",\"name\":\"CETOP 1-sektsiooniline h\u00fcdrojagaja, elektriliselt juhitav 12V 50l\/min - Flexib h\u00fcdraulika\",\"isPartOf\":{\"@id\":\"https:\/\/flexib.ee\/sv\/#website\"},\"datePublished\":\"2023-05-29T09:55:09+00:00\",\"dateModified\":\"2023-05-29T09:55:51+00:00\",\"description\":\"CETOP 1-sektsiooniline h\u00fcdrojagaja, elektriliselt juhitav 12V 50l\/min - H\u00fcdraulika komponendid, h\u00fcdropumbad, h\u00fcdraulilised jagajad, h\u00fcdrosilindrid, h\u00fcdropumbad, h\u00fcdraulika \u00f5lid ja h\u00fcdromootorid. P\u00f5llumajandus h\u00fcdraulika, h\u00fcdrovoolikud ja h\u00fcdrojaamad.\",\"breadcrumb\":{\"@id\":\"https:\/\/www.flexib.ee\/sv\/toode\/cetop-1-sektsiooniline-hudrojagaja-elektriliselt-juhitav-12v-50l-min\/#breadcrumb\"},\"inLanguage\":\"sv-SE\",\"potentialAction\":[{\"@type\":\"ReadAction\",\"target\":[\"https:\/\/www.flexib.ee\/sv\/toode\/cetop-1-sektsiooniline-hudrojagaja-elektriliselt-juhitav-12v-50l-min\/\"]}]},{\"@type\":\"BreadcrumbList\",\"@id\":\"https:\/\/www.flexib.ee\/sv\/toode\/cetop-1-sektsiooniline-hudrojagaja-elektriliselt-juhitav-12v-50l-min\/#breadcrumb\",\"itemListElement\":[{\"@type\":\"ListItem\",\"position\":1,\"name\":\"Flexib\",\"item\":\"https:\/\/flexib.ee\/sv\/\"},{\"@type\":\"ListItem\",\"position\":2,\"name\":\"Butik\",\"item\":\"https:\/\/flexib.ee\/sv\/butik\/\"},{\"@type\":\"ListItem\",\"position\":3,\"name\":\"CETOP 1-sektsiooniline h\u00fcdrojagaja, elektriliselt juhitav 12V 50l\/min\"}]},{\"@type\":\"WebSite\",\"@id\":\"https:\/\/flexib.ee\/sv\/#website\",\"url\":\"https:\/\/flexib.ee\/sv\/\",\"name\":\"Flexib h\u00fcdraulika\",\"description\":\"H\u00fcdraulika tarvikud ja komponendid.\",\"publisher\":{\"@id\":\"https:\/\/flexib.ee\/sv\/#organization\"},\"potentialAction\":[{\"@type\":\"SearchAction\",\"target\":{\"@type\":\"EntryPoint\",\"urlTemplate\":\"https:\/\/flexib.ee\/sv\/?s={search_term_string}\"},\"query-input\":\"required name=search_term_string\"}],\"inLanguage\":\"sv-SE\"},{\"@type\":\"Organization\",\"@id\":\"https:\/\/flexib.ee\/sv\/#organization\",\"name\":\"Flexib H\u00fcdraulika\",\"url\":\"https:\/\/flexib.ee\/sv\/\",\"logo\":{\"@type\":\"ImageObject\",\"inLanguage\":\"sv-SE\",\"@id\":\"https:\/\/flexib.ee\/sv\/#\/schema\/logo\/image\/\",\"url\":\"https:\/\/flexib.ee\/wp-content\/uploads\/2020\/08\/FLEXIB-2.png\",\"contentUrl\":\"https:\/\/flexib.ee\/wp-content\/uploads\/2020\/08\/FLEXIB-2.png\",\"width\":500,\"height\":500,\"caption\":\"Flexib H\u00fcdraulika\"},\"image\":{\"@id\":\"https:\/\/flexib.ee\/sv\/#\/schema\/logo\/image\/\"}}]}<\/script>\n<!-- \/ Yoast SEO plugin. -->","yoast_head_json":{"title":"CETOP 1-sektsiooniline h\u00fcdrojagaja, elektriliselt juhitav 12V 50l\/min - Flexib h\u00fcdraulika","description":"CETOP 1-sektsiooniline h\u00fcdrojagaja, elektriliselt juhitav 12V 50l\/min - H\u00fcdraulika komponendid, h\u00fcdropumbad, h\u00fcdraulilised jagajad, h\u00fcdrosilindrid, h\u00fcdropumbad, h\u00fcdraulika \u00f5lid ja h\u00fcdromootorid. P\u00f5llumajandus h\u00fcdraulika, h\u00fcdrovoolikud ja h\u00fcdrojaamad.","robots":{"index":"index","follow":"follow","max-snippet":"max-snippet:-1","max-image-preview":"max-image-preview:large","max-video-preview":"max-video-preview:-1"},"canonical":"https:\/\/www.flexib.ee\/sv\/toode\/cetop-1-sektsiooniline-hudrojagaja-elektriliselt-juhitav-12v-50l-min\/","og_locale":"sv_SE","og_type":"article","og_title":"CETOP 1-sektsiooniline h\u00fcdrojagaja, elektriliselt juhitav 12V 50l\/min - Flexib h\u00fcdraulika","og_description":"CETOP 1-sektsiooniline h\u00fcdrojagaja, elektriliselt juhitav 12V 50l\/min - H\u00fcdraulika komponendid, h\u00fcdropumbad, h\u00fcdraulilised jagajad, h\u00fcdrosilindrid, h\u00fcdropumbad, h\u00fcdraulika \u00f5lid ja h\u00fcdromootorid. P\u00f5llumajandus h\u00fcdraulika, h\u00fcdrovoolikud ja h\u00fcdrojaamad.","og_url":"https:\/\/www.flexib.ee\/sv\/toode\/cetop-1-sektsiooniline-hudrojagaja-elektriliselt-juhitav-12v-50l-min\/","og_site_name":"Flexib h\u00fcdraulika","article_modified_time":"2023-05-29T09:55:51+00:00","og_image":[{"width":800,"height":800,"url":"https:\/\/flexib.ee\/wp-content\/uploads\/2023\/05\/cetop-230V.jpg","type":"image\/jpeg"}],"twitter_card":"summary_large_image","twitter_misc":{"Ber\u00e4knad l\u00e4stid":"1 minut"},"schema":{"@context":"https:\/\/schema.org","@graph":[{"@type":"WebPage","@id":"https:\/\/www.flexib.ee\/sv\/toode\/cetop-1-sektsiooniline-hudrojagaja-elektriliselt-juhitav-12v-50l-min\/","url":"https:\/\/www.flexib.ee\/sv\/toode\/cetop-1-sektsiooniline-hudrojagaja-elektriliselt-juhitav-12v-50l-min\/","name":"CETOP 1-sektsiooniline h\u00fcdrojagaja, elektriliselt juhitav 12V 50l\/min - Flexib h\u00fcdraulika","isPartOf":{"@id":"https:\/\/flexib.ee\/sv\/#website"},"datePublished":"2023-05-29T09:55:09+00:00","dateModified":"2023-05-29T09:55:51+00:00","description":"CETOP 1-sektsiooniline h\u00fcdrojagaja, elektriliselt juhitav 12V 50l\/min - H\u00fcdraulika komponendid, h\u00fcdropumbad, h\u00fcdraulilised jagajad, h\u00fcdrosilindrid, h\u00fcdropumbad, h\u00fcdraulika \u00f5lid ja h\u00fcdromootorid. P\u00f5llumajandus h\u00fcdraulika, h\u00fcdrovoolikud ja h\u00fcdrojaamad.","breadcrumb":{"@id":"https:\/\/www.flexib.ee\/sv\/toode\/cetop-1-sektsiooniline-hudrojagaja-elektriliselt-juhitav-12v-50l-min\/#breadcrumb"},"inLanguage":"sv-SE","potentialAction":[{"@type":"ReadAction","target":["https:\/\/www.flexib.ee\/sv\/toode\/cetop-1-sektsiooniline-hudrojagaja-elektriliselt-juhitav-12v-50l-min\/"]}]},{"@type":"BreadcrumbList","@id":"https:\/\/www.flexib.ee\/sv\/toode\/cetop-1-sektsiooniline-hudrojagaja-elektriliselt-juhitav-12v-50l-min\/#breadcrumb","itemListElement":[{"@type":"ListItem","position":1,"name":"Flexib","item":"https:\/\/flexib.ee\/sv\/"},{"@type":"ListItem","position":2,"name":"Butik","item":"https:\/\/flexib.ee\/sv\/butik\/"},{"@type":"ListItem","position":3,"name":"CETOP 1-sektsiooniline h\u00fcdrojagaja, elektriliselt juhitav 12V 50l\/min"}]},{"@type":"WebSite","@id":"https:\/\/flexib.ee\/sv\/#website","url":"https:\/\/flexib.ee\/sv\/","name":"Flexib h\u00fcdraulika","description":"H\u00fcdraulika tarvikud ja komponendid.","publisher":{"@id":"https:\/\/flexib.ee\/sv\/#organization"},"potentialAction":[{"@type":"SearchAction","target":{"@type":"EntryPoint","urlTemplate":"https:\/\/flexib.ee\/sv\/?s={search_term_string}"},"query-input":"required name=search_term_string"}],"inLanguage":"sv-SE"},{"@type":"Organization","@id":"https:\/\/flexib.ee\/sv\/#organization","name":"Flexib H\u00fcdraulika","url":"https:\/\/flexib.ee\/sv\/","logo":{"@type":"ImageObject","inLanguage":"sv-SE","@id":"https:\/\/flexib.ee\/sv\/#\/schema\/logo\/image\/","url":"https:\/\/flexib.ee\/wp-content\/uploads\/2020\/08\/FLEXIB-2.png","contentUrl":"https:\/\/flexib.ee\/wp-content\/uploads\/2020\/08\/FLEXIB-2.png","width":500,"height":500,"caption":"Flexib H\u00fcdraulika"},"image":{"@id":"https:\/\/flexib.ee\/sv\/#\/schema\/logo\/image\/"}}]}},"_links":{"self":[{"href":"https:\/\/www.flexib.ee\/sv\/wp-json\/wp\/v2\/product\/14042"}],"collection":[{"href":"https:\/\/www.flexib.ee\/sv\/wp-json\/wp\/v2\/product"}],"about":[{"href":"https:\/\/www.flexib.ee\/sv\/wp-json\/wp\/v2\/types\/product"}],"wp:featuredmedia":[{"embeddable":true,"href":"https:\/\/www.flexib.ee\/sv\/wp-json\/wp\/v2\/media\/14039"}],"wp:attachment":[{"href":"https:\/\/www.flexib.ee\/sv\/wp-json\/wp\/v2\/media?parent=14042"}],"wp:term":[{"taxonomy":"product_cat","embeddable":true,"href":"https:\/\/www.flexib.ee\/sv\/wp-json\/wp\/v2\/product_cat?post=14042"},{"taxonomy":"product_tag","embeddable":true,"href":"https:\/\/www.flexib.ee\/sv\/wp-json\/wp\/v2\/product_tag?post=14042"}],"curies":[{"name":"wp","href":"https:\/\/api.w.org\/{rel}","templated":true}]}}