{"id":1483,"date":"2020-08-17T22:15:14","date_gmt":"2020-08-17T20:15:14","guid":{"rendered":"https:\/\/flexib.ee\/toode\/import-placeholder-for-10849\/"},"modified":"2022-04-13T12:05:07","modified_gmt":"2022-04-13T09:05:07","slug":"hudropump-kolbpump-kahesuunaline-xpi63","status":"publish","type":"product","link":"https:\/\/www.flexib.ee\/sv\/toode\/hudropump-kolbpump-kahesuunaline-xpi63\/","title":{"rendered":"H\u00fcdropump kolbpump kahesuunaline XPI63"},"content":{"rendered":"<p>\u00dche sektsiooniga kahepoolse t\u00f6\u00f6ga, 7-kolviline, kasutegur 63cm3.<\/p>\n<p>Maksimaalsed p\u00f6\u00f6rded: 2300rpm<\/p>\n<p>Mitmek\u00fclgne kasutamine t\u00f6\u00f6stuses, p\u00f5llumajandus, ehitus, metsandus.<\/p>\n<p>&nbsp;<\/p>\n<p>XPi saab seeriaid vahetada:<\/p>\n<p>X, XP, KFA, KFA2FO, A17FO, A17FNO, SCP, SCPT, SAP, F1, F2, BI, EOS, FOX, 145 64, KLS ja teised<\/p>\n<p>&nbsp;<\/p>\n<p>Palfingeri ekvivalendid:<\/p>\n<p>EP872<\/p>\n<p>&nbsp;<\/p>\n<p>Sunfabi ekvivalendid:<\/p>\n<p>paremal: SCP-064R-N-DL4-L35-S0S-000; vasakul: SCP-064L-N-DL4-L35-S0S-000<\/p>\n<p>paremal: SCP-064R-N-DL4-H35-S0S-000; vasakul: SCP-064L-N-DL4-H35-S0S-000<\/p>\n<p>&nbsp;<\/p>\n<p>Parkeri ekvivalendid:<\/p>\n<p>paremal: F1-61-R 378 1060; vasakul: F1-61-L 378 1061<\/p>\n<p>&nbsp;<\/p>\n<p>Samav\u00e4\u00e4rne Rexrothiga:<\/p>\n<p>paremal: A17FO063 \/ 10NRWK0E81-0; vasakul: A17FO063 \/ 10NLWK0E81-0<\/p>\n<p>&nbsp;<\/p>\n<p>\u00dcHENDAMINE<\/p>\n<p>Imemis\u00fchendus: fi 2 &#8220;; v\u00e4ljalaske\u00fchendus: G 3\/4&#8221; BSPP<\/p>\n<p>Iga pump m\u00fc\u00fcakse komplektis koos imemisotsikuga.\u00a0 \u00dcldine sisemine ristl\u00f5ige piki kogu imemisliini ei tohi olla v\u00e4iksem kui komplekti kuuluva torujupi ristl\u00f5ige.<\/p>\n<p>Tootja: HYDRO LEDUC SAS Prantsusmaa<\/p>\n<p>7-kolviline disain, kolbide telje kalle v\u00f5lli telje suhtes 40 \u00b0. Kompaktne konstruktsioon, ISO \u00e4\u00e4rik monteeritav 4 poldiga, vahekaugus 80x80mm; kesklukk 80mm, splintv\u00f5ll 8-32-36<\/p>\n<p><img decoding=\"async\" loading=\"lazy\" class=\"alignnone wp-image-13381 size-full\" src=\"https:\/\/flexib.ee\/wp-content\/uploads\/2020\/08\/pump.jpg\" alt=\"\" width=\"800\" height=\"871\" srcset=\"https:\/\/flexib.ee\/wp-content\/uploads\/2020\/08\/pump.jpg 800w, https:\/\/flexib.ee\/wp-content\/uploads\/2020\/08\/pump-150x163.jpg 150w, https:\/\/flexib.ee\/wp-content\/uploads\/2020\/08\/pump-276x300.jpg 276w, https:\/\/flexib.ee\/wp-content\/uploads\/2020\/08\/pump-768x836.jpg 768w\" sizes=\"(max-width: 800px) 100vw, 800px\" \/><\/p>\n<p>&nbsp;<\/p>\n","protected":false},"excerpt":{"rendered":"<p>\u00dche sektsiooniga kahepoolse t\u00f6\u00f6ga, 7-kolviline, kasutegur 63cm3. Maksimaalsed p\u00f6\u00f6rded: 2300rpm Mitmek\u00fclgne kasutamine t\u00f6\u00f6stuses, p\u00f5llumajandus, ehitus, metsandus. &nbsp; XPi saab seeriaid<\/p>\n","protected":false},"featured_media":8494,"template":"","meta":[],"product_cat":[253],"product_tag":[632,701],"supplier_id":null,"supplier_sku":"","barcode":null,"atum_controlled":true,"out_stock_date":null,"out_stock_threshold":null,"inheritable":false,"inbound_stock":null,"stock_on_hold":0,"sold_today":0,"sales_last_days":0,"reserved_stock":null,"customer_returns":null,"warehouse_damage":null,"lost_in_post":null,"other_logs":null,"out_stock_days":0,"lost_sales":0,"has_location":false,"update_date":"2026-04-07T00:09:56","atum_locations":[],"atum_stock_status":"onbackorder","restock_status":false,"low_stock_amount":"","sales_update_date":"2026-04-07T00:09:56","calc_backorders":0,"yoast_head":"<!-- This site is optimized with the Yoast SEO plugin v21.0 - https:\/\/yoast.com\/wordpress\/plugins\/seo\/ -->\n<title>H\u00fcdropump kolbpump kahesuunaline XPI63 - Flexib h\u00fcdraulika<\/title>\n<meta name=\"description\" content=\"H\u00fcdropump kolbpump kahesuunaline XPI63 - H\u00fcdraulika komponendid, h\u00fcdropumbad, h\u00fcdraulilised jagajad, h\u00fcdrosilindrid, h\u00fcdropumbad, h\u00fcdraulika \u00f5lid ja h\u00fcdromootorid. P\u00f5llumajandus h\u00fcdraulika, h\u00fcdrovoolikud ja h\u00fcdrojaamad.\" \/>\n<meta name=\"robots\" content=\"index, follow, max-snippet:-1, max-image-preview:large, max-video-preview:-1\" \/>\n<link rel=\"canonical\" href=\"https:\/\/www.flexib.ee\/sv\/toode\/hudropump-kolbpump-kahesuunaline-xpi63\/\" \/>\n<meta property=\"og:locale\" content=\"sv_SE\" \/>\n<meta property=\"og:type\" content=\"article\" \/>\n<meta property=\"og:title\" content=\"H\u00fcdropump kolbpump kahesuunaline XPI63 - Flexib h\u00fcdraulika\" \/>\n<meta property=\"og:description\" content=\"H\u00fcdropump kolbpump kahesuunaline XPI63 - H\u00fcdraulika komponendid, h\u00fcdropumbad, h\u00fcdraulilised jagajad, h\u00fcdrosilindrid, h\u00fcdropumbad, h\u00fcdraulika \u00f5lid ja h\u00fcdromootorid. P\u00f5llumajandus h\u00fcdraulika, h\u00fcdrovoolikud ja h\u00fcdrojaamad.\" \/>\n<meta property=\"og:url\" content=\"https:\/\/www.flexib.ee\/sv\/toode\/hudropump-kolbpump-kahesuunaline-xpi63\/\" \/>\n<meta property=\"og:site_name\" content=\"Flexib h\u00fcdraulika\" \/>\n<meta property=\"article:modified_time\" content=\"2022-04-13T09:05:07+00:00\" \/>\n<meta property=\"og:image\" content=\"https:\/\/flexib.ee\/wp-content\/uploads\/2020\/08\/6676.jpg\" \/>\n\t<meta property=\"og:image:width\" content=\"800\" \/>\n\t<meta property=\"og:image:height\" content=\"800\" \/>\n\t<meta property=\"og:image:type\" content=\"image\/jpeg\" \/>\n<meta name=\"twitter:card\" content=\"summary_large_image\" \/>\n<meta name=\"twitter:label1\" content=\"Ber\u00e4knad l\u00e4stid\" \/>\n\t<meta name=\"twitter:data1\" content=\"1 minut\" \/>\n<script type=\"application\/ld+json\" class=\"yoast-schema-graph\">{\"@context\":\"https:\/\/schema.org\",\"@graph\":[{\"@type\":\"WebPage\",\"@id\":\"https:\/\/www.flexib.ee\/sv\/toode\/hudropump-kolbpump-kahesuunaline-xpi63\/\",\"url\":\"https:\/\/www.flexib.ee\/sv\/toode\/hudropump-kolbpump-kahesuunaline-xpi63\/\",\"name\":\"H\u00fcdropump kolbpump kahesuunaline XPI63 - Flexib h\u00fcdraulika\",\"isPartOf\":{\"@id\":\"https:\/\/flexib.ee\/#website\"},\"datePublished\":\"2020-08-17T20:15:14+00:00\",\"dateModified\":\"2022-04-13T09:05:07+00:00\",\"description\":\"H\u00fcdropump kolbpump kahesuunaline XPI63 - H\u00fcdraulika komponendid, h\u00fcdropumbad, h\u00fcdraulilised jagajad, h\u00fcdrosilindrid, h\u00fcdropumbad, h\u00fcdraulika \u00f5lid ja h\u00fcdromootorid. P\u00f5llumajandus h\u00fcdraulika, h\u00fcdrovoolikud ja h\u00fcdrojaamad.\",\"breadcrumb\":{\"@id\":\"https:\/\/www.flexib.ee\/sv\/toode\/hudropump-kolbpump-kahesuunaline-xpi63\/#breadcrumb\"},\"inLanguage\":\"sv-SE\",\"potentialAction\":[{\"@type\":\"ReadAction\",\"target\":[\"https:\/\/www.flexib.ee\/sv\/toode\/hudropump-kolbpump-kahesuunaline-xpi63\/\"]}]},{\"@type\":\"BreadcrumbList\",\"@id\":\"https:\/\/www.flexib.ee\/sv\/toode\/hudropump-kolbpump-kahesuunaline-xpi63\/#breadcrumb\",\"itemListElement\":[{\"@type\":\"ListItem\",\"position\":1,\"name\":\"Flexib\",\"item\":\"https:\/\/flexib.ee\/\"},{\"@type\":\"ListItem\",\"position\":2,\"name\":\"Butik\",\"item\":\"https:\/\/flexib.ee\/sv\/butik\/\"},{\"@type\":\"ListItem\",\"position\":3,\"name\":\"H\u00fcdropump kolbpump kahesuunaline XPI63\"}]},{\"@type\":\"WebSite\",\"@id\":\"https:\/\/flexib.ee\/#website\",\"url\":\"https:\/\/flexib.ee\/\",\"name\":\"Flexib h\u00fcdraulika\",\"description\":\"H\u00fcdraulika tarvikud ja komponendid.\",\"publisher\":{\"@id\":\"https:\/\/flexib.ee\/#organization\"},\"potentialAction\":[{\"@type\":\"SearchAction\",\"target\":{\"@type\":\"EntryPoint\",\"urlTemplate\":\"https:\/\/flexib.ee\/?s={search_term_string}\"},\"query-input\":\"required name=search_term_string\"}],\"inLanguage\":\"sv-SE\"},{\"@type\":\"Organization\",\"@id\":\"https:\/\/flexib.ee\/#organization\",\"name\":\"Flexib H\u00fcdraulika\",\"url\":\"https:\/\/flexib.ee\/\",\"logo\":{\"@type\":\"ImageObject\",\"inLanguage\":\"sv-SE\",\"@id\":\"https:\/\/flexib.ee\/#\/schema\/logo\/image\/\",\"url\":\"https:\/\/flexib.ee\/wp-content\/uploads\/2020\/08\/FLEXIB-2.png\",\"contentUrl\":\"https:\/\/flexib.ee\/wp-content\/uploads\/2020\/08\/FLEXIB-2.png\",\"width\":500,\"height\":500,\"caption\":\"Flexib H\u00fcdraulika\"},\"image\":{\"@id\":\"https:\/\/flexib.ee\/#\/schema\/logo\/image\/\"}}]}<\/script>\n<!-- \/ Yoast SEO plugin. -->","yoast_head_json":{"title":"H\u00fcdropump kolbpump kahesuunaline XPI63 - Flexib h\u00fcdraulika","description":"H\u00fcdropump kolbpump kahesuunaline XPI63 - H\u00fcdraulika komponendid, h\u00fcdropumbad, h\u00fcdraulilised jagajad, h\u00fcdrosilindrid, h\u00fcdropumbad, h\u00fcdraulika \u00f5lid ja h\u00fcdromootorid. P\u00f5llumajandus h\u00fcdraulika, h\u00fcdrovoolikud ja h\u00fcdrojaamad.","robots":{"index":"index","follow":"follow","max-snippet":"max-snippet:-1","max-image-preview":"max-image-preview:large","max-video-preview":"max-video-preview:-1"},"canonical":"https:\/\/www.flexib.ee\/sv\/toode\/hudropump-kolbpump-kahesuunaline-xpi63\/","og_locale":"sv_SE","og_type":"article","og_title":"H\u00fcdropump kolbpump kahesuunaline XPI63 - Flexib h\u00fcdraulika","og_description":"H\u00fcdropump kolbpump kahesuunaline XPI63 - H\u00fcdraulika komponendid, h\u00fcdropumbad, h\u00fcdraulilised jagajad, h\u00fcdrosilindrid, h\u00fcdropumbad, h\u00fcdraulika \u00f5lid ja h\u00fcdromootorid. P\u00f5llumajandus h\u00fcdraulika, h\u00fcdrovoolikud ja h\u00fcdrojaamad.","og_url":"https:\/\/www.flexib.ee\/sv\/toode\/hudropump-kolbpump-kahesuunaline-xpi63\/","og_site_name":"Flexib h\u00fcdraulika","article_modified_time":"2022-04-13T09:05:07+00:00","og_image":[{"width":800,"height":800,"url":"https:\/\/flexib.ee\/wp-content\/uploads\/2020\/08\/6676.jpg","type":"image\/jpeg"}],"twitter_card":"summary_large_image","twitter_misc":{"Ber\u00e4knad l\u00e4stid":"1 minut"},"schema":{"@context":"https:\/\/schema.org","@graph":[{"@type":"WebPage","@id":"https:\/\/www.flexib.ee\/sv\/toode\/hudropump-kolbpump-kahesuunaline-xpi63\/","url":"https:\/\/www.flexib.ee\/sv\/toode\/hudropump-kolbpump-kahesuunaline-xpi63\/","name":"H\u00fcdropump kolbpump kahesuunaline XPI63 - Flexib h\u00fcdraulika","isPartOf":{"@id":"https:\/\/flexib.ee\/#website"},"datePublished":"2020-08-17T20:15:14+00:00","dateModified":"2022-04-13T09:05:07+00:00","description":"H\u00fcdropump kolbpump kahesuunaline XPI63 - H\u00fcdraulika komponendid, h\u00fcdropumbad, h\u00fcdraulilised jagajad, h\u00fcdrosilindrid, h\u00fcdropumbad, h\u00fcdraulika \u00f5lid ja h\u00fcdromootorid. P\u00f5llumajandus h\u00fcdraulika, h\u00fcdrovoolikud ja h\u00fcdrojaamad.","breadcrumb":{"@id":"https:\/\/www.flexib.ee\/sv\/toode\/hudropump-kolbpump-kahesuunaline-xpi63\/#breadcrumb"},"inLanguage":"sv-SE","potentialAction":[{"@type":"ReadAction","target":["https:\/\/www.flexib.ee\/sv\/toode\/hudropump-kolbpump-kahesuunaline-xpi63\/"]}]},{"@type":"BreadcrumbList","@id":"https:\/\/www.flexib.ee\/sv\/toode\/hudropump-kolbpump-kahesuunaline-xpi63\/#breadcrumb","itemListElement":[{"@type":"ListItem","position":1,"name":"Flexib","item":"https:\/\/flexib.ee\/"},{"@type":"ListItem","position":2,"name":"Butik","item":"https:\/\/flexib.ee\/sv\/butik\/"},{"@type":"ListItem","position":3,"name":"H\u00fcdropump kolbpump kahesuunaline XPI63"}]},{"@type":"WebSite","@id":"https:\/\/flexib.ee\/#website","url":"https:\/\/flexib.ee\/","name":"Flexib h\u00fcdraulika","description":"H\u00fcdraulika tarvikud ja komponendid.","publisher":{"@id":"https:\/\/flexib.ee\/#organization"},"potentialAction":[{"@type":"SearchAction","target":{"@type":"EntryPoint","urlTemplate":"https:\/\/flexib.ee\/?s={search_term_string}"},"query-input":"required name=search_term_string"}],"inLanguage":"sv-SE"},{"@type":"Organization","@id":"https:\/\/flexib.ee\/#organization","name":"Flexib H\u00fcdraulika","url":"https:\/\/flexib.ee\/","logo":{"@type":"ImageObject","inLanguage":"sv-SE","@id":"https:\/\/flexib.ee\/#\/schema\/logo\/image\/","url":"https:\/\/flexib.ee\/wp-content\/uploads\/2020\/08\/FLEXIB-2.png","contentUrl":"https:\/\/flexib.ee\/wp-content\/uploads\/2020\/08\/FLEXIB-2.png","width":500,"height":500,"caption":"Flexib H\u00fcdraulika"},"image":{"@id":"https:\/\/flexib.ee\/#\/schema\/logo\/image\/"}}]}},"_links":{"self":[{"href":"https:\/\/www.flexib.ee\/sv\/wp-json\/wp\/v2\/product\/1483"}],"collection":[{"href":"https:\/\/www.flexib.ee\/sv\/wp-json\/wp\/v2\/product"}],"about":[{"href":"https:\/\/www.flexib.ee\/sv\/wp-json\/wp\/v2\/types\/product"}],"wp:featuredmedia":[{"embeddable":true,"href":"https:\/\/www.flexib.ee\/sv\/wp-json\/wp\/v2\/media\/8494"}],"wp:attachment":[{"href":"https:\/\/www.flexib.ee\/sv\/wp-json\/wp\/v2\/media?parent=1483"}],"wp:term":[{"taxonomy":"product_cat","embeddable":true,"href":"https:\/\/www.flexib.ee\/sv\/wp-json\/wp\/v2\/product_cat?post=1483"},{"taxonomy":"product_tag","embeddable":true,"href":"https:\/\/www.flexib.ee\/sv\/wp-json\/wp\/v2\/product_tag?post=1483"}],"curies":[{"name":"wp","href":"https:\/\/api.w.org\/{rel}","templated":true}]}}