{"id":26438,"date":"2023-12-27T17:00:52","date_gmt":"2023-12-27T14:00:52","guid":{"rendered":"https:\/\/flexib.ee\/?post_type=product&#038;p=26438"},"modified":"2023-12-27T20:39:53","modified_gmt":"2023-12-27T17:39:53","slug":"hudropump-tandempump-2-seeria-6-6-cm3-rev-1500rpm-9-9-l-min","status":"publish","type":"product","link":"https:\/\/www.flexib.ee\/sv\/toode\/hudropump-tandempump-2-seeria-6-6-cm3-rev-1500rpm-9-9-l-min\/","title":{"rendered":"H\u00fcdropump tandempump 2.seeria 6\/6 cm3 \/ rev  (1500rpm) 9\/9 l \/ min"},"content":{"rendered":"<p>ESIMESE JA TEISE JAOTISE TEHNILISED PARAMEETRID:<\/p>\n<p>R\u00fchm: 2<br \/>\nKrae ja v\u00f5ll:<br \/>\nStandard Euroopa grupi 2 pumpadele<br \/>\nP\u00f6\u00f6rlemissuund:<br \/>\nparem<br \/>\nT\u00f5husus:<br \/>\n9 l\/min (1500 p\/min juures)<br \/>\nGeomeetriline maht:<br \/>\n6cm\u00b3\/p\u00f6\u00f6re<br \/>\nRPM range: 500 &#8211; 3000 p\u00f6\u00f6ret minutis<br \/>\n\u00dchendused: \u00e4\u00e4rik kinnitatud nelja poldiga<br \/>\nToide: 4xM6 kruvide vahe: 30 mm &#8211; sisekeere 1\/2&#8243;<br \/>\nSurve: 4xM6 kruvide vahe: 30mm &#8211; sisekeere 1\/2&#8243;<\/p>\n<p><img decoding=\"async\" loading=\"lazy\" class=\"alignnone size-full wp-image-26439\" src=\"https:\/\/flexib.ee\/wp-content\/uploads\/2023\/12\/tandem-pump-hudropump.jpg\" alt=\"\" width=\"800\" height=\"800\" srcset=\"https:\/\/www.flexib.ee\/wp-content\/uploads\/2023\/12\/tandem-pump-hudropump.jpg 800w, https:\/\/www.flexib.ee\/wp-content\/uploads\/2023\/12\/tandem-pump-hudropump-300x300.jpg 300w, https:\/\/www.flexib.ee\/wp-content\/uploads\/2023\/12\/tandem-pump-hudropump-150x150.jpg 150w, https:\/\/www.flexib.ee\/wp-content\/uploads\/2023\/12\/tandem-pump-hudropump-768x768.jpg 768w, https:\/\/www.flexib.ee\/wp-content\/uploads\/2023\/12\/tandem-pump-hudropump-600x600.jpg 600w\" sizes=\"(max-width: 800px) 100vw, 800px\" \/><\/p>\n","protected":false},"excerpt":{"rendered":"<p>ESIMESE JA TEISE JAOTISE TEHNILISED PARAMEETRID: R\u00fchm: 2 Krae ja v\u00f5ll: Standard Euroopa grupi 2 pumpadele P\u00f6\u00f6rlemissuund: parem T\u00f5husus: 9<\/p>\n","protected":false},"featured_media":8406,"template":"","meta":[],"product_cat":[248],"product_tag":[663,633,632,636],"supplier_id":null,"supplier_sku":"","barcode":null,"atum_controlled":true,"out_stock_date":"2023-12-27 14:04:05","out_stock_threshold":null,"inheritable":false,"inbound_stock":0,"stock_on_hold":0,"sold_today":0,"sales_last_days":0,"reserved_stock":0,"customer_returns":0,"warehouse_damage":0,"lost_in_post":0,"other_logs":0,"out_stock_days":844,"lost_sales":0,"has_location":false,"update_date":"2026-04-20T00:12:34","atum_locations":[],"atum_stock_status":"onbackorder","restock_status":false,"low_stock_amount":"","sales_update_date":"2026-04-20T00:12:34","calc_backorders":0,"yoast_head":"<!-- This site is optimized with the Yoast SEO plugin v21.0 - https:\/\/yoast.com\/wordpress\/plugins\/seo\/ -->\n<title>H\u00fcdropump tandempump 2.seeria 6\/6 cm3 \/ rev (1500rpm) 9\/9 l \/ min - Flexib h\u00fcdraulika<\/title>\n<meta name=\"description\" content=\"H\u00fcdropump tandempump 2.seeria 6\/6 cm3 \/ rev (1500rpm) 9\/9 l \/ min - H\u00fcdraulika komponendid, h\u00fcdropumbad, h\u00fcdraulilised jagajad, h\u00fcdrosilindrid, h\u00fcdropumbad, h\u00fcdraulika \u00f5lid ja h\u00fcdromootorid. P\u00f5llumajandus h\u00fcdraulika, h\u00fcdrovoolikud ja h\u00fcdrojaamad.\" \/>\n<meta name=\"robots\" content=\"index, follow, max-snippet:-1, max-image-preview:large, max-video-preview:-1\" \/>\n<link rel=\"canonical\" href=\"https:\/\/www.flexib.ee\/sv\/toode\/hudropump-tandempump-2-seeria-6-6-cm3-rev-1500rpm-9-9-l-min\/\" \/>\n<meta property=\"og:locale\" content=\"sv_SE\" \/>\n<meta property=\"og:type\" content=\"article\" \/>\n<meta property=\"og:title\" content=\"H\u00fcdropump tandempump 2.seeria 6\/6 cm3 \/ rev (1500rpm) 9\/9 l \/ min - Flexib h\u00fcdraulika\" \/>\n<meta property=\"og:description\" content=\"H\u00fcdropump tandempump 2.seeria 6\/6 cm3 \/ rev (1500rpm) 9\/9 l \/ min - H\u00fcdraulika komponendid, h\u00fcdropumbad, h\u00fcdraulilised jagajad, h\u00fcdrosilindrid, h\u00fcdropumbad, h\u00fcdraulika \u00f5lid ja h\u00fcdromootorid. P\u00f5llumajandus h\u00fcdraulika, h\u00fcdrovoolikud ja h\u00fcdrojaamad.\" \/>\n<meta property=\"og:url\" content=\"https:\/\/www.flexib.ee\/sv\/toode\/hudropump-tandempump-2-seeria-6-6-cm3-rev-1500rpm-9-9-l-min\/\" \/>\n<meta property=\"og:site_name\" content=\"Flexib h\u00fcdraulika\" \/>\n<meta property=\"article:modified_time\" content=\"2023-12-27T17:39:53+00:00\" \/>\n<meta property=\"og:image\" content=\"https:\/\/flexib.ee\/wp-content\/uploads\/2020\/08\/6609.png\" \/>\n\t<meta property=\"og:image:width\" content=\"800\" \/>\n\t<meta property=\"og:image:height\" content=\"800\" \/>\n\t<meta property=\"og:image:type\" content=\"image\/png\" \/>\n<meta name=\"twitter:card\" content=\"summary_large_image\" \/>\n<meta name=\"twitter:label1\" content=\"Ber\u00e4knad l\u00e4stid\" \/>\n\t<meta name=\"twitter:data1\" content=\"1 minut\" \/>\n<script type=\"application\/ld+json\" class=\"yoast-schema-graph\">{\"@context\":\"https:\/\/schema.org\",\"@graph\":[{\"@type\":\"WebPage\",\"@id\":\"https:\/\/www.flexib.ee\/sv\/toode\/hudropump-tandempump-2-seeria-6-6-cm3-rev-1500rpm-9-9-l-min\/\",\"url\":\"https:\/\/www.flexib.ee\/sv\/toode\/hudropump-tandempump-2-seeria-6-6-cm3-rev-1500rpm-9-9-l-min\/\",\"name\":\"H\u00fcdropump tandempump 2.seeria 6\/6 cm3 \/ rev (1500rpm) 9\/9 l \/ min - Flexib h\u00fcdraulika\",\"isPartOf\":{\"@id\":\"https:\/\/flexib.ee\/#website\"},\"datePublished\":\"2023-12-27T14:00:52+00:00\",\"dateModified\":\"2023-12-27T17:39:53+00:00\",\"description\":\"H\u00fcdropump tandempump 2.seeria 6\/6 cm3 \/ rev (1500rpm) 9\/9 l \/ min - H\u00fcdraulika komponendid, h\u00fcdropumbad, h\u00fcdraulilised jagajad, h\u00fcdrosilindrid, h\u00fcdropumbad, h\u00fcdraulika \u00f5lid ja h\u00fcdromootorid. P\u00f5llumajandus h\u00fcdraulika, h\u00fcdrovoolikud ja h\u00fcdrojaamad.\",\"breadcrumb\":{\"@id\":\"https:\/\/www.flexib.ee\/sv\/toode\/hudropump-tandempump-2-seeria-6-6-cm3-rev-1500rpm-9-9-l-min\/#breadcrumb\"},\"inLanguage\":\"sv-SE\",\"potentialAction\":[{\"@type\":\"ReadAction\",\"target\":[\"https:\/\/www.flexib.ee\/sv\/toode\/hudropump-tandempump-2-seeria-6-6-cm3-rev-1500rpm-9-9-l-min\/\"]}]},{\"@type\":\"BreadcrumbList\",\"@id\":\"https:\/\/www.flexib.ee\/sv\/toode\/hudropump-tandempump-2-seeria-6-6-cm3-rev-1500rpm-9-9-l-min\/#breadcrumb\",\"itemListElement\":[{\"@type\":\"ListItem\",\"position\":1,\"name\":\"Flexib\",\"item\":\"https:\/\/www.flexib.ee\/sv\/\"},{\"@type\":\"ListItem\",\"position\":2,\"name\":\"Butik\",\"item\":\"https:\/\/www.flexib.ee\/sv\/butik\/\"},{\"@type\":\"ListItem\",\"position\":3,\"name\":\"H\u00fcdropump tandempump 2.seeria 6\/6 cm3 \/ rev (1500rpm) 9\/9 l \/ min\"}]},{\"@type\":\"WebSite\",\"@id\":\"https:\/\/flexib.ee\/#website\",\"url\":\"https:\/\/flexib.ee\/\",\"name\":\"Flexib h\u00fcdraulika\",\"description\":\"H\u00fcdraulika tarvikud ja komponendid.\",\"publisher\":{\"@id\":\"https:\/\/flexib.ee\/#organization\"},\"potentialAction\":[{\"@type\":\"SearchAction\",\"target\":{\"@type\":\"EntryPoint\",\"urlTemplate\":\"https:\/\/flexib.ee\/?s={search_term_string}\"},\"query-input\":\"required name=search_term_string\"}],\"inLanguage\":\"sv-SE\"},{\"@type\":\"Organization\",\"@id\":\"https:\/\/flexib.ee\/#organization\",\"name\":\"Flexib H\u00fcdraulika\",\"url\":\"https:\/\/flexib.ee\/\",\"logo\":{\"@type\":\"ImageObject\",\"inLanguage\":\"sv-SE\",\"@id\":\"https:\/\/flexib.ee\/#\/schema\/logo\/image\/\",\"url\":\"https:\/\/flexib.ee\/wp-content\/uploads\/2020\/08\/FLEXIB-2.png\",\"contentUrl\":\"https:\/\/flexib.ee\/wp-content\/uploads\/2020\/08\/FLEXIB-2.png\",\"width\":500,\"height\":500,\"caption\":\"Flexib H\u00fcdraulika\"},\"image\":{\"@id\":\"https:\/\/flexib.ee\/#\/schema\/logo\/image\/\"}}]}<\/script>\n<!-- \/ Yoast SEO plugin. -->","yoast_head_json":{"title":"H\u00fcdropump tandempump 2.seeria 6\/6 cm3 \/ rev (1500rpm) 9\/9 l \/ min - Flexib h\u00fcdraulika","description":"H\u00fcdropump tandempump 2.seeria 6\/6 cm3 \/ rev (1500rpm) 9\/9 l \/ min - H\u00fcdraulika komponendid, h\u00fcdropumbad, h\u00fcdraulilised jagajad, h\u00fcdrosilindrid, h\u00fcdropumbad, h\u00fcdraulika \u00f5lid ja h\u00fcdromootorid. P\u00f5llumajandus h\u00fcdraulika, h\u00fcdrovoolikud ja h\u00fcdrojaamad.","robots":{"index":"index","follow":"follow","max-snippet":"max-snippet:-1","max-image-preview":"max-image-preview:large","max-video-preview":"max-video-preview:-1"},"canonical":"https:\/\/www.flexib.ee\/sv\/toode\/hudropump-tandempump-2-seeria-6-6-cm3-rev-1500rpm-9-9-l-min\/","og_locale":"sv_SE","og_type":"article","og_title":"H\u00fcdropump tandempump 2.seeria 6\/6 cm3 \/ rev (1500rpm) 9\/9 l \/ min - Flexib h\u00fcdraulika","og_description":"H\u00fcdropump tandempump 2.seeria 6\/6 cm3 \/ rev (1500rpm) 9\/9 l \/ min - H\u00fcdraulika komponendid, h\u00fcdropumbad, h\u00fcdraulilised jagajad, h\u00fcdrosilindrid, h\u00fcdropumbad, h\u00fcdraulika \u00f5lid ja h\u00fcdromootorid. P\u00f5llumajandus h\u00fcdraulika, h\u00fcdrovoolikud ja h\u00fcdrojaamad.","og_url":"https:\/\/www.flexib.ee\/sv\/toode\/hudropump-tandempump-2-seeria-6-6-cm3-rev-1500rpm-9-9-l-min\/","og_site_name":"Flexib h\u00fcdraulika","article_modified_time":"2023-12-27T17:39:53+00:00","og_image":[{"width":800,"height":800,"url":"https:\/\/flexib.ee\/wp-content\/uploads\/2020\/08\/6609.png","type":"image\/png"}],"twitter_card":"summary_large_image","twitter_misc":{"Ber\u00e4knad l\u00e4stid":"1 minut"},"schema":{"@context":"https:\/\/schema.org","@graph":[{"@type":"WebPage","@id":"https:\/\/www.flexib.ee\/sv\/toode\/hudropump-tandempump-2-seeria-6-6-cm3-rev-1500rpm-9-9-l-min\/","url":"https:\/\/www.flexib.ee\/sv\/toode\/hudropump-tandempump-2-seeria-6-6-cm3-rev-1500rpm-9-9-l-min\/","name":"H\u00fcdropump tandempump 2.seeria 6\/6 cm3 \/ rev (1500rpm) 9\/9 l \/ min - Flexib h\u00fcdraulika","isPartOf":{"@id":"https:\/\/flexib.ee\/#website"},"datePublished":"2023-12-27T14:00:52+00:00","dateModified":"2023-12-27T17:39:53+00:00","description":"H\u00fcdropump tandempump 2.seeria 6\/6 cm3 \/ rev (1500rpm) 9\/9 l \/ min - H\u00fcdraulika komponendid, h\u00fcdropumbad, h\u00fcdraulilised jagajad, h\u00fcdrosilindrid, h\u00fcdropumbad, h\u00fcdraulika \u00f5lid ja h\u00fcdromootorid. P\u00f5llumajandus h\u00fcdraulika, h\u00fcdrovoolikud ja h\u00fcdrojaamad.","breadcrumb":{"@id":"https:\/\/www.flexib.ee\/sv\/toode\/hudropump-tandempump-2-seeria-6-6-cm3-rev-1500rpm-9-9-l-min\/#breadcrumb"},"inLanguage":"sv-SE","potentialAction":[{"@type":"ReadAction","target":["https:\/\/www.flexib.ee\/sv\/toode\/hudropump-tandempump-2-seeria-6-6-cm3-rev-1500rpm-9-9-l-min\/"]}]},{"@type":"BreadcrumbList","@id":"https:\/\/www.flexib.ee\/sv\/toode\/hudropump-tandempump-2-seeria-6-6-cm3-rev-1500rpm-9-9-l-min\/#breadcrumb","itemListElement":[{"@type":"ListItem","position":1,"name":"Flexib","item":"https:\/\/www.flexib.ee\/sv\/"},{"@type":"ListItem","position":2,"name":"Butik","item":"https:\/\/www.flexib.ee\/sv\/butik\/"},{"@type":"ListItem","position":3,"name":"H\u00fcdropump tandempump 2.seeria 6\/6 cm3 \/ rev (1500rpm) 9\/9 l \/ min"}]},{"@type":"WebSite","@id":"https:\/\/flexib.ee\/#website","url":"https:\/\/flexib.ee\/","name":"Flexib h\u00fcdraulika","description":"H\u00fcdraulika tarvikud ja komponendid.","publisher":{"@id":"https:\/\/flexib.ee\/#organization"},"potentialAction":[{"@type":"SearchAction","target":{"@type":"EntryPoint","urlTemplate":"https:\/\/flexib.ee\/?s={search_term_string}"},"query-input":"required name=search_term_string"}],"inLanguage":"sv-SE"},{"@type":"Organization","@id":"https:\/\/flexib.ee\/#organization","name":"Flexib H\u00fcdraulika","url":"https:\/\/flexib.ee\/","logo":{"@type":"ImageObject","inLanguage":"sv-SE","@id":"https:\/\/flexib.ee\/#\/schema\/logo\/image\/","url":"https:\/\/flexib.ee\/wp-content\/uploads\/2020\/08\/FLEXIB-2.png","contentUrl":"https:\/\/flexib.ee\/wp-content\/uploads\/2020\/08\/FLEXIB-2.png","width":500,"height":500,"caption":"Flexib H\u00fcdraulika"},"image":{"@id":"https:\/\/flexib.ee\/#\/schema\/logo\/image\/"}}]}},"_links":{"self":[{"href":"https:\/\/www.flexib.ee\/sv\/wp-json\/wp\/v2\/product\/26438"}],"collection":[{"href":"https:\/\/www.flexib.ee\/sv\/wp-json\/wp\/v2\/product"}],"about":[{"href":"https:\/\/www.flexib.ee\/sv\/wp-json\/wp\/v2\/types\/product"}],"wp:featuredmedia":[{"embeddable":true,"href":"https:\/\/www.flexib.ee\/sv\/wp-json\/wp\/v2\/media\/8406"}],"wp:attachment":[{"href":"https:\/\/www.flexib.ee\/sv\/wp-json\/wp\/v2\/media?parent=26438"}],"wp:term":[{"taxonomy":"product_cat","embeddable":true,"href":"https:\/\/www.flexib.ee\/sv\/wp-json\/wp\/v2\/product_cat?post=26438"},{"taxonomy":"product_tag","embeddable":true,"href":"https:\/\/www.flexib.ee\/sv\/wp-json\/wp\/v2\/product_tag?post=26438"}],"curies":[{"name":"wp","href":"https:\/\/api.w.org\/{rel}","templated":true}]}}