{"id":2698,"date":"2020-08-17T22:20:46","date_gmt":"2020-08-17T20:20:46","guid":{"rendered":"https:\/\/flexib.ee\/toode\/import-placeholder-for-13286\/"},"modified":"2026-03-26T12:38:56","modified_gmt":"2026-03-26T09:38:56","slug":"hudrauliline-kasipump-uhepoolne-25cm3-paak-1l","status":"publish","type":"product","link":"https:\/\/www.flexib.ee\/sv\/toode\/hudrauliline-kasipump-uhepoolne-25cm3-paak-1l\/","title":{"rendered":"H\u00fcdrauliline k\u00e4sipump \u00fchepoolne 25cm3 paak 1L"},"content":{"rendered":"<p>Seda kasutatakse laialdaselt h\u00fcdraulikas\u00fcsteemides p\u00f5llumajanduses, ehituses ja t\u00f6\u00f6stuses.<\/p>\n<p>&nbsp;<\/p>\n<p>Pumbast tuleb v\u00e4lja \u00fcks \u00f5li\u00fchendus (fotol punane kork), mis v\u00f5imaldab \u00fchendada ajami<\/p>\n<p>\u00fchetoimelise.<\/p>\n<p>&nbsp;<\/p>\n<p>Komplekt sisaldab: paaki, pumpa, kangi, pumba tihendit, kruvikomplekti ja voolikut filtriga:<\/p>\n<p>&nbsp;<\/p>\n<p>Seatud 180 baarile. Klapp kaitseb pumpa liigse k\u00e4igu<\/p>\n<p>r\u00f5hu tekitatud kahjustuste eest. Ventiili v\u00f5ime r\u00f5hku reguleerida v\u00f5imaldab maksimaalse v\u00f5imsuse ohutut seadistamist<\/p>\n<p>mis v\u00f5ib olla v\u00f5tmet\u00e4htsusega presside v\u00f5i muude sarnaste seadmete puhul.<\/p>\n<p>Geomeetriline maht: 25 cm3 ts\u00fckli kohta<\/p>\n<p>Tehase \u00fclevooluklapi seadistus: 300 baari<\/p>\n<p>\u00dclevooluklapi reguleerimisvahemik: 30\u2013350 baari<br \/>\nKogukaal: 6,2 kg<\/p>\n<p>Vooliku\u00fchendus: BSP 3\/8&#8243; v\u00e4liskeere<\/p>\n<p>Paagi maht: 1 liiter<\/p>\n<p><img decoding=\"async\" loading=\"lazy\" class=\"alignnone  wp-image-29877\" src=\"https:\/\/www.flexib.ee\/wp-content\/uploads\/2020\/08\/pumba-paak-1L.jpg\" alt=\"\" width=\"614\" height=\"509\" srcset=\"https:\/\/www.flexib.ee\/wp-content\/uploads\/2020\/08\/pumba-paak-1L.jpg 800w, https:\/\/www.flexib.ee\/wp-content\/uploads\/2020\/08\/pumba-paak-1L-300x249.jpg 300w, https:\/\/www.flexib.ee\/wp-content\/uploads\/2020\/08\/pumba-paak-1L-768x637.jpg 768w, https:\/\/www.flexib.ee\/wp-content\/uploads\/2020\/08\/pumba-paak-1L-150x125.jpg 150w\" sizes=\"(max-width: 614px) 100vw, 614px\" \/><img decoding=\"async\" loading=\"lazy\" class=\"alignnone  wp-image-29023\" src=\"https:\/\/www.flexib.ee\/wp-content\/uploads\/2020\/08\/hudrauliline-kasipump.jpg\" alt=\"\" width=\"516\" height=\"747\" srcset=\"https:\/\/www.flexib.ee\/wp-content\/uploads\/2020\/08\/hudrauliline-kasipump.jpg 800w, https:\/\/www.flexib.ee\/wp-content\/uploads\/2020\/08\/hudrauliline-kasipump-207x300.jpg 207w, https:\/\/www.flexib.ee\/wp-content\/uploads\/2020\/08\/hudrauliline-kasipump-707x1024.jpg 707w, https:\/\/www.flexib.ee\/wp-content\/uploads\/2020\/08\/hudrauliline-kasipump-768x1112.jpg 768w, https:\/\/www.flexib.ee\/wp-content\/uploads\/2020\/08\/hudrauliline-kasipump-150x217.jpg 150w\" sizes=\"(max-width: 516px) 100vw, 516px\" \/><\/p>\n","protected":false},"excerpt":{"rendered":"<p>Seda kasutatakse laialdaselt h\u00fcdraulikas\u00fcsteemides p\u00f5llumajanduses, ehituses ja t\u00f6\u00f6stuses. &nbsp; Pumbast tuleb v\u00e4lja \u00fcks \u00f5li\u00fchendus (fotol punane kork), mis v\u00f5imaldab \u00fchendada<\/p>\n","protected":false},"featured_media":29231,"template":"","meta":[],"product_cat":[301],"product_tag":[657,632,656],"supplier_id":null,"supplier_sku":"","barcode":null,"atum_controlled":true,"out_stock_date":null,"out_stock_threshold":null,"inheritable":false,"inbound_stock":0,"stock_on_hold":0,"sold_today":0,"sales_last_days":0,"reserved_stock":0,"customer_returns":0,"warehouse_damage":0,"lost_in_post":0,"other_logs":0,"out_stock_days":0,"lost_sales":0,"has_location":false,"update_date":"2026-04-07T00:15:16","atum_locations":[],"atum_stock_status":"onbackorder","restock_status":false,"low_stock_amount":"","sales_update_date":"2026-04-07T00:15:16","calc_backorders":-44,"yoast_head":"<!-- This site is optimized with the Yoast SEO plugin v21.0 - https:\/\/yoast.com\/wordpress\/plugins\/seo\/ -->\n<title>H\u00fcdrauliline k\u00e4sipump \u00fchepoolne 25cm3 paak 1L - Flexib h\u00fcdraulika<\/title>\n<meta name=\"description\" content=\"H\u00fcdrauliline k\u00e4sipump \u00fchepoolne 25cm3 paak 1L - H\u00fcdraulika komponendid, h\u00fcdropumbad, h\u00fcdraulilised jagajad, h\u00fcdrosilindrid, h\u00fcdropumbad, h\u00fcdraulika \u00f5lid ja h\u00fcdromootorid. P\u00f5llumajandus h\u00fcdraulika, h\u00fcdrovoolikud ja h\u00fcdrojaamad.\" \/>\n<meta name=\"robots\" content=\"index, follow, max-snippet:-1, max-image-preview:large, max-video-preview:-1\" \/>\n<link rel=\"canonical\" href=\"https:\/\/www.flexib.ee\/sv\/toode\/hudrauliline-kasipump-uhepoolne-25cm3-paak-1l\/\" \/>\n<meta property=\"og:locale\" content=\"sv_SE\" \/>\n<meta property=\"og:type\" content=\"article\" \/>\n<meta property=\"og:title\" content=\"H\u00fcdrauliline k\u00e4sipump \u00fchepoolne 25cm3 paak 1L - Flexib h\u00fcdraulika\" \/>\n<meta property=\"og:description\" content=\"H\u00fcdrauliline k\u00e4sipump \u00fchepoolne 25cm3 paak 1L - H\u00fcdraulika komponendid, h\u00fcdropumbad, h\u00fcdraulilised jagajad, h\u00fcdrosilindrid, h\u00fcdropumbad, h\u00fcdraulika \u00f5lid ja h\u00fcdromootorid. P\u00f5llumajandus h\u00fcdraulika, h\u00fcdrovoolikud ja h\u00fcdrojaamad.\" \/>\n<meta property=\"og:url\" content=\"https:\/\/www.flexib.ee\/sv\/toode\/hudrauliline-kasipump-uhepoolne-25cm3-paak-1l\/\" \/>\n<meta property=\"og:site_name\" content=\"Flexib h\u00fcdraulika\" \/>\n<meta property=\"article:modified_time\" content=\"2026-03-26T09:38:56+00:00\" \/>\n<meta property=\"og:image\" content=\"https:\/\/flexib.ee\/wp-content\/uploads\/2020\/08\/hudra-kasipump.png\" \/>\n\t<meta property=\"og:image:width\" content=\"500\" \/>\n\t<meta property=\"og:image:height\" content=\"500\" \/>\n\t<meta property=\"og:image:type\" content=\"image\/png\" \/>\n<meta name=\"twitter:card\" content=\"summary_large_image\" \/>\n<meta name=\"twitter:label1\" content=\"Ber\u00e4knad l\u00e4stid\" \/>\n\t<meta name=\"twitter:data1\" content=\"1 minut\" \/>\n<script type=\"application\/ld+json\" class=\"yoast-schema-graph\">{\"@context\":\"https:\/\/schema.org\",\"@graph\":[{\"@type\":\"WebPage\",\"@id\":\"https:\/\/www.flexib.ee\/sv\/toode\/hudrauliline-kasipump-uhepoolne-25cm3-paak-1l\/\",\"url\":\"https:\/\/www.flexib.ee\/sv\/toode\/hudrauliline-kasipump-uhepoolne-25cm3-paak-1l\/\",\"name\":\"H\u00fcdrauliline k\u00e4sipump \u00fchepoolne 25cm3 paak 1L - Flexib h\u00fcdraulika\",\"isPartOf\":{\"@id\":\"https:\/\/flexib.ee\/#website\"},\"datePublished\":\"2020-08-17T20:20:46+00:00\",\"dateModified\":\"2026-03-26T09:38:56+00:00\",\"description\":\"H\u00fcdrauliline k\u00e4sipump \u00fchepoolne 25cm3 paak 1L - H\u00fcdraulika komponendid, h\u00fcdropumbad, h\u00fcdraulilised jagajad, h\u00fcdrosilindrid, h\u00fcdropumbad, h\u00fcdraulika \u00f5lid ja h\u00fcdromootorid. P\u00f5llumajandus h\u00fcdraulika, h\u00fcdrovoolikud ja h\u00fcdrojaamad.\",\"breadcrumb\":{\"@id\":\"https:\/\/www.flexib.ee\/sv\/toode\/hudrauliline-kasipump-uhepoolne-25cm3-paak-1l\/#breadcrumb\"},\"inLanguage\":\"sv-SE\",\"potentialAction\":[{\"@type\":\"ReadAction\",\"target\":[\"https:\/\/www.flexib.ee\/sv\/toode\/hudrauliline-kasipump-uhepoolne-25cm3-paak-1l\/\"]}]},{\"@type\":\"BreadcrumbList\",\"@id\":\"https:\/\/www.flexib.ee\/sv\/toode\/hudrauliline-kasipump-uhepoolne-25cm3-paak-1l\/#breadcrumb\",\"itemListElement\":[{\"@type\":\"ListItem\",\"position\":1,\"name\":\"Flexib\",\"item\":\"https:\/\/flexib.ee\/\"},{\"@type\":\"ListItem\",\"position\":2,\"name\":\"Butik\",\"item\":\"https:\/\/flexib.ee\/sv\/butik\/\"},{\"@type\":\"ListItem\",\"position\":3,\"name\":\"H\u00fcdrauliline k\u00e4sipump \u00fchepoolne 25cm3 paak 1L\"}]},{\"@type\":\"WebSite\",\"@id\":\"https:\/\/flexib.ee\/#website\",\"url\":\"https:\/\/flexib.ee\/\",\"name\":\"Flexib h\u00fcdraulika\",\"description\":\"H\u00fcdraulika tarvikud ja komponendid.\",\"publisher\":{\"@id\":\"https:\/\/flexib.ee\/#organization\"},\"potentialAction\":[{\"@type\":\"SearchAction\",\"target\":{\"@type\":\"EntryPoint\",\"urlTemplate\":\"https:\/\/flexib.ee\/?s={search_term_string}\"},\"query-input\":\"required name=search_term_string\"}],\"inLanguage\":\"sv-SE\"},{\"@type\":\"Organization\",\"@id\":\"https:\/\/flexib.ee\/#organization\",\"name\":\"Flexib H\u00fcdraulika\",\"url\":\"https:\/\/flexib.ee\/\",\"logo\":{\"@type\":\"ImageObject\",\"inLanguage\":\"sv-SE\",\"@id\":\"https:\/\/flexib.ee\/#\/schema\/logo\/image\/\",\"url\":\"https:\/\/flexib.ee\/wp-content\/uploads\/2020\/08\/FLEXIB-2.png\",\"contentUrl\":\"https:\/\/flexib.ee\/wp-content\/uploads\/2020\/08\/FLEXIB-2.png\",\"width\":500,\"height\":500,\"caption\":\"Flexib H\u00fcdraulika\"},\"image\":{\"@id\":\"https:\/\/flexib.ee\/#\/schema\/logo\/image\/\"}}]}<\/script>\n<!-- \/ Yoast SEO plugin. -->","yoast_head_json":{"title":"H\u00fcdrauliline k\u00e4sipump \u00fchepoolne 25cm3 paak 1L - Flexib h\u00fcdraulika","description":"H\u00fcdrauliline k\u00e4sipump \u00fchepoolne 25cm3 paak 1L - H\u00fcdraulika komponendid, h\u00fcdropumbad, h\u00fcdraulilised jagajad, h\u00fcdrosilindrid, h\u00fcdropumbad, h\u00fcdraulika \u00f5lid ja h\u00fcdromootorid. P\u00f5llumajandus h\u00fcdraulika, h\u00fcdrovoolikud ja h\u00fcdrojaamad.","robots":{"index":"index","follow":"follow","max-snippet":"max-snippet:-1","max-image-preview":"max-image-preview:large","max-video-preview":"max-video-preview:-1"},"canonical":"https:\/\/www.flexib.ee\/sv\/toode\/hudrauliline-kasipump-uhepoolne-25cm3-paak-1l\/","og_locale":"sv_SE","og_type":"article","og_title":"H\u00fcdrauliline k\u00e4sipump \u00fchepoolne 25cm3 paak 1L - Flexib h\u00fcdraulika","og_description":"H\u00fcdrauliline k\u00e4sipump \u00fchepoolne 25cm3 paak 1L - H\u00fcdraulika komponendid, h\u00fcdropumbad, h\u00fcdraulilised jagajad, h\u00fcdrosilindrid, h\u00fcdropumbad, h\u00fcdraulika \u00f5lid ja h\u00fcdromootorid. P\u00f5llumajandus h\u00fcdraulika, h\u00fcdrovoolikud ja h\u00fcdrojaamad.","og_url":"https:\/\/www.flexib.ee\/sv\/toode\/hudrauliline-kasipump-uhepoolne-25cm3-paak-1l\/","og_site_name":"Flexib h\u00fcdraulika","article_modified_time":"2026-03-26T09:38:56+00:00","og_image":[{"width":500,"height":500,"url":"https:\/\/flexib.ee\/wp-content\/uploads\/2020\/08\/hudra-kasipump.png","type":"image\/png"}],"twitter_card":"summary_large_image","twitter_misc":{"Ber\u00e4knad l\u00e4stid":"1 minut"},"schema":{"@context":"https:\/\/schema.org","@graph":[{"@type":"WebPage","@id":"https:\/\/www.flexib.ee\/sv\/toode\/hudrauliline-kasipump-uhepoolne-25cm3-paak-1l\/","url":"https:\/\/www.flexib.ee\/sv\/toode\/hudrauliline-kasipump-uhepoolne-25cm3-paak-1l\/","name":"H\u00fcdrauliline k\u00e4sipump \u00fchepoolne 25cm3 paak 1L - Flexib h\u00fcdraulika","isPartOf":{"@id":"https:\/\/flexib.ee\/#website"},"datePublished":"2020-08-17T20:20:46+00:00","dateModified":"2026-03-26T09:38:56+00:00","description":"H\u00fcdrauliline k\u00e4sipump \u00fchepoolne 25cm3 paak 1L - H\u00fcdraulika komponendid, h\u00fcdropumbad, h\u00fcdraulilised jagajad, h\u00fcdrosilindrid, h\u00fcdropumbad, h\u00fcdraulika \u00f5lid ja h\u00fcdromootorid. P\u00f5llumajandus h\u00fcdraulika, h\u00fcdrovoolikud ja h\u00fcdrojaamad.","breadcrumb":{"@id":"https:\/\/www.flexib.ee\/sv\/toode\/hudrauliline-kasipump-uhepoolne-25cm3-paak-1l\/#breadcrumb"},"inLanguage":"sv-SE","potentialAction":[{"@type":"ReadAction","target":["https:\/\/www.flexib.ee\/sv\/toode\/hudrauliline-kasipump-uhepoolne-25cm3-paak-1l\/"]}]},{"@type":"BreadcrumbList","@id":"https:\/\/www.flexib.ee\/sv\/toode\/hudrauliline-kasipump-uhepoolne-25cm3-paak-1l\/#breadcrumb","itemListElement":[{"@type":"ListItem","position":1,"name":"Flexib","item":"https:\/\/flexib.ee\/"},{"@type":"ListItem","position":2,"name":"Butik","item":"https:\/\/flexib.ee\/sv\/butik\/"},{"@type":"ListItem","position":3,"name":"H\u00fcdrauliline k\u00e4sipump \u00fchepoolne 25cm3 paak 1L"}]},{"@type":"WebSite","@id":"https:\/\/flexib.ee\/#website","url":"https:\/\/flexib.ee\/","name":"Flexib h\u00fcdraulika","description":"H\u00fcdraulika tarvikud ja komponendid.","publisher":{"@id":"https:\/\/flexib.ee\/#organization"},"potentialAction":[{"@type":"SearchAction","target":{"@type":"EntryPoint","urlTemplate":"https:\/\/flexib.ee\/?s={search_term_string}"},"query-input":"required name=search_term_string"}],"inLanguage":"sv-SE"},{"@type":"Organization","@id":"https:\/\/flexib.ee\/#organization","name":"Flexib H\u00fcdraulika","url":"https:\/\/flexib.ee\/","logo":{"@type":"ImageObject","inLanguage":"sv-SE","@id":"https:\/\/flexib.ee\/#\/schema\/logo\/image\/","url":"https:\/\/flexib.ee\/wp-content\/uploads\/2020\/08\/FLEXIB-2.png","contentUrl":"https:\/\/flexib.ee\/wp-content\/uploads\/2020\/08\/FLEXIB-2.png","width":500,"height":500,"caption":"Flexib H\u00fcdraulika"},"image":{"@id":"https:\/\/flexib.ee\/#\/schema\/logo\/image\/"}}]}},"_links":{"self":[{"href":"https:\/\/www.flexib.ee\/sv\/wp-json\/wp\/v2\/product\/2698"}],"collection":[{"href":"https:\/\/www.flexib.ee\/sv\/wp-json\/wp\/v2\/product"}],"about":[{"href":"https:\/\/www.flexib.ee\/sv\/wp-json\/wp\/v2\/types\/product"}],"wp:featuredmedia":[{"embeddable":true,"href":"https:\/\/www.flexib.ee\/sv\/wp-json\/wp\/v2\/media\/29231"}],"wp:attachment":[{"href":"https:\/\/www.flexib.ee\/sv\/wp-json\/wp\/v2\/media?parent=2698"}],"wp:term":[{"taxonomy":"product_cat","embeddable":true,"href":"https:\/\/www.flexib.ee\/sv\/wp-json\/wp\/v2\/product_cat?post=2698"},{"taxonomy":"product_tag","embeddable":true,"href":"https:\/\/www.flexib.ee\/sv\/wp-json\/wp\/v2\/product_tag?post=2698"}],"curies":[{"name":"wp","href":"https:\/\/api.w.org\/{rel}","templated":true}]}}