{"id":27973,"date":"2025-03-05T20:44:02","date_gmt":"2025-03-05T17:44:02","guid":{"rendered":"https:\/\/flexib.ee\/?post_type=product&#038;p=27973"},"modified":"2025-03-05T20:46:38","modified_gmt":"2025-03-05T17:46:38","slug":"hudrovooliku-press-uniflex-sh-7","status":"publish","type":"product","link":"https:\/\/www.flexib.ee\/sv\/toode\/hudrovooliku-press-uniflex-sh-7\/","title":{"rendered":"H\u00fcdrovooliku press Uniflex SH 7"},"content":{"rendered":"<p data-start=\"74\" data-end=\"520\"><strong data-start=\"74\" data-end=\"126\">SH 7 \u2013 kvaliteedi ja kuluefektiivsuse standardid<\/strong><br data-start=\"126\" data-end=\"129\" \/>\u00d5hukese, uuendusliku disaini, k\u00f5rge kasutajas\u00f5bralikkuse, mitmek\u00fclgsuse ja pika t\u00f6\u00f6ea t\u00f5ttu seab SH 7 standardid kvaliteedi ja kuluefektiivsuse osas. Selle madal kaal ja kompaktne disain muudavad SH 7 ideaalseks nii statsionaarseks kui ka mobiilseks kasutamiseks kuni 2-tolli suuruseni. T\u00f5estatud m\u00e4\u00e4rdeaineteta libislaagertehnoloogia v\u00e4hendab hoolduskulusid ning t\u00f5stab tootmise kvaliteeti.<\/p>\n<p data-start=\"522\" data-end=\"538\"><strong data-start=\"522\" data-end=\"536\">Variandid:<\/strong><\/p>\n<ul data-start=\"539\" data-end=\"556\">\n<li data-start=\"539\" data-end=\"547\">SH 7<\/li>\n<li data-start=\"548\" data-end=\"556\">SH 7 S<\/li>\n<\/ul>\n<hr data-start=\"558\" data-end=\"561\" \/>\n<h3 data-start=\"563\" data-end=\"575\">Omadused<\/h3>\n<ul data-start=\"577\" data-end=\"1001\">\n<li data-start=\"577\" data-end=\"631\"><strong data-start=\"579\" data-end=\"599\">Kompaktne disain<\/strong><br data-start=\"599\" data-end=\"602\" \/>Leiab ruumi igas t\u00f6\u00f6tubas<\/li>\n<li data-start=\"632\" data-end=\"723\"><strong data-start=\"634\" data-end=\"675\">M\u00e4\u00e4rdeaineteta libislaagertehnoloogia<\/strong><br data-start=\"675\" data-end=\"678\" \/>Tagab puhtama t\u00f6\u00f6 ja pikema masina eluiga<\/li>\n<li data-start=\"724\" data-end=\"788\"><strong data-start=\"726\" data-end=\"752\">Maksimaalne tootlikkus<\/strong><br data-start=\"752\" data-end=\"755\" \/>\u00c4\u00e4rmiselt madalad k\u00e4ituskulud<\/li>\n<li data-start=\"789\" data-end=\"844\"><strong data-start=\"791\" data-end=\"815\">Vooliku liini kaitse<\/strong><br data-start=\"815\" data-end=\"818\" \/>Ei saastu m\u00e4\u00e4rdeainega<\/li>\n<li data-start=\"845\" data-end=\"892\"><strong data-start=\"847\" data-end=\"890\">Ideaalne toidu- ja farmaatsiat\u00f6\u00f6stusele<\/strong><\/li>\n<li data-start=\"893\" data-end=\"934\"><strong data-start=\"895\" data-end=\"932\">V\u00e4hendab surumisj\u00f5u kadu kuni 20%<\/strong><\/li>\n<li data-start=\"935\" data-end=\"976\"><strong data-start=\"937\" data-end=\"974\">Stabiilsus protsessis ja korduvus<\/strong><\/li>\n<li data-start=\"977\" data-end=\"1001\"><strong data-start=\"979\" data-end=\"1001\">CE-n\u00f5uetele vastav<\/strong><\/li>\n<li data-start=\"977\" data-end=\"1001\"><strong>Toodetud Saksamaal<\/strong><\/li>\n<\/ul>\n<hr data-start=\"1003\" data-end=\"1006\" \/>\n<h3 data-start=\"1008\" data-end=\"1029\">Tehnilised andmed<\/h3>\n<table data-start=\"1031\" data-end=\"3560\">\n<thead data-start=\"1031\" data-end=\"1126\">\n<tr data-start=\"1031\" data-end=\"1126\">\n<th data-start=\"1031\" data-end=\"1079\">Parameeter<\/th>\n<th data-start=\"1079\" data-end=\"1102\">SH 7<\/th>\n<th data-start=\"1102\" data-end=\"1126\">SH 7 S<\/th>\n<\/tr>\n<\/thead>\n<tbody data-start=\"1223\" data-end=\"3560\">\n<tr data-start=\"1223\" data-end=\"1320\">\n<td><strong data-start=\"1225\" data-end=\"1249\">Surumisj\u00f5ud (kN\/ton)<\/strong><\/td>\n<td>2400 \/ 240<\/td>\n<td>3200 \/ 320<\/td>\n<\/tr>\n<tr data-start=\"1321\" data-end=\"1417\">\n<td><em data-start=\"1323\" data-end=\"1361\">M\u00e4\u00e4rdeaineteta: 20% v\u00e4hem h\u00f5\u00f5rdumist<\/em><\/td>\n<td><\/td>\n<td><\/td>\n<\/tr>\n<tr data-start=\"1418\" data-end=\"1514\">\n<td><strong data-start=\"1420\" data-end=\"1433\">Juhtimine<\/strong><\/td>\n<td>Control A<\/td>\n<td>Control A<\/td>\n<\/tr>\n<tr data-start=\"1515\" data-end=\"1612\">\n<td><em data-start=\"1517\" data-end=\"1551\">SAE R 15 \/ 4SH 1-osaline liitm<\/em>*<\/td>\n<td>2&#8243;<\/td>\n<td>2&#8243;<\/td>\n<\/tr>\n<tr data-start=\"1613\" data-end=\"1710\">\n<td><em data-start=\"1615\" data-end=\"1638\">4SH 2-osaline liitm<\/em>*<\/td>\n<td>2&#8243;<\/td>\n<td>2&#8243;<\/td>\n<\/tr>\n<tr data-start=\"1711\" data-end=\"1806\">\n<td><em data-start=\"1713\" data-end=\"1741\">SAE R 15 2-osaline liitm<\/em>*<\/td>\n<td>1\u00bd&#8221;<\/td>\n<td>1\u00bd&#8221;<\/td>\n<\/tr>\n<tr data-start=\"1807\" data-end=\"1903\">\n<td><strong data-start=\"1809\" data-end=\"1840\">Maksimaalne surumisala (mm)<\/strong><\/td>\n<td>82<\/td>\n<td>82<\/td>\n<\/tr>\n<tr data-start=\"1904\" data-end=\"2001\">\n<td><strong data-start=\"1906\" data-end=\"1929\">Avamisharjumus (mm)<\/strong><\/td>\n<td>+24<\/td>\n<td>+24<\/td>\n<\/tr>\n<tr data-start=\"2002\" data-end=\"2099\">\n<td><strong data-start=\"2004\" data-end=\"2040\">Avamine ilma surumandriteta (mm)<\/strong><\/td>\n<td>110<\/td>\n<td>110<\/td>\n<\/tr>\n<tr data-start=\"2100\" data-end=\"2197\">\n<td><strong data-start=\"2102\" data-end=\"2127\">Baashaudi pikkus (mm)<\/strong><\/td>\n<td>90<\/td>\n<td>90<\/td>\n<\/tr>\n<tr data-start=\"2198\" data-end=\"2295\">\n<td><strong data-start=\"2200\" data-end=\"2221\">Surumandrite t\u00fc\u00fcp<\/strong><\/td>\n<td>239-xx \/ 265<\/td>\n<td>239-xx \/ 265<\/td>\n<\/tr>\n<tr data-start=\"2296\" data-end=\"2391\">\n<td><strong data-start=\"2298\" data-end=\"2309\">T\u00f6\u00f6stus<\/strong><\/td>\n<td>2&#8243;<\/td>\n<td>2&#8243;<\/td>\n<\/tr>\n<tr data-start=\"2392\" data-end=\"2485\">\n<td><strong data-start=\"2394\" data-end=\"2409\">90\u00b0 kumerus<\/strong><\/td>\n<td>1\u00bd&#8221;<\/td>\n<td>1\u00bd&#8221;<\/td>\n<\/tr>\n<tr data-start=\"2486\" data-end=\"2583\">\n<td><strong data-start=\"2488\" data-end=\"2513\">Sulgemiskiirus (mm\/s)<\/strong><\/td>\n<td>manual<\/td>\n<td>manual<\/td>\n<\/tr>\n<tr data-start=\"2584\" data-end=\"2681\">\n<td><strong data-start=\"2586\" data-end=\"2610\">Surumiskiirus (mm\/s)<\/strong><\/td>\n<td>0.42<\/td>\n<td>0.42<\/td>\n<\/tr>\n<tr data-start=\"2682\" data-end=\"2779\">\n<td><strong data-start=\"2684\" data-end=\"2707\">Avamiskiirus (mm\/s)<\/strong><\/td>\n<td>manual<\/td>\n<td>manual<\/td>\n<\/tr>\n<tr data-start=\"2780\" data-end=\"2877\">\n<td><strong data-start=\"2782\" data-end=\"2801\">M\u00fcra tase (dBA)<\/strong><\/td>\n<td>70<\/td>\n<td>70<\/td>\n<\/tr>\n<tr data-start=\"2878\" data-end=\"2975\">\n<td><strong data-start=\"2880\" data-end=\"2904\">Mootori v\u00f5imsus (kW)<\/strong><\/td>\n<td>0.75 kW, 3 VAC<\/td>\n<td>0.75 kW, 3 VAC<\/td>\n<\/tr>\n<tr data-start=\"2976\" data-end=\"3072\">\n<td><strong data-start=\"2978\" data-end=\"2989\">\u00d5li (l)<\/strong><\/td>\n<td>2.30<\/td>\n<td>2.30<\/td>\n<\/tr>\n<tr data-start=\"3073\" data-end=\"3170\">\n<td><strong data-start=\"3075\" data-end=\"3097\">Masina pikkus (mm)<\/strong><\/td>\n<td>430<\/td>\n<td>430<\/td>\n<\/tr>\n<tr data-start=\"3171\" data-end=\"3268\">\n<td><strong data-start=\"3173\" data-end=\"3194\">Masina laius (mm)<\/strong><\/td>\n<td>367<\/td>\n<td>367<\/td>\n<\/tr>\n<tr data-start=\"3269\" data-end=\"3366\">\n<td><strong data-start=\"3271\" data-end=\"3293\">Masina k\u00f5rgus (mm)<\/strong><\/td>\n<td>682<\/td>\n<td>682<\/td>\n<\/tr>\n<tr data-start=\"3367\" data-end=\"3464\">\n<td><strong data-start=\"3369\" data-end=\"3382\">Kaal (kg)<\/strong><\/td>\n<td>77<\/td>\n<td>77<\/td>\n<\/tr>\n<tr data-start=\"3465\" data-end=\"3560\">\n<td><strong data-start=\"3467\" data-end=\"3478\">Valikud<\/strong><\/td>\n<td>12 VDC \/ 24 VDC<\/td>\n<td>1 faas<\/td>\n<\/tr>\n<\/tbody>\n<\/table>\n<ul data-start=\"3562\" data-end=\"3588\">\n<li data-start=\"3562\" data-end=\"3588\">S\u00f5ltub liitmiku t\u00fc\u00fcbist.<\/li>\n<\/ul>\n<hr data-start=\"3590\" data-end=\"3593\" \/>\n<h3 data-start=\"3595\" data-end=\"3620\">Pressimandrite andmed<\/h3>\n<p data-start=\"3622\" data-end=\"3657\"><strong data-start=\"3622\" data-end=\"3657\">Pressimandrite t\u00fc\u00fcp: 239-xx-\u00f8yy<\/strong><\/p>\n<table data-start=\"3659\" data-end=\"4348\">\n<thead data-start=\"3659\" data-end=\"3681\">\n<tr data-start=\"3659\" data-end=\"3681\">\n<th data-start=\"3659\" data-end=\"3668\">\u00d8 (mm)<\/th>\n<th data-start=\"3668\" data-end=\"3681\">Pikkus (mm)<\/th>\n<\/tr>\n<\/thead>\n<tbody data-start=\"3705\" data-end=\"4348\">\n<tr data-start=\"3705\" data-end=\"3727\">\n<td>6.8<\/td>\n<td>50<\/td>\n<\/tr>\n<tr data-start=\"3728\" data-end=\"3750\">\n<td>9<\/td>\n<td>50<\/td>\n<\/tr>\n<tr data-start=\"3751\" data-end=\"3773\">\n<td>10<\/td>\n<td>50<\/td>\n<\/tr>\n<tr data-start=\"3774\" data-end=\"3796\">\n<td>12<\/td>\n<td>65<\/td>\n<\/tr>\n<tr data-start=\"3797\" data-end=\"3819\">\n<td>14<\/td>\n<td>65<\/td>\n<\/tr>\n<tr data-start=\"3820\" data-end=\"3842\">\n<td>16<\/td>\n<td>65<\/td>\n<\/tr>\n<tr data-start=\"3843\" data-end=\"3865\">\n<td>17<\/td>\n<td>65<\/td>\n<\/tr>\n<tr data-start=\"3866\" data-end=\"3888\">\n<td>19<\/td>\n<td>65<\/td>\n<\/tr>\n<tr data-start=\"3889\" data-end=\"3911\">\n<td>20<\/td>\n<td>65<\/td>\n<\/tr>\n<tr data-start=\"3912\" data-end=\"3934\">\n<td>22<\/td>\n<td>65<\/td>\n<\/tr>\n<tr data-start=\"3935\" data-end=\"3957\">\n<td>24<\/td>\n<td>65<\/td>\n<\/tr>\n<tr data-start=\"3958\" data-end=\"3980\">\n<td>26<\/td>\n<td>65<\/td>\n<\/tr>\n<tr data-start=\"3981\" data-end=\"4003\">\n<td>28<\/td>\n<td>80<\/td>\n<\/tr>\n<tr data-start=\"4004\" data-end=\"4026\">\n<td>30<\/td>\n<td>80<\/td>\n<\/tr>\n<tr data-start=\"4027\" data-end=\"4049\">\n<td>31<\/td>\n<td>80<\/td>\n<\/tr>\n<tr data-start=\"4050\" data-end=\"4072\">\n<td>32<\/td>\n<td>80<\/td>\n<\/tr>\n<tr data-start=\"4073\" data-end=\"4095\">\n<td>34<\/td>\n<td>80<\/td>\n<\/tr>\n<tr data-start=\"4096\" data-end=\"4118\">\n<td>36<\/td>\n<td>80<\/td>\n<\/tr>\n<tr data-start=\"4119\" data-end=\"4141\">\n<td>38<\/td>\n<td>80<\/td>\n<\/tr>\n<tr data-start=\"4142\" data-end=\"4164\">\n<td>39<\/td>\n<td>80<\/td>\n<\/tr>\n<tr data-start=\"4165\" data-end=\"4187\">\n<td>40<\/td>\n<td>80<\/td>\n<\/tr>\n<tr data-start=\"4188\" data-end=\"4210\">\n<td>44<\/td>\n<td>80<\/td>\n<\/tr>\n<tr data-start=\"4211\" data-end=\"4233\">\n<td>47<\/td>\n<td>100<\/td>\n<\/tr>\n<tr data-start=\"4234\" data-end=\"4256\">\n<td>50<\/td>\n<td>100<\/td>\n<\/tr>\n<tr data-start=\"4257\" data-end=\"4279\">\n<td>54<\/td>\n<td>100<\/td>\n<\/tr>\n<tr data-start=\"4280\" data-end=\"4302\">\n<td>57<\/td>\n<td>100<\/td>\n<\/tr>\n<tr data-start=\"4303\" data-end=\"4325\">\n<td>62<\/td>\n<td>100<\/td>\n<\/tr>\n<tr data-start=\"4326\" data-end=\"4348\">\n<td>265-100<\/td>\n<td><\/td>\n<\/tr>\n<\/tbody>\n<\/table>\n<hr data-start=\"4350\" data-end=\"4353\" \/>\n<h3 data-start=\"4355\" data-end=\"4381\">Esimese klassi eelised<\/h3>\n<ul data-start=\"4383\" data-end=\"4455\">\n<li data-start=\"4383\" data-end=\"4403\"><strong data-start=\"4385\" data-end=\"4403\">M\u00e4\u00e4rdeaineteta<\/strong><\/li>\n<li data-start=\"4404\" data-end=\"4422\"><strong data-start=\"4406\" data-end=\"4422\">Universaalne<\/strong><\/li>\n<li data-start=\"4423\" data-end=\"4436\"><strong data-start=\"4425\" data-end=\"4436\">Ecoline<\/strong><\/li>\n<\/ul>\n<hr data-start=\"4457\" data-end=\"4460\" \/>\n<h3 data-start=\"4462\" data-end=\"4472\">Pakett<\/h3>\n<p data-start=\"4474\" data-end=\"4547\">K\u00e4esoleva toote ostuga kaasas ja hinnas sisalduvad j\u00e4rgmised komponendid:<\/p>\n<ul data-start=\"4549\" data-end=\"4684\">\n<li data-start=\"4549\" data-end=\"4650\"><strong data-start=\"4551\" data-end=\"4562\">Pakett:<\/strong> Masin + PB 17, 20, 24, 28, 32, 40, 44, 50, 57, 71 + 265.239 L + QDS 239 B + QDC 239.5<\/li>\n<li data-start=\"4651\" data-end=\"4668\"><strong data-start=\"4653\" data-end=\"4666\">QDS 239 B<\/strong><\/li>\n<li data-start=\"4669\" data-end=\"4684\"><strong data-start=\"4671\" data-end=\"4684\">QDC 239.5<\/strong><\/li>\n<\/ul>\n<hr data-start=\"4686\" data-end=\"4689\" \/>\n<h3 data-start=\"4691\" data-end=\"4703\">Tarvikud<\/h3>\n<p data-start=\"4705\" data-end=\"4760\">Masinat saab t\u00e4iendada j\u00e4rgmiste tarvikutega:<\/p>\n<ul data-start=\"4762\" data-end=\"4796\">\n<li data-start=\"4762\" data-end=\"4772\"><strong data-start=\"4764\" data-end=\"4770\">TU<\/strong><\/li>\n<li data-start=\"4773\" data-end=\"4784\"><strong data-start=\"4775\" data-end=\"4782\">PTS<\/strong><\/li>\n<li data-start=\"4785\" data-end=\"4796\"><strong data-start=\"4787\" data-end=\"4796\">265.2<\/strong><\/li>\n<\/ul>\n<hr data-start=\"4798\" data-end=\"4801\" \/>\n<h3 data-start=\"4803\" data-end=\"4816\">Kirjeldus<\/h3>\n<ul data-start=\"4818\" data-end=\"5152\">\n<li data-start=\"4818\" data-end=\"4935\"><strong data-start=\"4820\" data-end=\"4848\">Klassikaline mikromeeter<\/strong><br data-start=\"4848\" data-end=\"4851\" \/>Klassikaline mikromeeter v\u00f5imaldab t\u00e4iuslikke kohandusi teie surum\u00f5\u00f5tmete jaoks.<\/li>\n<li data-start=\"4936\" data-end=\"4988\"><strong data-start=\"4938\" data-end=\"4949\">QDS-239<\/strong><br data-start=\"4949\" data-end=\"4952\" \/>QDS 239 B on saadaval pakendina.<\/li>\n<li data-start=\"4989\" data-end=\"5041\"><strong data-start=\"4991\" data-end=\"5014\">Manuaalne sulgemine<\/strong><br data-start=\"5014\" data-end=\"5017\" \/>Manuaalne sulgemine.<\/li>\n<li data-start=\"5042\" data-end=\"5152\"><strong data-start=\"5044\" data-end=\"5076\">SH7 2-tolline teeninduspress<\/strong><br data-start=\"5076\" data-end=\"5079\" \/>Kergeim mobiilne 2-tolline teeninduspress. Saadaval ka 12\/24 V.<\/li>\n<\/ul>\n<p data-start=\"74\" data-end=\"481\">P\u00e4ring:<\/p>\n<p data-start=\"5555\" data-end=\"5641\">\n<div class=\"wpcf7 no-js\" id=\"wpcf7-f3534-o1\" lang=\"et\" dir=\"ltr\">\n<div class=\"screen-reader-response\"><p role=\"status\" aria-live=\"polite\" aria-atomic=\"true\"><\/p> <ul><\/ul><\/div>\n<form action=\"\/sv\/wp-json\/wp\/v2\/product\/27973#wpcf7-f3534-o1\" method=\"post\" class=\"wpcf7-form init\" aria-label=\"Contact form\" novalidate=\"novalidate\" data-status=\"init\">\n<div style=\"display: none;\">\n<input type=\"hidden\" name=\"_wpcf7\" value=\"3534\" \/>\n<input type=\"hidden\" name=\"_wpcf7_version\" value=\"5.7.4\" \/>\n<input type=\"hidden\" name=\"_wpcf7_locale\" value=\"et\" \/>\n<input type=\"hidden\" name=\"_wpcf7_unit_tag\" value=\"wpcf7-f3534-o1\" \/>\n<input type=\"hidden\" name=\"_wpcf7_container_post\" value=\"0\" \/>\n<input type=\"hidden\" name=\"_wpcf7_posted_data_hash\" value=\"\" \/>\n<input type=\"hidden\" name=\"_wpcf7_recaptcha_response\" value=\"\" \/>\n<\/div>\n<p><label> E-mail<br \/>\n<span class=\"wpcf7-form-control-wrap\" data-name=\"your-email\"><input size=\"40\" class=\"wpcf7-form-control wpcf7-text wpcf7-email wpcf7-validates-as-required wpcf7-validates-as-email\" aria-required=\"true\" aria-invalid=\"false\" value=\"\" type=\"email\" name=\"your-email\" \/><\/span> <\/label>\n<\/p>\n<p><label> S\u00f5num<br \/>\n<span class=\"wpcf7-form-control-wrap\" data-name=\"your-message\"><textarea cols=\"40\" rows=\"10\" class=\"wpcf7-form-control wpcf7-textarea wpcf7-validates-as-required\" aria-required=\"true\" aria-invalid=\"false\" name=\"your-message\"><\/textarea><\/span> <\/label>\n<\/p>\n<p><input class=\"wpcf7-form-control has-spinner wpcf7-submit\" type=\"submit\" value=\"Saada\" \/>\n<\/p><div class=\"wpcf7-response-output\" aria-hidden=\"true\"><\/div>\n<\/form>\n<\/div>\n","protected":false},"excerpt":{"rendered":"<p>SH 7 \u2013 kvaliteedi ja kuluefektiivsuse standardid\u00d5hukese, uuendusliku disaini, k\u00f5rge kasutajas\u00f5bralikkuse, mitmek\u00fclgsuse ja pika t\u00f6\u00f6ea t\u00f5ttu seab SH 7 standardid<\/p>\n","protected":false},"featured_media":27977,"template":"","meta":[],"product_cat":[1719],"product_tag":[1720],"supplier_id":null,"supplier_sku":"","barcode":null,"atum_controlled":true,"out_stock_date":null,"out_stock_threshold":null,"inheritable":false,"inbound_stock":0,"stock_on_hold":0,"sold_today":0,"sales_last_days":0,"reserved_stock":0,"customer_returns":0,"warehouse_damage":0,"lost_in_post":0,"other_logs":0,"out_stock_days":0,"lost_sales":0,"has_location":false,"update_date":"2026-04-07T00:14:39","atum_locations":[],"atum_stock_status":"onbackorder","restock_status":false,"low_stock_amount":"","sales_update_date":"2026-04-07T00:14:39","calc_backorders":null,"yoast_head":"<!-- This site is optimized with the Yoast SEO plugin v21.0 - https:\/\/yoast.com\/wordpress\/plugins\/seo\/ -->\n<title>H\u00fcdrovooliku press Uniflex SH 7 - Flexib h\u00fcdraulika<\/title>\n<meta name=\"description\" content=\"H\u00fcdrovooliku press Uniflex SH 7 - H\u00fcdraulika komponendid, h\u00fcdropumbad, h\u00fcdraulilised jagajad, h\u00fcdrosilindrid, h\u00fcdropumbad, h\u00fcdraulika \u00f5lid ja h\u00fcdromootorid. P\u00f5llumajandus h\u00fcdraulika, h\u00fcdrovoolikud ja h\u00fcdrojaamad.\" \/>\n<meta name=\"robots\" content=\"index, follow, max-snippet:-1, max-image-preview:large, max-video-preview:-1\" \/>\n<link rel=\"canonical\" href=\"https:\/\/www.flexib.ee\/sv\/toode\/hudrovooliku-press-uniflex-sh-7\/\" \/>\n<meta property=\"og:locale\" content=\"sv_SE\" \/>\n<meta property=\"og:type\" content=\"article\" \/>\n<meta property=\"og:title\" content=\"H\u00fcdrovooliku press Uniflex SH 7 - Flexib h\u00fcdraulika\" \/>\n<meta property=\"og:description\" content=\"H\u00fcdrovooliku press Uniflex SH 7 - H\u00fcdraulika komponendid, h\u00fcdropumbad, h\u00fcdraulilised jagajad, h\u00fcdrosilindrid, h\u00fcdropumbad, h\u00fcdraulika \u00f5lid ja h\u00fcdromootorid. P\u00f5llumajandus h\u00fcdraulika, h\u00fcdrovoolikud ja h\u00fcdrojaamad.\" \/>\n<meta property=\"og:url\" content=\"https:\/\/www.flexib.ee\/sv\/toode\/hudrovooliku-press-uniflex-sh-7\/\" \/>\n<meta property=\"og:site_name\" content=\"Flexib h\u00fcdraulika\" \/>\n<meta property=\"article:modified_time\" content=\"2025-03-05T17:46:38+00:00\" \/>\n<meta property=\"og:image\" content=\"https:\/\/www.flexib.ee\/wp-content\/uploads\/2025\/03\/Hudrovooliku-press-Uniflex-SH-7.webp\" \/>\n\t<meta property=\"og:image:width\" content=\"900\" \/>\n\t<meta property=\"og:image:height\" content=\"675\" \/>\n\t<meta property=\"og:image:type\" content=\"image\/webp\" \/>\n<meta name=\"twitter:card\" content=\"summary_large_image\" \/>\n<meta name=\"twitter:label1\" content=\"Ber\u00e4knad l\u00e4stid\" \/>\n\t<meta name=\"twitter:data1\" content=\"3 minuter\" \/>\n<script type=\"application\/ld+json\" class=\"yoast-schema-graph\">{\"@context\":\"https:\/\/schema.org\",\"@graph\":[{\"@type\":\"WebPage\",\"@id\":\"https:\/\/www.flexib.ee\/sv\/toode\/hudrovooliku-press-uniflex-sh-7\/\",\"url\":\"https:\/\/www.flexib.ee\/sv\/toode\/hudrovooliku-press-uniflex-sh-7\/\",\"name\":\"H\u00fcdrovooliku press Uniflex SH 7 - Flexib h\u00fcdraulika\",\"isPartOf\":{\"@id\":\"https:\/\/flexib.ee\/#website\"},\"datePublished\":\"2025-03-05T17:44:02+00:00\",\"dateModified\":\"2025-03-05T17:46:38+00:00\",\"description\":\"H\u00fcdrovooliku press Uniflex SH 7 - H\u00fcdraulika komponendid, h\u00fcdropumbad, h\u00fcdraulilised jagajad, h\u00fcdrosilindrid, h\u00fcdropumbad, h\u00fcdraulika \u00f5lid ja h\u00fcdromootorid. P\u00f5llumajandus h\u00fcdraulika, h\u00fcdrovoolikud ja h\u00fcdrojaamad.\",\"breadcrumb\":{\"@id\":\"https:\/\/www.flexib.ee\/sv\/toode\/hudrovooliku-press-uniflex-sh-7\/#breadcrumb\"},\"inLanguage\":\"sv-SE\",\"potentialAction\":[{\"@type\":\"ReadAction\",\"target\":[\"https:\/\/www.flexib.ee\/sv\/toode\/hudrovooliku-press-uniflex-sh-7\/\"]}]},{\"@type\":\"BreadcrumbList\",\"@id\":\"https:\/\/www.flexib.ee\/sv\/toode\/hudrovooliku-press-uniflex-sh-7\/#breadcrumb\",\"itemListElement\":[{\"@type\":\"ListItem\",\"position\":1,\"name\":\"Flexib\",\"item\":\"https:\/\/flexib.ee\/\"},{\"@type\":\"ListItem\",\"position\":2,\"name\":\"Butik\",\"item\":\"https:\/\/flexib.ee\/sv\/butik\/\"},{\"@type\":\"ListItem\",\"position\":3,\"name\":\"H\u00fcdrovooliku press Uniflex SH 7\"}]},{\"@type\":\"WebSite\",\"@id\":\"https:\/\/flexib.ee\/#website\",\"url\":\"https:\/\/flexib.ee\/\",\"name\":\"Flexib h\u00fcdraulika\",\"description\":\"H\u00fcdraulika tarvikud ja komponendid.\",\"publisher\":{\"@id\":\"https:\/\/flexib.ee\/#organization\"},\"potentialAction\":[{\"@type\":\"SearchAction\",\"target\":{\"@type\":\"EntryPoint\",\"urlTemplate\":\"https:\/\/flexib.ee\/?s={search_term_string}\"},\"query-input\":\"required name=search_term_string\"}],\"inLanguage\":\"sv-SE\"},{\"@type\":\"Organization\",\"@id\":\"https:\/\/flexib.ee\/#organization\",\"name\":\"Flexib H\u00fcdraulika\",\"url\":\"https:\/\/flexib.ee\/\",\"logo\":{\"@type\":\"ImageObject\",\"inLanguage\":\"sv-SE\",\"@id\":\"https:\/\/flexib.ee\/#\/schema\/logo\/image\/\",\"url\":\"https:\/\/flexib.ee\/wp-content\/uploads\/2020\/08\/FLEXIB-2.png\",\"contentUrl\":\"https:\/\/flexib.ee\/wp-content\/uploads\/2020\/08\/FLEXIB-2.png\",\"width\":500,\"height\":500,\"caption\":\"Flexib H\u00fcdraulika\"},\"image\":{\"@id\":\"https:\/\/flexib.ee\/#\/schema\/logo\/image\/\"}}]}<\/script>\n<!-- \/ Yoast SEO plugin. -->","yoast_head_json":{"title":"H\u00fcdrovooliku press Uniflex SH 7 - Flexib h\u00fcdraulika","description":"H\u00fcdrovooliku press Uniflex SH 7 - H\u00fcdraulika komponendid, h\u00fcdropumbad, h\u00fcdraulilised jagajad, h\u00fcdrosilindrid, h\u00fcdropumbad, h\u00fcdraulika \u00f5lid ja h\u00fcdromootorid. P\u00f5llumajandus h\u00fcdraulika, h\u00fcdrovoolikud ja h\u00fcdrojaamad.","robots":{"index":"index","follow":"follow","max-snippet":"max-snippet:-1","max-image-preview":"max-image-preview:large","max-video-preview":"max-video-preview:-1"},"canonical":"https:\/\/www.flexib.ee\/sv\/toode\/hudrovooliku-press-uniflex-sh-7\/","og_locale":"sv_SE","og_type":"article","og_title":"H\u00fcdrovooliku press Uniflex SH 7 - Flexib h\u00fcdraulika","og_description":"H\u00fcdrovooliku press Uniflex SH 7 - H\u00fcdraulika komponendid, h\u00fcdropumbad, h\u00fcdraulilised jagajad, h\u00fcdrosilindrid, h\u00fcdropumbad, h\u00fcdraulika \u00f5lid ja h\u00fcdromootorid. P\u00f5llumajandus h\u00fcdraulika, h\u00fcdrovoolikud ja h\u00fcdrojaamad.","og_url":"https:\/\/www.flexib.ee\/sv\/toode\/hudrovooliku-press-uniflex-sh-7\/","og_site_name":"Flexib h\u00fcdraulika","article_modified_time":"2025-03-05T17:46:38+00:00","og_image":[{"width":900,"height":675,"url":"https:\/\/www.flexib.ee\/wp-content\/uploads\/2025\/03\/Hudrovooliku-press-Uniflex-SH-7.webp","type":"image\/webp"}],"twitter_card":"summary_large_image","twitter_misc":{"Ber\u00e4knad l\u00e4stid":"3 minuter"},"schema":{"@context":"https:\/\/schema.org","@graph":[{"@type":"WebPage","@id":"https:\/\/www.flexib.ee\/sv\/toode\/hudrovooliku-press-uniflex-sh-7\/","url":"https:\/\/www.flexib.ee\/sv\/toode\/hudrovooliku-press-uniflex-sh-7\/","name":"H\u00fcdrovooliku press Uniflex SH 7 - Flexib h\u00fcdraulika","isPartOf":{"@id":"https:\/\/flexib.ee\/#website"},"datePublished":"2025-03-05T17:44:02+00:00","dateModified":"2025-03-05T17:46:38+00:00","description":"H\u00fcdrovooliku press Uniflex SH 7 - H\u00fcdraulika komponendid, h\u00fcdropumbad, h\u00fcdraulilised jagajad, h\u00fcdrosilindrid, h\u00fcdropumbad, h\u00fcdraulika \u00f5lid ja h\u00fcdromootorid. P\u00f5llumajandus h\u00fcdraulika, h\u00fcdrovoolikud ja h\u00fcdrojaamad.","breadcrumb":{"@id":"https:\/\/www.flexib.ee\/sv\/toode\/hudrovooliku-press-uniflex-sh-7\/#breadcrumb"},"inLanguage":"sv-SE","potentialAction":[{"@type":"ReadAction","target":["https:\/\/www.flexib.ee\/sv\/toode\/hudrovooliku-press-uniflex-sh-7\/"]}]},{"@type":"BreadcrumbList","@id":"https:\/\/www.flexib.ee\/sv\/toode\/hudrovooliku-press-uniflex-sh-7\/#breadcrumb","itemListElement":[{"@type":"ListItem","position":1,"name":"Flexib","item":"https:\/\/flexib.ee\/"},{"@type":"ListItem","position":2,"name":"Butik","item":"https:\/\/flexib.ee\/sv\/butik\/"},{"@type":"ListItem","position":3,"name":"H\u00fcdrovooliku press Uniflex SH 7"}]},{"@type":"WebSite","@id":"https:\/\/flexib.ee\/#website","url":"https:\/\/flexib.ee\/","name":"Flexib h\u00fcdraulika","description":"H\u00fcdraulika tarvikud ja komponendid.","publisher":{"@id":"https:\/\/flexib.ee\/#organization"},"potentialAction":[{"@type":"SearchAction","target":{"@type":"EntryPoint","urlTemplate":"https:\/\/flexib.ee\/?s={search_term_string}"},"query-input":"required name=search_term_string"}],"inLanguage":"sv-SE"},{"@type":"Organization","@id":"https:\/\/flexib.ee\/#organization","name":"Flexib H\u00fcdraulika","url":"https:\/\/flexib.ee\/","logo":{"@type":"ImageObject","inLanguage":"sv-SE","@id":"https:\/\/flexib.ee\/#\/schema\/logo\/image\/","url":"https:\/\/flexib.ee\/wp-content\/uploads\/2020\/08\/FLEXIB-2.png","contentUrl":"https:\/\/flexib.ee\/wp-content\/uploads\/2020\/08\/FLEXIB-2.png","width":500,"height":500,"caption":"Flexib H\u00fcdraulika"},"image":{"@id":"https:\/\/flexib.ee\/#\/schema\/logo\/image\/"}}]}},"_links":{"self":[{"href":"https:\/\/www.flexib.ee\/sv\/wp-json\/wp\/v2\/product\/27973"}],"collection":[{"href":"https:\/\/www.flexib.ee\/sv\/wp-json\/wp\/v2\/product"}],"about":[{"href":"https:\/\/www.flexib.ee\/sv\/wp-json\/wp\/v2\/types\/product"}],"wp:featuredmedia":[{"embeddable":true,"href":"https:\/\/www.flexib.ee\/sv\/wp-json\/wp\/v2\/media\/27977"}],"wp:attachment":[{"href":"https:\/\/www.flexib.ee\/sv\/wp-json\/wp\/v2\/media?parent=27973"}],"wp:term":[{"taxonomy":"product_cat","embeddable":true,"href":"https:\/\/www.flexib.ee\/sv\/wp-json\/wp\/v2\/product_cat?post=27973"},{"taxonomy":"product_tag","embeddable":true,"href":"https:\/\/www.flexib.ee\/sv\/wp-json\/wp\/v2\/product_tag?post=27973"}],"curies":[{"name":"wp","href":"https:\/\/api.w.org\/{rel}","templated":true}]}}