{"id":29474,"date":"2026-01-14T13:53:45","date_gmt":"2026-01-14T10:53:45","guid":{"rendered":"https:\/\/flexib.ee\/toode\/mts-tanavapuhastusmasin\/"},"modified":"2026-01-14T13:53:45","modified_gmt":"2026-01-14T10:53:45","slug":"mts-tanavapuhastusmasin","status":"publish","type":"product","link":"https:\/\/www.flexib.ee\/sv\/toode\/mts-tanavapuhastusmasin\/","title":{"rendered":"MTS t\u00e4navapuhastusmasin"},"content":{"rendered":"<p>MTS t\u00e4navapuhastusmasin<br \/>\nMTS t\u00e4navapuhastusmasin on m\u00f5eldud tasaste pindade, n\u00e4iteks teede, v\u00e4ljakute ja k\u00f5nniteede p\u00fchkimiseks. Masin on m\u00f5eldud \u00fchendamiseks v\u00e4ikese haagisega, millel on eesmine kolmepunkti\u00fchendus. P\u00fchkimismasinat k\u00e4itab j\u00f5uv\u00f5tuv\u00f5ll. Maapinna j\u00e4rgimisega veotiisel,<br \/>\nH\u00fcdrauliline kopa t\u00f5ste,<br \/>\nH\u00fcdrauliline t\u00e4navapuhastusmasina juhtimine,<br \/>\nK\u00fclghari (lisavarustus),<br \/>\nP\u00fchkimisfunktsioon,<br \/>\nKummist kate harja korpuse ja kopa vahel tolmu tekitamise v\u00e4hendamiseks,<br \/>\nLihtsalt vahetatavad plast- v\u00f5i plast-metallharjad,<br \/>\nV\u00f5imalus masinale paigaldada sprinklerid ja veepaak (lisavarustus).<br \/>\nV\u00f5imalik j\u00f5uv\u00f5tuv\u00f5lli p\u00f6\u00f6rlemissuund: paremale ja vasakule.<br \/>\nV\u00f5imalikud j\u00f5uv\u00f5tuv\u00f5lli p\u00f6\u00f6rlemiskiirused: 540 p\/min, 1000 p\/min ja 2000 p\/min.<\/p>\n<p>Tehnilised andmed<br \/>\nLaius (mm) Kaal (kg) Tolmukonteineri kogumaht (l) T\u00e4iturmehhanismid \u00d5livool (l\/min) \u00d5lir\u00f5hk (bar)<br \/>\n1200 190 67 2 min 40 max 60 max 140<br \/>\n1400 200 78 2 min 40 max 60 max 140<br \/>\n1600 210 89 2 min 40 max 60 max 140<br \/>\nVeepaak<br \/>\nLaius (<\/p>\n","protected":false},"excerpt":{"rendered":"<p>MTS t\u00e4navapuhastusmasin MTS t\u00e4navapuhastusmasin on m\u00f5eldud tasaste pindade, n\u00e4iteks teede, v\u00e4ljakute ja k\u00f5nniteede p\u00fchkimiseks. Masin on m\u00f5eldud \u00fchendamiseks v\u00e4ikese haagisega,<\/p>\n","protected":false},"featured_media":29471,"template":"","meta":[],"product_cat":[1791],"product_tag":[],"supplier_id":null,"supplier_sku":"","barcode":null,"atum_controlled":true,"out_stock_date":null,"out_stock_threshold":null,"inheritable":false,"inbound_stock":null,"stock_on_hold":0,"sold_today":0,"sales_last_days":0,"reserved_stock":null,"customer_returns":null,"warehouse_damage":null,"lost_in_post":null,"other_logs":null,"out_stock_days":0,"lost_sales":0,"has_location":null,"update_date":"2026-04-15T00:10:35","atum_locations":[],"atum_stock_status":"instock","restock_status":false,"low_stock_amount":"","sales_update_date":"2026-04-15T00:10:35","calc_backorders":null,"yoast_head":"<!-- This site is optimized with the Yoast SEO plugin v21.0 - https:\/\/yoast.com\/wordpress\/plugins\/seo\/ -->\n<title>MTS t\u00e4navapuhastusmasin - Flexib h\u00fcdraulika<\/title>\n<meta name=\"description\" content=\"MTS t\u00e4navapuhastusmasin - H\u00fcdraulika komponendid, h\u00fcdropumbad, h\u00fcdraulilised jagajad, h\u00fcdrosilindrid, h\u00fcdropumbad, h\u00fcdraulika \u00f5lid ja h\u00fcdromootorid. P\u00f5llumajandus h\u00fcdraulika, h\u00fcdrovoolikud ja h\u00fcdrojaamad.\" \/>\n<meta name=\"robots\" content=\"index, follow, max-snippet:-1, max-image-preview:large, max-video-preview:-1\" \/>\n<link rel=\"canonical\" href=\"https:\/\/www.flexib.ee\/sv\/toode\/mts-tanavapuhastusmasin\/\" \/>\n<meta property=\"og:locale\" content=\"sv_SE\" \/>\n<meta property=\"og:type\" content=\"article\" \/>\n<meta property=\"og:title\" content=\"MTS t\u00e4navapuhastusmasin - Flexib h\u00fcdraulika\" \/>\n<meta property=\"og:description\" content=\"MTS t\u00e4navapuhastusmasin - H\u00fcdraulika komponendid, h\u00fcdropumbad, h\u00fcdraulilised jagajad, h\u00fcdrosilindrid, h\u00fcdropumbad, h\u00fcdraulika \u00f5lid ja h\u00fcdromootorid. P\u00f5llumajandus h\u00fcdraulika, h\u00fcdrovoolikud ja h\u00fcdrojaamad.\" \/>\n<meta property=\"og:url\" content=\"https:\/\/www.flexib.ee\/sv\/toode\/mts-tanavapuhastusmasin\/\" \/>\n<meta property=\"og:site_name\" content=\"Flexib h\u00fcdraulika\" \/>\n<meta property=\"og:image\" content=\"https:\/\/www.flexib.ee\/wp-content\/uploads\/2026\/01\/thumbs_DSC_9383-kopia2.png\" \/>\n\t<meta property=\"og:image:width\" content=\"240\" \/>\n\t<meta property=\"og:image:height\" content=\"160\" \/>\n\t<meta property=\"og:image:type\" content=\"image\/png\" \/>\n<meta name=\"twitter:card\" content=\"summary_large_image\" \/>\n<meta name=\"twitter:label1\" content=\"Ber\u00e4knad l\u00e4stid\" \/>\n\t<meta name=\"twitter:data1\" content=\"1 minut\" \/>\n<script type=\"application\/ld+json\" class=\"yoast-schema-graph\">{\"@context\":\"https:\/\/schema.org\",\"@graph\":[{\"@type\":\"WebPage\",\"@id\":\"https:\/\/www.flexib.ee\/sv\/toode\/mts-tanavapuhastusmasin\/\",\"url\":\"https:\/\/www.flexib.ee\/sv\/toode\/mts-tanavapuhastusmasin\/\",\"name\":\"MTS t\u00e4navapuhastusmasin - Flexib h\u00fcdraulika\",\"isPartOf\":{\"@id\":\"https:\/\/flexib.ee\/#website\"},\"datePublished\":\"2026-01-14T10:53:45+00:00\",\"dateModified\":\"2026-01-14T10:53:45+00:00\",\"description\":\"MTS t\u00e4navapuhastusmasin - H\u00fcdraulika komponendid, h\u00fcdropumbad, h\u00fcdraulilised jagajad, h\u00fcdrosilindrid, h\u00fcdropumbad, h\u00fcdraulika \u00f5lid ja h\u00fcdromootorid. P\u00f5llumajandus h\u00fcdraulika, h\u00fcdrovoolikud ja h\u00fcdrojaamad.\",\"breadcrumb\":{\"@id\":\"https:\/\/www.flexib.ee\/sv\/toode\/mts-tanavapuhastusmasin\/#breadcrumb\"},\"inLanguage\":\"sv-SE\",\"potentialAction\":[{\"@type\":\"ReadAction\",\"target\":[\"https:\/\/www.flexib.ee\/sv\/toode\/mts-tanavapuhastusmasin\/\"]}]},{\"@type\":\"BreadcrumbList\",\"@id\":\"https:\/\/www.flexib.ee\/sv\/toode\/mts-tanavapuhastusmasin\/#breadcrumb\",\"itemListElement\":[{\"@type\":\"ListItem\",\"position\":1,\"name\":\"Flexib\",\"item\":\"https:\/\/flexib.ee\/\"},{\"@type\":\"ListItem\",\"position\":2,\"name\":\"Butik\",\"item\":\"https:\/\/flexib.ee\/sv\/butik\/\"},{\"@type\":\"ListItem\",\"position\":3,\"name\":\"MTS t\u00e4navapuhastusmasin\"}]},{\"@type\":\"WebSite\",\"@id\":\"https:\/\/flexib.ee\/#website\",\"url\":\"https:\/\/flexib.ee\/\",\"name\":\"Flexib h\u00fcdraulika\",\"description\":\"H\u00fcdraulika tarvikud ja komponendid.\",\"publisher\":{\"@id\":\"https:\/\/flexib.ee\/#organization\"},\"potentialAction\":[{\"@type\":\"SearchAction\",\"target\":{\"@type\":\"EntryPoint\",\"urlTemplate\":\"https:\/\/flexib.ee\/?s={search_term_string}\"},\"query-input\":\"required name=search_term_string\"}],\"inLanguage\":\"sv-SE\"},{\"@type\":\"Organization\",\"@id\":\"https:\/\/flexib.ee\/#organization\",\"name\":\"Flexib H\u00fcdraulika\",\"url\":\"https:\/\/flexib.ee\/\",\"logo\":{\"@type\":\"ImageObject\",\"inLanguage\":\"sv-SE\",\"@id\":\"https:\/\/flexib.ee\/#\/schema\/logo\/image\/\",\"url\":\"https:\/\/flexib.ee\/wp-content\/uploads\/2020\/08\/FLEXIB-2.png\",\"contentUrl\":\"https:\/\/flexib.ee\/wp-content\/uploads\/2020\/08\/FLEXIB-2.png\",\"width\":500,\"height\":500,\"caption\":\"Flexib H\u00fcdraulika\"},\"image\":{\"@id\":\"https:\/\/flexib.ee\/#\/schema\/logo\/image\/\"}}]}<\/script>\n<!-- \/ Yoast SEO plugin. -->","yoast_head_json":{"title":"MTS t\u00e4navapuhastusmasin - Flexib h\u00fcdraulika","description":"MTS t\u00e4navapuhastusmasin - H\u00fcdraulika komponendid, h\u00fcdropumbad, h\u00fcdraulilised jagajad, h\u00fcdrosilindrid, h\u00fcdropumbad, h\u00fcdraulika \u00f5lid ja h\u00fcdromootorid. P\u00f5llumajandus h\u00fcdraulika, h\u00fcdrovoolikud ja h\u00fcdrojaamad.","robots":{"index":"index","follow":"follow","max-snippet":"max-snippet:-1","max-image-preview":"max-image-preview:large","max-video-preview":"max-video-preview:-1"},"canonical":"https:\/\/www.flexib.ee\/sv\/toode\/mts-tanavapuhastusmasin\/","og_locale":"sv_SE","og_type":"article","og_title":"MTS t\u00e4navapuhastusmasin - Flexib h\u00fcdraulika","og_description":"MTS t\u00e4navapuhastusmasin - H\u00fcdraulika komponendid, h\u00fcdropumbad, h\u00fcdraulilised jagajad, h\u00fcdrosilindrid, h\u00fcdropumbad, h\u00fcdraulika \u00f5lid ja h\u00fcdromootorid. P\u00f5llumajandus h\u00fcdraulika, h\u00fcdrovoolikud ja h\u00fcdrojaamad.","og_url":"https:\/\/www.flexib.ee\/sv\/toode\/mts-tanavapuhastusmasin\/","og_site_name":"Flexib h\u00fcdraulika","og_image":[{"width":240,"height":160,"url":"https:\/\/www.flexib.ee\/wp-content\/uploads\/2026\/01\/thumbs_DSC_9383-kopia2.png","type":"image\/png"}],"twitter_card":"summary_large_image","twitter_misc":{"Ber\u00e4knad l\u00e4stid":"1 minut"},"schema":{"@context":"https:\/\/schema.org","@graph":[{"@type":"WebPage","@id":"https:\/\/www.flexib.ee\/sv\/toode\/mts-tanavapuhastusmasin\/","url":"https:\/\/www.flexib.ee\/sv\/toode\/mts-tanavapuhastusmasin\/","name":"MTS t\u00e4navapuhastusmasin - Flexib h\u00fcdraulika","isPartOf":{"@id":"https:\/\/flexib.ee\/#website"},"datePublished":"2026-01-14T10:53:45+00:00","dateModified":"2026-01-14T10:53:45+00:00","description":"MTS t\u00e4navapuhastusmasin - H\u00fcdraulika komponendid, h\u00fcdropumbad, h\u00fcdraulilised jagajad, h\u00fcdrosilindrid, h\u00fcdropumbad, h\u00fcdraulika \u00f5lid ja h\u00fcdromootorid. P\u00f5llumajandus h\u00fcdraulika, h\u00fcdrovoolikud ja h\u00fcdrojaamad.","breadcrumb":{"@id":"https:\/\/www.flexib.ee\/sv\/toode\/mts-tanavapuhastusmasin\/#breadcrumb"},"inLanguage":"sv-SE","potentialAction":[{"@type":"ReadAction","target":["https:\/\/www.flexib.ee\/sv\/toode\/mts-tanavapuhastusmasin\/"]}]},{"@type":"BreadcrumbList","@id":"https:\/\/www.flexib.ee\/sv\/toode\/mts-tanavapuhastusmasin\/#breadcrumb","itemListElement":[{"@type":"ListItem","position":1,"name":"Flexib","item":"https:\/\/flexib.ee\/"},{"@type":"ListItem","position":2,"name":"Butik","item":"https:\/\/flexib.ee\/sv\/butik\/"},{"@type":"ListItem","position":3,"name":"MTS t\u00e4navapuhastusmasin"}]},{"@type":"WebSite","@id":"https:\/\/flexib.ee\/#website","url":"https:\/\/flexib.ee\/","name":"Flexib h\u00fcdraulika","description":"H\u00fcdraulika tarvikud ja komponendid.","publisher":{"@id":"https:\/\/flexib.ee\/#organization"},"potentialAction":[{"@type":"SearchAction","target":{"@type":"EntryPoint","urlTemplate":"https:\/\/flexib.ee\/?s={search_term_string}"},"query-input":"required name=search_term_string"}],"inLanguage":"sv-SE"},{"@type":"Organization","@id":"https:\/\/flexib.ee\/#organization","name":"Flexib H\u00fcdraulika","url":"https:\/\/flexib.ee\/","logo":{"@type":"ImageObject","inLanguage":"sv-SE","@id":"https:\/\/flexib.ee\/#\/schema\/logo\/image\/","url":"https:\/\/flexib.ee\/wp-content\/uploads\/2020\/08\/FLEXIB-2.png","contentUrl":"https:\/\/flexib.ee\/wp-content\/uploads\/2020\/08\/FLEXIB-2.png","width":500,"height":500,"caption":"Flexib H\u00fcdraulika"},"image":{"@id":"https:\/\/flexib.ee\/#\/schema\/logo\/image\/"}}]}},"_links":{"self":[{"href":"https:\/\/www.flexib.ee\/sv\/wp-json\/wp\/v2\/product\/29474"}],"collection":[{"href":"https:\/\/www.flexib.ee\/sv\/wp-json\/wp\/v2\/product"}],"about":[{"href":"https:\/\/www.flexib.ee\/sv\/wp-json\/wp\/v2\/types\/product"}],"wp:featuredmedia":[{"embeddable":true,"href":"https:\/\/www.flexib.ee\/sv\/wp-json\/wp\/v2\/media\/29471"}],"wp:attachment":[{"href":"https:\/\/www.flexib.ee\/sv\/wp-json\/wp\/v2\/media?parent=29474"}],"wp:term":[{"taxonomy":"product_cat","embeddable":true,"href":"https:\/\/www.flexib.ee\/sv\/wp-json\/wp\/v2\/product_cat?post=29474"},{"taxonomy":"product_tag","embeddable":true,"href":"https:\/\/www.flexib.ee\/sv\/wp-json\/wp\/v2\/product_tag?post=29474"}],"curies":[{"name":"wp","href":"https:\/\/api.w.org\/{rel}","templated":true}]}}