{"id":29478,"date":"2026-01-14T13:53:48","date_gmt":"2026-01-14T10:53:48","guid":{"rendered":"https:\/\/flexib.ee\/toode\/mts-2-tanavapuhastusmasin\/"},"modified":"2026-01-14T13:53:48","modified_gmt":"2026-01-14T10:53:48","slug":"mts-2-tanavapuhastusmasin","status":"publish","type":"product","link":"https:\/\/www.flexib.ee\/sv\/toode\/mts-2-tanavapuhastusmasin\/","title":{"rendered":"MTS 2 t\u00e4navapuhastusmasin"},"content":{"rendered":"<p>MTS 2 t\u00e4navapuhastusmasin<br \/>\nMTS 2 t\u00e4navapuhastusmasin on m\u00f5eldud tasaste pindade, n\u00e4iteks teede, v\u00e4ljakute ja k\u00f5nniteede p\u00fchkimiseks. See on m\u00f5eldud kinnitamiseks v\u00e4ikesele haagissuvilale, mis on varustatud I kategooria kolmepunktilise haakeseadisega.<br \/>\nP\u00fchkimismasinat k\u00e4itavad 540 j\u00f5uv\u00f5tuv\u00f5ll, maapinna j\u00e4rgiv haakeseade,<br \/>\nh\u00fcdrauliline kopat\u00f5stuk,<br \/>\nk\u00fclghari (valikuline),<br \/>\nlihtsalt vahetatavad plast- v\u00f5i plast-metallharjad,<br \/>\nvalikuline sprinkler ja veepaagi t\u00e4iendused (valikuline).<br \/>\nRullide kiirus: 540 p\/min.<br \/>\nTehnilised andmed:<br \/>\nLaius: 1200 1400 1600<br \/>\nKogulaius (k\u00fclgharjaga): 1640 mm 1840 mm 2040 mm<br \/>\nK\u00f5rgus: 880 mm 880 mm 880 mm<br \/>\nPikkus: 1070 mm 1070 mm 1070 mm<br \/>\nKaal: 190 kg 200 kg 210 kg<br \/>\nP\u00f5hiharja ajam: 540 J\u00f5uv\u00f5tuv\u00f5ll 540 J\u00f5uv\u00f5tuv\u00f5ll 540<br \/>\nK\u00fclgharja ajam: h\u00fcdrauliline h\u00fcdrauliline h\u00fcdrauliline<br \/>\nVeepaak: 200 L 200 L 200 L<br \/>\n\u00d5livool: L\/min min 40 max 60 min 40 max 60 min 40 max 60<br \/>\n\u00d5lisurve: max 140 bar max 140 bar max 140 bar<\/p>\n<p>Allalaadimised<br \/>\nMTS 2 tolline p\u00fchkimismasin<\/p>\n","protected":false},"excerpt":{"rendered":"<p>MTS 2 t\u00e4navapuhastusmasin MTS 2 t\u00e4navapuhastusmasin on m\u00f5eldud tasaste pindade, n\u00e4iteks teede, v\u00e4ljakute ja k\u00f5nniteede p\u00fchkimiseks. See on m\u00f5eldud kinnitamiseks<\/p>\n","protected":false},"featured_media":29475,"template":"","meta":[],"product_cat":[1791],"product_tag":[],"supplier_id":null,"supplier_sku":"","barcode":null,"atum_controlled":true,"out_stock_date":null,"out_stock_threshold":null,"inheritable":false,"inbound_stock":null,"stock_on_hold":0,"sold_today":0,"sales_last_days":0,"reserved_stock":null,"customer_returns":null,"warehouse_damage":null,"lost_in_post":null,"other_logs":null,"out_stock_days":0,"lost_sales":0,"has_location":null,"update_date":"2026-04-09T00:09:45","atum_locations":[],"atum_stock_status":"instock","restock_status":false,"low_stock_amount":"","sales_update_date":"2026-04-09T00:09:45","calc_backorders":null,"yoast_head":"<!-- This site is optimized with the Yoast SEO plugin v21.0 - https:\/\/yoast.com\/wordpress\/plugins\/seo\/ -->\n<title>MTS 2 t\u00e4navapuhastusmasin - Flexib h\u00fcdraulika<\/title>\n<meta name=\"description\" content=\"MTS 2 t\u00e4navapuhastusmasin - H\u00fcdraulika komponendid, h\u00fcdropumbad, h\u00fcdraulilised jagajad, h\u00fcdrosilindrid, h\u00fcdropumbad, h\u00fcdraulika \u00f5lid ja h\u00fcdromootorid. P\u00f5llumajandus h\u00fcdraulika, h\u00fcdrovoolikud ja h\u00fcdrojaamad.\" \/>\n<meta name=\"robots\" content=\"index, follow, max-snippet:-1, max-image-preview:large, max-video-preview:-1\" \/>\n<link rel=\"canonical\" href=\"https:\/\/www.flexib.ee\/sv\/toode\/mts-2-tanavapuhastusmasin\/\" \/>\n<meta property=\"og:locale\" content=\"sv_SE\" \/>\n<meta property=\"og:type\" content=\"article\" \/>\n<meta property=\"og:title\" content=\"MTS 2 t\u00e4navapuhastusmasin - Flexib h\u00fcdraulika\" \/>\n<meta property=\"og:description\" content=\"MTS 2 t\u00e4navapuhastusmasin - H\u00fcdraulika komponendid, h\u00fcdropumbad, h\u00fcdraulilised jagajad, h\u00fcdrosilindrid, h\u00fcdropumbad, h\u00fcdraulika \u00f5lid ja h\u00fcdromootorid. P\u00f5llumajandus h\u00fcdraulika, h\u00fcdrovoolikud ja h\u00fcdrojaamad.\" \/>\n<meta property=\"og:url\" content=\"https:\/\/www.flexib.ee\/sv\/toode\/mts-2-tanavapuhastusmasin\/\" \/>\n<meta property=\"og:site_name\" content=\"Flexib h\u00fcdraulika\" \/>\n<meta property=\"og:image\" content=\"https:\/\/flexib.ee\/wp-content\/uploads\/2026\/01\/Metal-Technik-Zamiatarka-MTS2-000.png\" \/>\n\t<meta property=\"og:image:width\" content=\"1136\" \/>\n\t<meta property=\"og:image:height\" content=\"755\" \/>\n\t<meta property=\"og:image:type\" content=\"image\/png\" \/>\n<meta name=\"twitter:card\" content=\"summary_large_image\" \/>\n<meta name=\"twitter:label1\" content=\"Ber\u00e4knad l\u00e4stid\" \/>\n\t<meta name=\"twitter:data1\" content=\"1 minut\" \/>\n<script type=\"application\/ld+json\" class=\"yoast-schema-graph\">{\"@context\":\"https:\/\/schema.org\",\"@graph\":[{\"@type\":\"WebPage\",\"@id\":\"https:\/\/www.flexib.ee\/sv\/toode\/mts-2-tanavapuhastusmasin\/\",\"url\":\"https:\/\/www.flexib.ee\/sv\/toode\/mts-2-tanavapuhastusmasin\/\",\"name\":\"MTS 2 t\u00e4navapuhastusmasin - Flexib h\u00fcdraulika\",\"isPartOf\":{\"@id\":\"https:\/\/flexib.ee\/#website\"},\"datePublished\":\"2026-01-14T10:53:48+00:00\",\"dateModified\":\"2026-01-14T10:53:48+00:00\",\"description\":\"MTS 2 t\u00e4navapuhastusmasin - H\u00fcdraulika komponendid, h\u00fcdropumbad, h\u00fcdraulilised jagajad, h\u00fcdrosilindrid, h\u00fcdropumbad, h\u00fcdraulika \u00f5lid ja h\u00fcdromootorid. P\u00f5llumajandus h\u00fcdraulika, h\u00fcdrovoolikud ja h\u00fcdrojaamad.\",\"breadcrumb\":{\"@id\":\"https:\/\/www.flexib.ee\/sv\/toode\/mts-2-tanavapuhastusmasin\/#breadcrumb\"},\"inLanguage\":\"sv-SE\",\"potentialAction\":[{\"@type\":\"ReadAction\",\"target\":[\"https:\/\/www.flexib.ee\/sv\/toode\/mts-2-tanavapuhastusmasin\/\"]}]},{\"@type\":\"BreadcrumbList\",\"@id\":\"https:\/\/www.flexib.ee\/sv\/toode\/mts-2-tanavapuhastusmasin\/#breadcrumb\",\"itemListElement\":[{\"@type\":\"ListItem\",\"position\":1,\"name\":\"Flexib\",\"item\":\"https:\/\/flexib.ee\/\"},{\"@type\":\"ListItem\",\"position\":2,\"name\":\"Butik\",\"item\":\"https:\/\/flexib.ee\/sv\/butik\/\"},{\"@type\":\"ListItem\",\"position\":3,\"name\":\"MTS 2 t\u00e4navapuhastusmasin\"}]},{\"@type\":\"WebSite\",\"@id\":\"https:\/\/flexib.ee\/#website\",\"url\":\"https:\/\/flexib.ee\/\",\"name\":\"Flexib h\u00fcdraulika\",\"description\":\"H\u00fcdraulika tarvikud ja komponendid.\",\"publisher\":{\"@id\":\"https:\/\/flexib.ee\/#organization\"},\"potentialAction\":[{\"@type\":\"SearchAction\",\"target\":{\"@type\":\"EntryPoint\",\"urlTemplate\":\"https:\/\/flexib.ee\/?s={search_term_string}\"},\"query-input\":\"required name=search_term_string\"}],\"inLanguage\":\"sv-SE\"},{\"@type\":\"Organization\",\"@id\":\"https:\/\/flexib.ee\/#organization\",\"name\":\"Flexib H\u00fcdraulika\",\"url\":\"https:\/\/flexib.ee\/\",\"logo\":{\"@type\":\"ImageObject\",\"inLanguage\":\"sv-SE\",\"@id\":\"https:\/\/flexib.ee\/#\/schema\/logo\/image\/\",\"url\":\"https:\/\/flexib.ee\/wp-content\/uploads\/2020\/08\/FLEXIB-2.png\",\"contentUrl\":\"https:\/\/flexib.ee\/wp-content\/uploads\/2020\/08\/FLEXIB-2.png\",\"width\":500,\"height\":500,\"caption\":\"Flexib H\u00fcdraulika\"},\"image\":{\"@id\":\"https:\/\/flexib.ee\/#\/schema\/logo\/image\/\"}}]}<\/script>\n<!-- \/ Yoast SEO plugin. -->","yoast_head_json":{"title":"MTS 2 t\u00e4navapuhastusmasin - Flexib h\u00fcdraulika","description":"MTS 2 t\u00e4navapuhastusmasin - H\u00fcdraulika komponendid, h\u00fcdropumbad, h\u00fcdraulilised jagajad, h\u00fcdrosilindrid, h\u00fcdropumbad, h\u00fcdraulika \u00f5lid ja h\u00fcdromootorid. P\u00f5llumajandus h\u00fcdraulika, h\u00fcdrovoolikud ja h\u00fcdrojaamad.","robots":{"index":"index","follow":"follow","max-snippet":"max-snippet:-1","max-image-preview":"max-image-preview:large","max-video-preview":"max-video-preview:-1"},"canonical":"https:\/\/www.flexib.ee\/sv\/toode\/mts-2-tanavapuhastusmasin\/","og_locale":"sv_SE","og_type":"article","og_title":"MTS 2 t\u00e4navapuhastusmasin - Flexib h\u00fcdraulika","og_description":"MTS 2 t\u00e4navapuhastusmasin - H\u00fcdraulika komponendid, h\u00fcdropumbad, h\u00fcdraulilised jagajad, h\u00fcdrosilindrid, h\u00fcdropumbad, h\u00fcdraulika \u00f5lid ja h\u00fcdromootorid. P\u00f5llumajandus h\u00fcdraulika, h\u00fcdrovoolikud ja h\u00fcdrojaamad.","og_url":"https:\/\/www.flexib.ee\/sv\/toode\/mts-2-tanavapuhastusmasin\/","og_site_name":"Flexib h\u00fcdraulika","og_image":[{"width":1136,"height":755,"url":"https:\/\/flexib.ee\/wp-content\/uploads\/2026\/01\/Metal-Technik-Zamiatarka-MTS2-000.png","type":"image\/png"}],"twitter_card":"summary_large_image","twitter_misc":{"Ber\u00e4knad l\u00e4stid":"1 minut"},"schema":{"@context":"https:\/\/schema.org","@graph":[{"@type":"WebPage","@id":"https:\/\/www.flexib.ee\/sv\/toode\/mts-2-tanavapuhastusmasin\/","url":"https:\/\/www.flexib.ee\/sv\/toode\/mts-2-tanavapuhastusmasin\/","name":"MTS 2 t\u00e4navapuhastusmasin - Flexib h\u00fcdraulika","isPartOf":{"@id":"https:\/\/flexib.ee\/#website"},"datePublished":"2026-01-14T10:53:48+00:00","dateModified":"2026-01-14T10:53:48+00:00","description":"MTS 2 t\u00e4navapuhastusmasin - H\u00fcdraulika komponendid, h\u00fcdropumbad, h\u00fcdraulilised jagajad, h\u00fcdrosilindrid, h\u00fcdropumbad, h\u00fcdraulika \u00f5lid ja h\u00fcdromootorid. P\u00f5llumajandus h\u00fcdraulika, h\u00fcdrovoolikud ja h\u00fcdrojaamad.","breadcrumb":{"@id":"https:\/\/www.flexib.ee\/sv\/toode\/mts-2-tanavapuhastusmasin\/#breadcrumb"},"inLanguage":"sv-SE","potentialAction":[{"@type":"ReadAction","target":["https:\/\/www.flexib.ee\/sv\/toode\/mts-2-tanavapuhastusmasin\/"]}]},{"@type":"BreadcrumbList","@id":"https:\/\/www.flexib.ee\/sv\/toode\/mts-2-tanavapuhastusmasin\/#breadcrumb","itemListElement":[{"@type":"ListItem","position":1,"name":"Flexib","item":"https:\/\/flexib.ee\/"},{"@type":"ListItem","position":2,"name":"Butik","item":"https:\/\/flexib.ee\/sv\/butik\/"},{"@type":"ListItem","position":3,"name":"MTS 2 t\u00e4navapuhastusmasin"}]},{"@type":"WebSite","@id":"https:\/\/flexib.ee\/#website","url":"https:\/\/flexib.ee\/","name":"Flexib h\u00fcdraulika","description":"H\u00fcdraulika tarvikud ja komponendid.","publisher":{"@id":"https:\/\/flexib.ee\/#organization"},"potentialAction":[{"@type":"SearchAction","target":{"@type":"EntryPoint","urlTemplate":"https:\/\/flexib.ee\/?s={search_term_string}"},"query-input":"required name=search_term_string"}],"inLanguage":"sv-SE"},{"@type":"Organization","@id":"https:\/\/flexib.ee\/#organization","name":"Flexib H\u00fcdraulika","url":"https:\/\/flexib.ee\/","logo":{"@type":"ImageObject","inLanguage":"sv-SE","@id":"https:\/\/flexib.ee\/#\/schema\/logo\/image\/","url":"https:\/\/flexib.ee\/wp-content\/uploads\/2020\/08\/FLEXIB-2.png","contentUrl":"https:\/\/flexib.ee\/wp-content\/uploads\/2020\/08\/FLEXIB-2.png","width":500,"height":500,"caption":"Flexib H\u00fcdraulika"},"image":{"@id":"https:\/\/flexib.ee\/#\/schema\/logo\/image\/"}}]}},"_links":{"self":[{"href":"https:\/\/www.flexib.ee\/sv\/wp-json\/wp\/v2\/product\/29478"}],"collection":[{"href":"https:\/\/www.flexib.ee\/sv\/wp-json\/wp\/v2\/product"}],"about":[{"href":"https:\/\/www.flexib.ee\/sv\/wp-json\/wp\/v2\/types\/product"}],"wp:featuredmedia":[{"embeddable":true,"href":"https:\/\/www.flexib.ee\/sv\/wp-json\/wp\/v2\/media\/29475"}],"wp:attachment":[{"href":"https:\/\/www.flexib.ee\/sv\/wp-json\/wp\/v2\/media?parent=29478"}],"wp:term":[{"taxonomy":"product_cat","embeddable":true,"href":"https:\/\/www.flexib.ee\/sv\/wp-json\/wp\/v2\/product_cat?post=29478"},{"taxonomy":"product_tag","embeddable":true,"href":"https:\/\/www.flexib.ee\/sv\/wp-json\/wp\/v2\/product_tag?post=29478"}],"curies":[{"name":"wp","href":"https:\/\/api.w.org\/{rel}","templated":true}]}}