{"id":29514,"date":"2026-01-14T13:53:59","date_gmt":"2026-01-14T10:53:59","guid":{"rendered":"https:\/\/flexib.ee\/toode\/rippsusteemi-kolmepunktiuhendusega-laadur-traktorile\/"},"modified":"2026-01-14T13:53:59","modified_gmt":"2026-01-14T10:53:59","slug":"rippsusteemi-kolmepunktiuhendusega-laadur-traktorile","status":"publish","type":"product","link":"https:\/\/www.flexib.ee\/sv\/toode\/rippsusteemi-kolmepunktiuhendusega-laadur-traktorile\/","title":{"rendered":"Ripps\u00fcsteemi kolmepunkti\u00fchendusega laadur traktorile"},"content":{"rendered":"<p>Tagapaigaldatav laadur<br \/>\nTagapaigaldatav laadur<br \/>\nH\u00fcdrauliline tagapaigaldatav laadur (kolmepunktiline haakeseade) on mitmek\u00fclgne seade, mis paigaldatakse p\u00f5llumajandustraktori taha. Seda kasutatakse mitmesuguste materjalide, n\u00e4iteks pinnase, kruusa, heinapallide v\u00f5i puidu t\u00f5stmiseks, teisaldamiseks ja laadimiseks.<br \/>\nT\u00e4nu h\u00fcdraulilisele ajamile pakub laadur suurt t\u00f6\u00f6v\u00f5imsust ning selle juhtimine on t\u00e4pne ja mugav.<br \/>\nKolmepunktilise haakeseadme k\u00fclge kinnitamine v\u00f5imaldab laaduri h\u00f5lpsat \u00fchendamist ja eemaldamist, mist\u00f5ttu sobib see ideaalselt liikuvust ja kiiret haakeseadmete vahetamist n\u00f5udvateks p\u00f5llumajandust\u00f6\u00f6deks.<\/p>\n<p>Tehnilised andmed<br \/>\nTagapaigaldatav laadur<br \/>\nH\u00fcdrauliline jaotur<br \/>\nKaal 360 kg<br \/>\nK\u00f5rgus 2140 mm<br \/>\nPikkus 750 mm<br \/>\nLaius 1120 mm<br \/>\nT\u00f5stev\u00f5ime 1000 kg<br \/>\nT\u00f5stek\u00f5rgus 3300 mm<br \/>\nV\u00f5imsusvajadus 60\u2013120 hj<br \/>\nJuhtimine: h\u00fcdrauliline<br \/>\n2. kategooria kolmepunktilise haakeseadme kinnitus<br \/>\nEuroraam<\/p>\n","protected":false},"excerpt":{"rendered":"<p>Tagapaigaldatav laadur Tagapaigaldatav laadur H\u00fcdrauliline tagapaigaldatav laadur (kolmepunktiline haakeseade) on mitmek\u00fclgne seade, mis paigaldatakse p\u00f5llumajandustraktori taha. Seda kasutatakse mitmesuguste materjalide,<\/p>\n","protected":false},"featured_media":29511,"template":"","meta":[],"product_cat":[1793],"product_tag":[],"supplier_id":null,"supplier_sku":"","barcode":null,"atum_controlled":true,"out_stock_date":null,"out_stock_threshold":null,"inheritable":false,"inbound_stock":0,"stock_on_hold":0,"sold_today":0,"sales_last_days":0,"reserved_stock":0,"customer_returns":0,"warehouse_damage":0,"lost_in_post":0,"other_logs":0,"out_stock_days":0,"lost_sales":0,"has_location":false,"update_date":"2026-04-16T00:12:08","atum_locations":[],"atum_stock_status":"instock","restock_status":false,"low_stock_amount":"","sales_update_date":"2026-04-16T00:12:08","calc_backorders":null,"yoast_head":"<!-- This site is optimized with the Yoast SEO plugin v21.0 - https:\/\/yoast.com\/wordpress\/plugins\/seo\/ -->\n<title>Ripps\u00fcsteemi kolmepunkti\u00fchendusega laadur traktorile - Flexib h\u00fcdraulika<\/title>\n<meta name=\"description\" content=\"Ripps\u00fcsteemi kolmepunkti\u00fchendusega laadur traktorile - H\u00fcdraulika komponendid, h\u00fcdropumbad, h\u00fcdraulilised jagajad, h\u00fcdrosilindrid, h\u00fcdropumbad, h\u00fcdraulika \u00f5lid ja h\u00fcdromootorid. P\u00f5llumajandus h\u00fcdraulika, h\u00fcdrovoolikud ja h\u00fcdrojaamad.\" \/>\n<meta name=\"robots\" content=\"index, follow, max-snippet:-1, max-image-preview:large, max-video-preview:-1\" \/>\n<link rel=\"canonical\" href=\"https:\/\/www.flexib.ee\/sv\/toode\/rippsusteemi-kolmepunktiuhendusega-laadur-traktorile\/\" \/>\n<meta property=\"og:locale\" content=\"sv_SE\" \/>\n<meta property=\"og:type\" content=\"article\" \/>\n<meta property=\"og:title\" content=\"Ripps\u00fcsteemi kolmepunkti\u00fchendusega laadur traktorile - Flexib h\u00fcdraulika\" \/>\n<meta property=\"og:description\" content=\"Ripps\u00fcsteemi kolmepunkti\u00fchendusega laadur traktorile - H\u00fcdraulika komponendid, h\u00fcdropumbad, h\u00fcdraulilised jagajad, h\u00fcdrosilindrid, h\u00fcdropumbad, h\u00fcdraulika \u00f5lid ja h\u00fcdromootorid. P\u00f5llumajandus h\u00fcdraulika, h\u00fcdrovoolikud ja h\u00fcdrojaamad.\" \/>\n<meta property=\"og:url\" content=\"https:\/\/www.flexib.ee\/sv\/toode\/rippsusteemi-kolmepunktiuhendusega-laadur-traktorile\/\" \/>\n<meta property=\"og:site_name\" content=\"Flexib h\u00fcdraulika\" \/>\n<meta property=\"og:image\" content=\"https:\/\/www.flexib.ee\/wp-content\/uploads\/2026\/01\/Ladowacz-na-tylny-TUZ-5.png\" \/>\n\t<meta property=\"og:image:width\" content=\"797\" \/>\n\t<meta property=\"og:image:height\" content=\"1200\" \/>\n\t<meta property=\"og:image:type\" content=\"image\/png\" \/>\n<meta name=\"twitter:card\" content=\"summary_large_image\" \/>\n<meta name=\"twitter:label1\" content=\"Ber\u00e4knad l\u00e4stid\" \/>\n\t<meta name=\"twitter:data1\" content=\"1 minut\" \/>\n<script type=\"application\/ld+json\" class=\"yoast-schema-graph\">{\"@context\":\"https:\/\/schema.org\",\"@graph\":[{\"@type\":\"WebPage\",\"@id\":\"https:\/\/www.flexib.ee\/sv\/toode\/rippsusteemi-kolmepunktiuhendusega-laadur-traktorile\/\",\"url\":\"https:\/\/www.flexib.ee\/sv\/toode\/rippsusteemi-kolmepunktiuhendusega-laadur-traktorile\/\",\"name\":\"Ripps\u00fcsteemi kolmepunkti\u00fchendusega laadur traktorile - Flexib h\u00fcdraulika\",\"isPartOf\":{\"@id\":\"https:\/\/flexib.ee\/#website\"},\"datePublished\":\"2026-01-14T10:53:59+00:00\",\"dateModified\":\"2026-01-14T10:53:59+00:00\",\"description\":\"Ripps\u00fcsteemi kolmepunkti\u00fchendusega laadur traktorile - H\u00fcdraulika komponendid, h\u00fcdropumbad, h\u00fcdraulilised jagajad, h\u00fcdrosilindrid, h\u00fcdropumbad, h\u00fcdraulika \u00f5lid ja h\u00fcdromootorid. P\u00f5llumajandus h\u00fcdraulika, h\u00fcdrovoolikud ja h\u00fcdrojaamad.\",\"breadcrumb\":{\"@id\":\"https:\/\/www.flexib.ee\/sv\/toode\/rippsusteemi-kolmepunktiuhendusega-laadur-traktorile\/#breadcrumb\"},\"inLanguage\":\"sv-SE\",\"potentialAction\":[{\"@type\":\"ReadAction\",\"target\":[\"https:\/\/www.flexib.ee\/sv\/toode\/rippsusteemi-kolmepunktiuhendusega-laadur-traktorile\/\"]}]},{\"@type\":\"BreadcrumbList\",\"@id\":\"https:\/\/www.flexib.ee\/sv\/toode\/rippsusteemi-kolmepunktiuhendusega-laadur-traktorile\/#breadcrumb\",\"itemListElement\":[{\"@type\":\"ListItem\",\"position\":1,\"name\":\"Flexib\",\"item\":\"https:\/\/flexib.ee\/\"},{\"@type\":\"ListItem\",\"position\":2,\"name\":\"Butik\",\"item\":\"https:\/\/flexib.ee\/sv\/butik\/\"},{\"@type\":\"ListItem\",\"position\":3,\"name\":\"Ripps\u00fcsteemi kolmepunkti\u00fchendusega laadur traktorile\"}]},{\"@type\":\"WebSite\",\"@id\":\"https:\/\/flexib.ee\/#website\",\"url\":\"https:\/\/flexib.ee\/\",\"name\":\"Flexib h\u00fcdraulika\",\"description\":\"H\u00fcdraulika tarvikud ja komponendid.\",\"publisher\":{\"@id\":\"https:\/\/flexib.ee\/#organization\"},\"potentialAction\":[{\"@type\":\"SearchAction\",\"target\":{\"@type\":\"EntryPoint\",\"urlTemplate\":\"https:\/\/flexib.ee\/?s={search_term_string}\"},\"query-input\":\"required name=search_term_string\"}],\"inLanguage\":\"sv-SE\"},{\"@type\":\"Organization\",\"@id\":\"https:\/\/flexib.ee\/#organization\",\"name\":\"Flexib H\u00fcdraulika\",\"url\":\"https:\/\/flexib.ee\/\",\"logo\":{\"@type\":\"ImageObject\",\"inLanguage\":\"sv-SE\",\"@id\":\"https:\/\/flexib.ee\/#\/schema\/logo\/image\/\",\"url\":\"https:\/\/flexib.ee\/wp-content\/uploads\/2020\/08\/FLEXIB-2.png\",\"contentUrl\":\"https:\/\/flexib.ee\/wp-content\/uploads\/2020\/08\/FLEXIB-2.png\",\"width\":500,\"height\":500,\"caption\":\"Flexib H\u00fcdraulika\"},\"image\":{\"@id\":\"https:\/\/flexib.ee\/#\/schema\/logo\/image\/\"}}]}<\/script>\n<!-- \/ Yoast SEO plugin. -->","yoast_head_json":{"title":"Ripps\u00fcsteemi kolmepunkti\u00fchendusega laadur traktorile - Flexib h\u00fcdraulika","description":"Ripps\u00fcsteemi kolmepunkti\u00fchendusega laadur traktorile - H\u00fcdraulika komponendid, h\u00fcdropumbad, h\u00fcdraulilised jagajad, h\u00fcdrosilindrid, h\u00fcdropumbad, h\u00fcdraulika \u00f5lid ja h\u00fcdromootorid. P\u00f5llumajandus h\u00fcdraulika, h\u00fcdrovoolikud ja h\u00fcdrojaamad.","robots":{"index":"index","follow":"follow","max-snippet":"max-snippet:-1","max-image-preview":"max-image-preview:large","max-video-preview":"max-video-preview:-1"},"canonical":"https:\/\/www.flexib.ee\/sv\/toode\/rippsusteemi-kolmepunktiuhendusega-laadur-traktorile\/","og_locale":"sv_SE","og_type":"article","og_title":"Ripps\u00fcsteemi kolmepunkti\u00fchendusega laadur traktorile - Flexib h\u00fcdraulika","og_description":"Ripps\u00fcsteemi kolmepunkti\u00fchendusega laadur traktorile - H\u00fcdraulika komponendid, h\u00fcdropumbad, h\u00fcdraulilised jagajad, h\u00fcdrosilindrid, h\u00fcdropumbad, h\u00fcdraulika \u00f5lid ja h\u00fcdromootorid. P\u00f5llumajandus h\u00fcdraulika, h\u00fcdrovoolikud ja h\u00fcdrojaamad.","og_url":"https:\/\/www.flexib.ee\/sv\/toode\/rippsusteemi-kolmepunktiuhendusega-laadur-traktorile\/","og_site_name":"Flexib h\u00fcdraulika","og_image":[{"width":797,"height":1200,"url":"https:\/\/www.flexib.ee\/wp-content\/uploads\/2026\/01\/Ladowacz-na-tylny-TUZ-5.png","type":"image\/png"}],"twitter_card":"summary_large_image","twitter_misc":{"Ber\u00e4knad l\u00e4stid":"1 minut"},"schema":{"@context":"https:\/\/schema.org","@graph":[{"@type":"WebPage","@id":"https:\/\/www.flexib.ee\/sv\/toode\/rippsusteemi-kolmepunktiuhendusega-laadur-traktorile\/","url":"https:\/\/www.flexib.ee\/sv\/toode\/rippsusteemi-kolmepunktiuhendusega-laadur-traktorile\/","name":"Ripps\u00fcsteemi kolmepunkti\u00fchendusega laadur traktorile - Flexib h\u00fcdraulika","isPartOf":{"@id":"https:\/\/flexib.ee\/#website"},"datePublished":"2026-01-14T10:53:59+00:00","dateModified":"2026-01-14T10:53:59+00:00","description":"Ripps\u00fcsteemi kolmepunkti\u00fchendusega laadur traktorile - H\u00fcdraulika komponendid, h\u00fcdropumbad, h\u00fcdraulilised jagajad, h\u00fcdrosilindrid, h\u00fcdropumbad, h\u00fcdraulika \u00f5lid ja h\u00fcdromootorid. P\u00f5llumajandus h\u00fcdraulika, h\u00fcdrovoolikud ja h\u00fcdrojaamad.","breadcrumb":{"@id":"https:\/\/www.flexib.ee\/sv\/toode\/rippsusteemi-kolmepunktiuhendusega-laadur-traktorile\/#breadcrumb"},"inLanguage":"sv-SE","potentialAction":[{"@type":"ReadAction","target":["https:\/\/www.flexib.ee\/sv\/toode\/rippsusteemi-kolmepunktiuhendusega-laadur-traktorile\/"]}]},{"@type":"BreadcrumbList","@id":"https:\/\/www.flexib.ee\/sv\/toode\/rippsusteemi-kolmepunktiuhendusega-laadur-traktorile\/#breadcrumb","itemListElement":[{"@type":"ListItem","position":1,"name":"Flexib","item":"https:\/\/flexib.ee\/"},{"@type":"ListItem","position":2,"name":"Butik","item":"https:\/\/flexib.ee\/sv\/butik\/"},{"@type":"ListItem","position":3,"name":"Ripps\u00fcsteemi kolmepunkti\u00fchendusega laadur traktorile"}]},{"@type":"WebSite","@id":"https:\/\/flexib.ee\/#website","url":"https:\/\/flexib.ee\/","name":"Flexib h\u00fcdraulika","description":"H\u00fcdraulika tarvikud ja komponendid.","publisher":{"@id":"https:\/\/flexib.ee\/#organization"},"potentialAction":[{"@type":"SearchAction","target":{"@type":"EntryPoint","urlTemplate":"https:\/\/flexib.ee\/?s={search_term_string}"},"query-input":"required name=search_term_string"}],"inLanguage":"sv-SE"},{"@type":"Organization","@id":"https:\/\/flexib.ee\/#organization","name":"Flexib H\u00fcdraulika","url":"https:\/\/flexib.ee\/","logo":{"@type":"ImageObject","inLanguage":"sv-SE","@id":"https:\/\/flexib.ee\/#\/schema\/logo\/image\/","url":"https:\/\/flexib.ee\/wp-content\/uploads\/2020\/08\/FLEXIB-2.png","contentUrl":"https:\/\/flexib.ee\/wp-content\/uploads\/2020\/08\/FLEXIB-2.png","width":500,"height":500,"caption":"Flexib H\u00fcdraulika"},"image":{"@id":"https:\/\/flexib.ee\/#\/schema\/logo\/image\/"}}]}},"_links":{"self":[{"href":"https:\/\/www.flexib.ee\/sv\/wp-json\/wp\/v2\/product\/29514"}],"collection":[{"href":"https:\/\/www.flexib.ee\/sv\/wp-json\/wp\/v2\/product"}],"about":[{"href":"https:\/\/www.flexib.ee\/sv\/wp-json\/wp\/v2\/types\/product"}],"wp:featuredmedia":[{"embeddable":true,"href":"https:\/\/www.flexib.ee\/sv\/wp-json\/wp\/v2\/media\/29511"}],"wp:attachment":[{"href":"https:\/\/www.flexib.ee\/sv\/wp-json\/wp\/v2\/media?parent=29514"}],"wp:term":[{"taxonomy":"product_cat","embeddable":true,"href":"https:\/\/www.flexib.ee\/sv\/wp-json\/wp\/v2\/product_cat?post=29514"},{"taxonomy":"product_tag","embeddable":true,"href":"https:\/\/www.flexib.ee\/sv\/wp-json\/wp\/v2\/product_tag?post=29514"}],"curies":[{"name":"wp","href":"https:\/\/api.w.org\/{rel}","templated":true}]}}