{"id":29566,"date":"2026-01-14T13:54:13","date_gmt":"2026-01-14T10:54:13","guid":{"rendered":"https:\/\/flexib.ee\/toode\/karjamaa-ake-2\/"},"modified":"2026-01-14T13:54:13","modified_gmt":"2026-01-14T10:54:13","slug":"karjamaa-ake-2","status":"publish","type":"product","link":"https:\/\/www.flexib.ee\/sv\/toode\/karjamaa-ake-2\/","title":{"rendered":"Karjamaa \u00e4ke"},"content":{"rendered":"<p>Niidu\u00e4ke<br \/>\nTasandamiseks kasutatav mullaharimisseade. See tasandab mullapinda, l\u00f5hub talviseid koorikuid, tihendab mulda ja h\u00e4vitab v\u00e4ikesed idanevad umbrohud. K\u00e4sitsi v\u00f5i h\u00fcdrauliliselt paigaldatav \u2013 4, 5, 6 v\u00f5i 8 meetri laiune \u2013 on m\u00f5eldud niitude ja karjamaade hooldamiseks, samuti haritavate p\u00f5ldude tasandamiseks p\u00e4rast talve. \u00c4kkeid kasutatakse ka mullaharimiseks ja k\u00fclvieelseks kultiveerimiseks. Need on h\u00e4davajalikud niitude mutimullahunnikute tasandamiseks. \u00c4ke koosneb raamist ja v\u00f5rgust, mis koosneb hammastega malmist t\u00f6\u00f6elementidest, mis on omavahel ja raamiga \u00fchendatud terasrataste abil. \u00c4kke segmendid on \u00fchendatud spetsiaalsete hingedega, mis tagavad stabiilsuse t\u00f6\u00f6tamise ja transportimise ajal. V\u00f5rgud on varustatud t\u00f6\u00f6elementidega, mida saab kasutada m\u00f5lemalt poolt: hammastega k\u00fclge kasutatakse rohupindade \u00f5hustamiseks, mis hoiab \u00e4ra viltimise ja soodustab \u00fchtlast kasvu; siledat k\u00fclge kasutatakse mullakamakate purustamiseks ja tasandamiseks.<\/p>\n","protected":false},"excerpt":{"rendered":"<p>Niidu\u00e4ke Tasandamiseks kasutatav mullaharimisseade. See tasandab mullapinda, l\u00f5hub talviseid koorikuid, tihendab mulda ja h\u00e4vitab v\u00e4ikesed idanevad umbrohud. K\u00e4sitsi v\u00f5i h\u00fcdrauliliselt<\/p>\n","protected":false},"featured_media":29563,"template":"","meta":[],"product_cat":[1793],"product_tag":[],"supplier_id":null,"supplier_sku":"","barcode":null,"atum_controlled":true,"out_stock_date":null,"out_stock_threshold":null,"inheritable":false,"inbound_stock":0,"stock_on_hold":0,"sold_today":0,"sales_last_days":0,"reserved_stock":0,"customer_returns":0,"warehouse_damage":0,"lost_in_post":0,"other_logs":0,"out_stock_days":0,"lost_sales":0,"has_location":false,"update_date":"2026-04-09T00:09:48","atum_locations":[],"atum_stock_status":"instock","restock_status":false,"low_stock_amount":"","sales_update_date":"2026-04-09T00:09:48","calc_backorders":null,"yoast_head":"<!-- This site is optimized with the Yoast SEO plugin v21.0 - https:\/\/yoast.com\/wordpress\/plugins\/seo\/ -->\n<title>Karjamaa \u00e4ke - Flexib h\u00fcdraulika<\/title>\n<meta name=\"description\" content=\"Karjamaa \u00e4ke - H\u00fcdraulika komponendid, h\u00fcdropumbad, h\u00fcdraulilised jagajad, h\u00fcdrosilindrid, h\u00fcdropumbad, h\u00fcdraulika \u00f5lid ja h\u00fcdromootorid. P\u00f5llumajandus h\u00fcdraulika, h\u00fcdrovoolikud ja h\u00fcdrojaamad.\" \/>\n<meta name=\"robots\" content=\"index, follow, max-snippet:-1, max-image-preview:large, max-video-preview:-1\" \/>\n<link rel=\"canonical\" href=\"https:\/\/www.flexib.ee\/sv\/toode\/karjamaa-ake-2\/\" \/>\n<meta property=\"og:locale\" content=\"sv_SE\" \/>\n<meta property=\"og:type\" content=\"article\" \/>\n<meta property=\"og:title\" content=\"Karjamaa \u00e4ke - Flexib h\u00fcdraulika\" \/>\n<meta property=\"og:description\" content=\"Karjamaa \u00e4ke - H\u00fcdraulika komponendid, h\u00fcdropumbad, h\u00fcdraulilised jagajad, h\u00fcdrosilindrid, h\u00fcdropumbad, h\u00fcdraulika \u00f5lid ja h\u00fcdromootorid. P\u00f5llumajandus h\u00fcdraulika, h\u00fcdrovoolikud ja h\u00fcdrojaamad.\" \/>\n<meta property=\"og:url\" content=\"https:\/\/www.flexib.ee\/sv\/toode\/karjamaa-ake-2\/\" \/>\n<meta property=\"og:site_name\" content=\"Flexib h\u00fcdraulika\" \/>\n<meta property=\"og:image\" content=\"https:\/\/flexib.ee\/wp-content\/uploads\/2026\/01\/wlokamt.png\" \/>\n\t<meta property=\"og:image:width\" content=\"699\" \/>\n\t<meta property=\"og:image:height\" content=\"568\" \/>\n\t<meta property=\"og:image:type\" content=\"image\/png\" \/>\n<meta name=\"twitter:card\" content=\"summary_large_image\" \/>\n<meta name=\"twitter:label1\" content=\"Ber\u00e4knad l\u00e4stid\" \/>\n\t<meta name=\"twitter:data1\" content=\"1 minut\" \/>\n<script type=\"application\/ld+json\" class=\"yoast-schema-graph\">{\"@context\":\"https:\/\/schema.org\",\"@graph\":[{\"@type\":\"WebPage\",\"@id\":\"https:\/\/www.flexib.ee\/sv\/toode\/karjamaa-ake-2\/\",\"url\":\"https:\/\/www.flexib.ee\/sv\/toode\/karjamaa-ake-2\/\",\"name\":\"Karjamaa \u00e4ke - Flexib h\u00fcdraulika\",\"isPartOf\":{\"@id\":\"https:\/\/flexib.ee\/#website\"},\"datePublished\":\"2026-01-14T10:54:13+00:00\",\"dateModified\":\"2026-01-14T10:54:13+00:00\",\"description\":\"Karjamaa \u00e4ke - H\u00fcdraulika komponendid, h\u00fcdropumbad, h\u00fcdraulilised jagajad, h\u00fcdrosilindrid, h\u00fcdropumbad, h\u00fcdraulika \u00f5lid ja h\u00fcdromootorid. P\u00f5llumajandus h\u00fcdraulika, h\u00fcdrovoolikud ja h\u00fcdrojaamad.\",\"breadcrumb\":{\"@id\":\"https:\/\/www.flexib.ee\/sv\/toode\/karjamaa-ake-2\/#breadcrumb\"},\"inLanguage\":\"sv-SE\",\"potentialAction\":[{\"@type\":\"ReadAction\",\"target\":[\"https:\/\/www.flexib.ee\/sv\/toode\/karjamaa-ake-2\/\"]}]},{\"@type\":\"BreadcrumbList\",\"@id\":\"https:\/\/www.flexib.ee\/sv\/toode\/karjamaa-ake-2\/#breadcrumb\",\"itemListElement\":[{\"@type\":\"ListItem\",\"position\":1,\"name\":\"Flexib\",\"item\":\"https:\/\/flexib.ee\/\"},{\"@type\":\"ListItem\",\"position\":2,\"name\":\"Butik\",\"item\":\"https:\/\/flexib.ee\/sv\/butik\/\"},{\"@type\":\"ListItem\",\"position\":3,\"name\":\"Karjamaa \u00e4ke\"}]},{\"@type\":\"WebSite\",\"@id\":\"https:\/\/flexib.ee\/#website\",\"url\":\"https:\/\/flexib.ee\/\",\"name\":\"Flexib h\u00fcdraulika\",\"description\":\"H\u00fcdraulika tarvikud ja komponendid.\",\"publisher\":{\"@id\":\"https:\/\/flexib.ee\/#organization\"},\"potentialAction\":[{\"@type\":\"SearchAction\",\"target\":{\"@type\":\"EntryPoint\",\"urlTemplate\":\"https:\/\/flexib.ee\/?s={search_term_string}\"},\"query-input\":\"required name=search_term_string\"}],\"inLanguage\":\"sv-SE\"},{\"@type\":\"Organization\",\"@id\":\"https:\/\/flexib.ee\/#organization\",\"name\":\"Flexib H\u00fcdraulika\",\"url\":\"https:\/\/flexib.ee\/\",\"logo\":{\"@type\":\"ImageObject\",\"inLanguage\":\"sv-SE\",\"@id\":\"https:\/\/flexib.ee\/#\/schema\/logo\/image\/\",\"url\":\"https:\/\/flexib.ee\/wp-content\/uploads\/2020\/08\/FLEXIB-2.png\",\"contentUrl\":\"https:\/\/flexib.ee\/wp-content\/uploads\/2020\/08\/FLEXIB-2.png\",\"width\":500,\"height\":500,\"caption\":\"Flexib H\u00fcdraulika\"},\"image\":{\"@id\":\"https:\/\/flexib.ee\/#\/schema\/logo\/image\/\"}}]}<\/script>\n<!-- \/ Yoast SEO plugin. -->","yoast_head_json":{"title":"Karjamaa \u00e4ke - Flexib h\u00fcdraulika","description":"Karjamaa \u00e4ke - H\u00fcdraulika komponendid, h\u00fcdropumbad, h\u00fcdraulilised jagajad, h\u00fcdrosilindrid, h\u00fcdropumbad, h\u00fcdraulika \u00f5lid ja h\u00fcdromootorid. P\u00f5llumajandus h\u00fcdraulika, h\u00fcdrovoolikud ja h\u00fcdrojaamad.","robots":{"index":"index","follow":"follow","max-snippet":"max-snippet:-1","max-image-preview":"max-image-preview:large","max-video-preview":"max-video-preview:-1"},"canonical":"https:\/\/www.flexib.ee\/sv\/toode\/karjamaa-ake-2\/","og_locale":"sv_SE","og_type":"article","og_title":"Karjamaa \u00e4ke - Flexib h\u00fcdraulika","og_description":"Karjamaa \u00e4ke - H\u00fcdraulika komponendid, h\u00fcdropumbad, h\u00fcdraulilised jagajad, h\u00fcdrosilindrid, h\u00fcdropumbad, h\u00fcdraulika \u00f5lid ja h\u00fcdromootorid. P\u00f5llumajandus h\u00fcdraulika, h\u00fcdrovoolikud ja h\u00fcdrojaamad.","og_url":"https:\/\/www.flexib.ee\/sv\/toode\/karjamaa-ake-2\/","og_site_name":"Flexib h\u00fcdraulika","og_image":[{"width":699,"height":568,"url":"https:\/\/flexib.ee\/wp-content\/uploads\/2026\/01\/wlokamt.png","type":"image\/png"}],"twitter_card":"summary_large_image","twitter_misc":{"Ber\u00e4knad l\u00e4stid":"1 minut"},"schema":{"@context":"https:\/\/schema.org","@graph":[{"@type":"WebPage","@id":"https:\/\/www.flexib.ee\/sv\/toode\/karjamaa-ake-2\/","url":"https:\/\/www.flexib.ee\/sv\/toode\/karjamaa-ake-2\/","name":"Karjamaa \u00e4ke - Flexib h\u00fcdraulika","isPartOf":{"@id":"https:\/\/flexib.ee\/#website"},"datePublished":"2026-01-14T10:54:13+00:00","dateModified":"2026-01-14T10:54:13+00:00","description":"Karjamaa \u00e4ke - H\u00fcdraulika komponendid, h\u00fcdropumbad, h\u00fcdraulilised jagajad, h\u00fcdrosilindrid, h\u00fcdropumbad, h\u00fcdraulika \u00f5lid ja h\u00fcdromootorid. P\u00f5llumajandus h\u00fcdraulika, h\u00fcdrovoolikud ja h\u00fcdrojaamad.","breadcrumb":{"@id":"https:\/\/www.flexib.ee\/sv\/toode\/karjamaa-ake-2\/#breadcrumb"},"inLanguage":"sv-SE","potentialAction":[{"@type":"ReadAction","target":["https:\/\/www.flexib.ee\/sv\/toode\/karjamaa-ake-2\/"]}]},{"@type":"BreadcrumbList","@id":"https:\/\/www.flexib.ee\/sv\/toode\/karjamaa-ake-2\/#breadcrumb","itemListElement":[{"@type":"ListItem","position":1,"name":"Flexib","item":"https:\/\/flexib.ee\/"},{"@type":"ListItem","position":2,"name":"Butik","item":"https:\/\/flexib.ee\/sv\/butik\/"},{"@type":"ListItem","position":3,"name":"Karjamaa \u00e4ke"}]},{"@type":"WebSite","@id":"https:\/\/flexib.ee\/#website","url":"https:\/\/flexib.ee\/","name":"Flexib h\u00fcdraulika","description":"H\u00fcdraulika tarvikud ja komponendid.","publisher":{"@id":"https:\/\/flexib.ee\/#organization"},"potentialAction":[{"@type":"SearchAction","target":{"@type":"EntryPoint","urlTemplate":"https:\/\/flexib.ee\/?s={search_term_string}"},"query-input":"required name=search_term_string"}],"inLanguage":"sv-SE"},{"@type":"Organization","@id":"https:\/\/flexib.ee\/#organization","name":"Flexib H\u00fcdraulika","url":"https:\/\/flexib.ee\/","logo":{"@type":"ImageObject","inLanguage":"sv-SE","@id":"https:\/\/flexib.ee\/#\/schema\/logo\/image\/","url":"https:\/\/flexib.ee\/wp-content\/uploads\/2020\/08\/FLEXIB-2.png","contentUrl":"https:\/\/flexib.ee\/wp-content\/uploads\/2020\/08\/FLEXIB-2.png","width":500,"height":500,"caption":"Flexib H\u00fcdraulika"},"image":{"@id":"https:\/\/flexib.ee\/#\/schema\/logo\/image\/"}}]}},"_links":{"self":[{"href":"https:\/\/www.flexib.ee\/sv\/wp-json\/wp\/v2\/product\/29566"}],"collection":[{"href":"https:\/\/www.flexib.ee\/sv\/wp-json\/wp\/v2\/product"}],"about":[{"href":"https:\/\/www.flexib.ee\/sv\/wp-json\/wp\/v2\/types\/product"}],"wp:featuredmedia":[{"embeddable":true,"href":"https:\/\/www.flexib.ee\/sv\/wp-json\/wp\/v2\/media\/29563"}],"wp:attachment":[{"href":"https:\/\/www.flexib.ee\/sv\/wp-json\/wp\/v2\/media?parent=29566"}],"wp:term":[{"taxonomy":"product_cat","embeddable":true,"href":"https:\/\/www.flexib.ee\/sv\/wp-json\/wp\/v2\/product_cat?post=29566"},{"taxonomy":"product_tag","embeddable":true,"href":"https:\/\/www.flexib.ee\/sv\/wp-json\/wp\/v2\/product_tag?post=29566"}],"curies":[{"name":"wp","href":"https:\/\/api.w.org\/{rel}","templated":true}]}}