{"id":530,"date":"2020-08-17T21:53:58","date_gmt":"2020-08-17T19:53:58","guid":{"rendered":"https:\/\/flexib.ee\/toode\/import-placeholder-for-8943\/"},"modified":"2022-04-13T12:04:04","modified_gmt":"2022-04-13T09:04:04","slug":"pool-12v-jagaja-90l-6-2-solenoid","status":"publish","type":"product","link":"https:\/\/www.flexib.ee\/sv\/toode\/pool-12v-jagaja-90l-6-2-solenoid\/","title":{"rendered":"Pool 12V jagaja \/ 90L 6\/2 solenoid"},"content":{"rendered":"<p style=\"text-align:center;\">\u00c2 <\/p>\n<p style=\"text-align:center;\"><span style=\"font-family:Arial;font-size:x-large;\"><strong>OBEJMA\u00c2 PODW\u00c3\u201cJNA \u0161REDNICA OTWOR\u00c3\u201cW 22mm <\/strong><\/span><\/p>\n<p style=\"text-align:center;\"><span style=\"font-size:x-large;\"><span style=\"font-family:Arial;\"><strong>MOCOWANIE RUREK LUB PRZEWOD\u00c3\u201cW ELASTYCZNYCH<\/strong><\/span><\/span><\/p>\n<p style=\"text-align:center;\">\u00c2 <\/p>\n<p style=\"text-align:center;\"><img decoding=\"async\" alt=\"\" src=\"https:\/\/agricola.com.pl\/media\/images\/ZDJ%C4%98CIA%20B2B\/AKCESORIA_HYDRAULICZNE\/5a465125aa7ea_1.73.01.008%20OBEJMA%20PODW%C3%93JNA%20ZIELONA.png\" \/><\/p>\n<p style=\"text-align:center;\">\u00c2 <\/p>\n<p style=\"text-align:center;\"><img decoding=\"async\" alt=\"\" src=\"https:\/\/agricola.com.pl\/media\/images\/ZDJ%C4%98CIA%20ALLEGRO\/UNIWERSALNE%20NA%20AUKCJE\/58d3873f999bd_ZASTOSOWANIE_OFEROWANEGO_PRZEDMIOTU.png\" \/><\/p>\n<p style=\"text-align:center;\"><span style=\"font-family:Arial;font-size:medium;\">\u00c2 <\/span><\/p>\n<p style=\"text-align:center;\"><span style=\"font-family:arial, helvetica, sans-serif;font-size:12pt;\">Obejma podw\u00c3\u00b3jna kompletna z p\u201aytk\u00c4\u2026 do przyspawania i \u203arub\u00c4\u2026 do skr\u00c4\u2122cenia. Obejmy tego typu s\u00c4\u2026<\/span><\/p>\n<p style=\"text-align:center;\"><span style=\"font-family:arial, helvetica, sans-serif;font-size:12pt;\">\u00c2 bardzo\u00c2 praktycznym\u00c2 i najta\u201eszym sposobem do mocowania przewod\u00c3\u00b3w hydraulicznych i rurek <\/span><\/p>\n<p style=\"text-align:center;\"><span style=\"font-family:arial, helvetica, sans-serif;font-size:12pt;\">do metalowych element\u00c3\u00b3w konstrukcji.<\/span><\/p>\n<p><span style=\"font-size:12pt;\">\u00c2 <\/span><\/p>\n<p style=\"text-align:center;\"><span style=\"font-size:12pt;\"><img decoding=\"async\" alt=\"\" src=\"https:\/\/agricola.com.pl\/media\/images\/ZDJ%C4%98CIA%20ALLEGRO\/UNIWERSALNE%20NA%20AUKCJE\/5795c58183564_DANE_TECHNIC_NE_OFEROWAN_GO_PRZEDMIOTU.png\" \/><\/span><\/p>\n<p style=\"text-align:center;\"><span style=\"font-size:12pt;\">\u00c2 <\/span><\/p>\n<p style=\"text-align:center;\"><span style=\"font-family:arial, helvetica, sans-serif;font-size:12pt;\">\u0161rednica otworu oferowanej obejmy [mm]: 22<\/span><\/p>\n<p style=\"text-align:center;\"><span style=\"font-family:arial, helvetica, sans-serif;font-size:12pt;\">Wymiary p\u201ayty mocuj\u00c4\u2026cej [mm]:\u00c2 70 x 30<\/span><\/p>\n<p style=\"text-align:center;\"><span style=\"font-family:arial, helvetica, sans-serif;font-size:12pt;\">Ca\u201akowita wysoko\u203a\u00c4 [mm]: 51<\/span><\/p>\n<p style=\"text-align:center;\"><span style=\"font-family:arial, helvetica, sans-serif;font-size:12pt;\">\u00c2 Materia\u201a p\u201ayta dolna mocuj\u00c4\u2026ca: stal spawalna <\/span><\/p>\n<p style=\"text-align:center;\"><span style=\"font-family:arial, helvetica, sans-serif;font-size:12pt;\">Materia\u201a p\u201ayta g\u00c3\u00b3rna zamykaj\u00c4\u2026ca: stal ocynkowana <\/span><\/p>\n<p style=\"text-align:center;\"><span style=\"font-family:arial, helvetica, sans-serif;font-size:12pt;\">Materia\u201a obejmy: tworzywo sztuczne<\/span> <\/p>\n","protected":false},"excerpt":{"rendered":"<p>\u00c2 OBEJMA\u00c2 PODW\u00c3\u201cJNA \u0161REDNICA OTWOR\u00c3\u201cW 22mm MOCOWANIE RUREK LUB PRZEWOD\u00c3\u201cW ELASTYCZNYCH \u00c2 \u00c2 \u00c2 Obejma podw\u00c3\u00b3jna kompletna z p\u201aytk\u00c4\u2026 do<\/p>\n","protected":false},"featured_media":7542,"template":"","meta":[],"product_cat":[126],"product_tag":[472,470,471],"supplier_id":null,"supplier_sku":"","barcode":null,"atum_controlled":true,"out_stock_date":null,"out_stock_threshold":null,"inheritable":false,"inbound_stock":null,"stock_on_hold":0,"sold_today":0,"sales_last_days":0,"reserved_stock":null,"customer_returns":null,"warehouse_damage":null,"lost_in_post":null,"other_logs":null,"out_stock_days":0,"lost_sales":0,"has_location":null,"update_date":"2026-04-07T00:08:09","atum_locations":[],"atum_stock_status":"onbackorder","restock_status":false,"low_stock_amount":"","sales_update_date":"2026-04-07T00:08:09","calc_backorders":0,"yoast_head":"<!-- This site is optimized with the Yoast SEO plugin v21.0 - https:\/\/yoast.com\/wordpress\/plugins\/seo\/ -->\n<title>Pool 12V jagaja \/ 90L 6\/2 solenoid - Flexib h\u00fcdraulika<\/title>\n<meta name=\"description\" content=\"Pool 12V jagaja \/ 90L 6\/2 solenoid - H\u00fcdraulika komponendid, h\u00fcdropumbad, h\u00fcdraulilised jagajad, h\u00fcdrosilindrid, h\u00fcdropumbad, h\u00fcdraulika \u00f5lid ja h\u00fcdromootorid. P\u00f5llumajandus h\u00fcdraulika, h\u00fcdrovoolikud ja h\u00fcdrojaamad.\" \/>\n<meta name=\"robots\" content=\"index, follow, max-snippet:-1, max-image-preview:large, max-video-preview:-1\" \/>\n<link rel=\"canonical\" href=\"https:\/\/www.flexib.ee\/sv\/toode\/pool-12v-jagaja-90l-6-2-solenoid\/\" \/>\n<meta property=\"og:locale\" content=\"sv_SE\" \/>\n<meta property=\"og:type\" content=\"article\" \/>\n<meta property=\"og:title\" content=\"Pool 12V jagaja \/ 90L 6\/2 solenoid - Flexib h\u00fcdraulika\" \/>\n<meta property=\"og:description\" content=\"Pool 12V jagaja \/ 90L 6\/2 solenoid - H\u00fcdraulika komponendid, h\u00fcdropumbad, h\u00fcdraulilised jagajad, h\u00fcdrosilindrid, h\u00fcdropumbad, h\u00fcdraulika \u00f5lid ja h\u00fcdromootorid. P\u00f5llumajandus h\u00fcdraulika, h\u00fcdrovoolikud ja h\u00fcdrojaamad.\" \/>\n<meta property=\"og:url\" content=\"https:\/\/www.flexib.ee\/sv\/toode\/pool-12v-jagaja-90l-6-2-solenoid\/\" \/>\n<meta property=\"og:site_name\" content=\"Flexib h\u00fcdraulika\" \/>\n<meta property=\"article:modified_time\" content=\"2022-04-13T09:04:04+00:00\" \/>\n<meta property=\"og:image\" content=\"https:\/\/flexib.ee\/wp-content\/uploads\/2020\/08\/8861.jpg\" \/>\n\t<meta property=\"og:image:width\" content=\"800\" \/>\n\t<meta property=\"og:image:height\" content=\"800\" \/>\n\t<meta property=\"og:image:type\" content=\"image\/jpeg\" \/>\n<meta name=\"twitter:card\" content=\"summary_large_image\" \/>\n<script type=\"application\/ld+json\" class=\"yoast-schema-graph\">{\"@context\":\"https:\/\/schema.org\",\"@graph\":[{\"@type\":\"WebPage\",\"@id\":\"https:\/\/www.flexib.ee\/sv\/toode\/pool-12v-jagaja-90l-6-2-solenoid\/\",\"url\":\"https:\/\/www.flexib.ee\/sv\/toode\/pool-12v-jagaja-90l-6-2-solenoid\/\",\"name\":\"Pool 12V jagaja \/ 90L 6\/2 solenoid - Flexib h\u00fcdraulika\",\"isPartOf\":{\"@id\":\"https:\/\/flexib.ee\/#website\"},\"datePublished\":\"2020-08-17T19:53:58+00:00\",\"dateModified\":\"2022-04-13T09:04:04+00:00\",\"description\":\"Pool 12V jagaja \/ 90L 6\/2 solenoid - H\u00fcdraulika komponendid, h\u00fcdropumbad, h\u00fcdraulilised jagajad, h\u00fcdrosilindrid, h\u00fcdropumbad, h\u00fcdraulika \u00f5lid ja h\u00fcdromootorid. P\u00f5llumajandus h\u00fcdraulika, h\u00fcdrovoolikud ja h\u00fcdrojaamad.\",\"breadcrumb\":{\"@id\":\"https:\/\/www.flexib.ee\/sv\/toode\/pool-12v-jagaja-90l-6-2-solenoid\/#breadcrumb\"},\"inLanguage\":\"sv-SE\",\"potentialAction\":[{\"@type\":\"ReadAction\",\"target\":[\"https:\/\/www.flexib.ee\/sv\/toode\/pool-12v-jagaja-90l-6-2-solenoid\/\"]}]},{\"@type\":\"BreadcrumbList\",\"@id\":\"https:\/\/www.flexib.ee\/sv\/toode\/pool-12v-jagaja-90l-6-2-solenoid\/#breadcrumb\",\"itemListElement\":[{\"@type\":\"ListItem\",\"position\":1,\"name\":\"Flexib\",\"item\":\"https:\/\/flexib.ee\/\"},{\"@type\":\"ListItem\",\"position\":2,\"name\":\"Butik\",\"item\":\"https:\/\/flexib.ee\/sv\/butik\/\"},{\"@type\":\"ListItem\",\"position\":3,\"name\":\"Pool 12V jagaja \/ 90L 6\/2 solenoid\"}]},{\"@type\":\"WebSite\",\"@id\":\"https:\/\/flexib.ee\/#website\",\"url\":\"https:\/\/flexib.ee\/\",\"name\":\"Flexib h\u00fcdraulika\",\"description\":\"H\u00fcdraulika tarvikud ja komponendid.\",\"publisher\":{\"@id\":\"https:\/\/flexib.ee\/#organization\"},\"potentialAction\":[{\"@type\":\"SearchAction\",\"target\":{\"@type\":\"EntryPoint\",\"urlTemplate\":\"https:\/\/flexib.ee\/?s={search_term_string}\"},\"query-input\":\"required name=search_term_string\"}],\"inLanguage\":\"sv-SE\"},{\"@type\":\"Organization\",\"@id\":\"https:\/\/flexib.ee\/#organization\",\"name\":\"Flexib H\u00fcdraulika\",\"url\":\"https:\/\/flexib.ee\/\",\"logo\":{\"@type\":\"ImageObject\",\"inLanguage\":\"sv-SE\",\"@id\":\"https:\/\/flexib.ee\/#\/schema\/logo\/image\/\",\"url\":\"https:\/\/flexib.ee\/wp-content\/uploads\/2020\/08\/FLEXIB-2.png\",\"contentUrl\":\"https:\/\/flexib.ee\/wp-content\/uploads\/2020\/08\/FLEXIB-2.png\",\"width\":500,\"height\":500,\"caption\":\"Flexib H\u00fcdraulika\"},\"image\":{\"@id\":\"https:\/\/flexib.ee\/#\/schema\/logo\/image\/\"}}]}<\/script>\n<!-- \/ Yoast SEO plugin. -->","yoast_head_json":{"title":"Pool 12V jagaja \/ 90L 6\/2 solenoid - Flexib h\u00fcdraulika","description":"Pool 12V jagaja \/ 90L 6\/2 solenoid - H\u00fcdraulika komponendid, h\u00fcdropumbad, h\u00fcdraulilised jagajad, h\u00fcdrosilindrid, h\u00fcdropumbad, h\u00fcdraulika \u00f5lid ja h\u00fcdromootorid. P\u00f5llumajandus h\u00fcdraulika, h\u00fcdrovoolikud ja h\u00fcdrojaamad.","robots":{"index":"index","follow":"follow","max-snippet":"max-snippet:-1","max-image-preview":"max-image-preview:large","max-video-preview":"max-video-preview:-1"},"canonical":"https:\/\/www.flexib.ee\/sv\/toode\/pool-12v-jagaja-90l-6-2-solenoid\/","og_locale":"sv_SE","og_type":"article","og_title":"Pool 12V jagaja \/ 90L 6\/2 solenoid - Flexib h\u00fcdraulika","og_description":"Pool 12V jagaja \/ 90L 6\/2 solenoid - H\u00fcdraulika komponendid, h\u00fcdropumbad, h\u00fcdraulilised jagajad, h\u00fcdrosilindrid, h\u00fcdropumbad, h\u00fcdraulika \u00f5lid ja h\u00fcdromootorid. P\u00f5llumajandus h\u00fcdraulika, h\u00fcdrovoolikud ja h\u00fcdrojaamad.","og_url":"https:\/\/www.flexib.ee\/sv\/toode\/pool-12v-jagaja-90l-6-2-solenoid\/","og_site_name":"Flexib h\u00fcdraulika","article_modified_time":"2022-04-13T09:04:04+00:00","og_image":[{"width":800,"height":800,"url":"https:\/\/flexib.ee\/wp-content\/uploads\/2020\/08\/8861.jpg","type":"image\/jpeg"}],"twitter_card":"summary_large_image","schema":{"@context":"https:\/\/schema.org","@graph":[{"@type":"WebPage","@id":"https:\/\/www.flexib.ee\/sv\/toode\/pool-12v-jagaja-90l-6-2-solenoid\/","url":"https:\/\/www.flexib.ee\/sv\/toode\/pool-12v-jagaja-90l-6-2-solenoid\/","name":"Pool 12V jagaja \/ 90L 6\/2 solenoid - Flexib h\u00fcdraulika","isPartOf":{"@id":"https:\/\/flexib.ee\/#website"},"datePublished":"2020-08-17T19:53:58+00:00","dateModified":"2022-04-13T09:04:04+00:00","description":"Pool 12V jagaja \/ 90L 6\/2 solenoid - H\u00fcdraulika komponendid, h\u00fcdropumbad, h\u00fcdraulilised jagajad, h\u00fcdrosilindrid, h\u00fcdropumbad, h\u00fcdraulika \u00f5lid ja h\u00fcdromootorid. P\u00f5llumajandus h\u00fcdraulika, h\u00fcdrovoolikud ja h\u00fcdrojaamad.","breadcrumb":{"@id":"https:\/\/www.flexib.ee\/sv\/toode\/pool-12v-jagaja-90l-6-2-solenoid\/#breadcrumb"},"inLanguage":"sv-SE","potentialAction":[{"@type":"ReadAction","target":["https:\/\/www.flexib.ee\/sv\/toode\/pool-12v-jagaja-90l-6-2-solenoid\/"]}]},{"@type":"BreadcrumbList","@id":"https:\/\/www.flexib.ee\/sv\/toode\/pool-12v-jagaja-90l-6-2-solenoid\/#breadcrumb","itemListElement":[{"@type":"ListItem","position":1,"name":"Flexib","item":"https:\/\/flexib.ee\/"},{"@type":"ListItem","position":2,"name":"Butik","item":"https:\/\/flexib.ee\/sv\/butik\/"},{"@type":"ListItem","position":3,"name":"Pool 12V jagaja \/ 90L 6\/2 solenoid"}]},{"@type":"WebSite","@id":"https:\/\/flexib.ee\/#website","url":"https:\/\/flexib.ee\/","name":"Flexib h\u00fcdraulika","description":"H\u00fcdraulika tarvikud ja komponendid.","publisher":{"@id":"https:\/\/flexib.ee\/#organization"},"potentialAction":[{"@type":"SearchAction","target":{"@type":"EntryPoint","urlTemplate":"https:\/\/flexib.ee\/?s={search_term_string}"},"query-input":"required name=search_term_string"}],"inLanguage":"sv-SE"},{"@type":"Organization","@id":"https:\/\/flexib.ee\/#organization","name":"Flexib H\u00fcdraulika","url":"https:\/\/flexib.ee\/","logo":{"@type":"ImageObject","inLanguage":"sv-SE","@id":"https:\/\/flexib.ee\/#\/schema\/logo\/image\/","url":"https:\/\/flexib.ee\/wp-content\/uploads\/2020\/08\/FLEXIB-2.png","contentUrl":"https:\/\/flexib.ee\/wp-content\/uploads\/2020\/08\/FLEXIB-2.png","width":500,"height":500,"caption":"Flexib H\u00fcdraulika"},"image":{"@id":"https:\/\/flexib.ee\/#\/schema\/logo\/image\/"}}]}},"_links":{"self":[{"href":"https:\/\/www.flexib.ee\/sv\/wp-json\/wp\/v2\/product\/530"}],"collection":[{"href":"https:\/\/www.flexib.ee\/sv\/wp-json\/wp\/v2\/product"}],"about":[{"href":"https:\/\/www.flexib.ee\/sv\/wp-json\/wp\/v2\/types\/product"}],"wp:featuredmedia":[{"embeddable":true,"href":"https:\/\/www.flexib.ee\/sv\/wp-json\/wp\/v2\/media\/7542"}],"wp:attachment":[{"href":"https:\/\/www.flexib.ee\/sv\/wp-json\/wp\/v2\/media?parent=530"}],"wp:term":[{"taxonomy":"product_cat","embeddable":true,"href":"https:\/\/www.flexib.ee\/sv\/wp-json\/wp\/v2\/product_cat?post=530"},{"taxonomy":"product_tag","embeddable":true,"href":"https:\/\/www.flexib.ee\/sv\/wp-json\/wp\/v2\/product_tag?post=530"}],"curies":[{"name":"wp","href":"https:\/\/api.w.org\/{rel}","templated":true}]}}