{"id":902,"date":"2020-08-17T22:04:34","date_gmt":"2020-08-17T20:04:34","guid":{"rendered":"https:\/\/flexib.ee\/toode\/import-placeholder-for-9688\/"},"modified":"2026-03-06T17:55:13","modified_gmt":"2026-03-06T14:55:13","slug":"hudroaku-0-16l-100bar","status":"publish","type":"product","link":"https:\/\/www.flexib.ee\/sv\/toode\/hudroaku-0-16l-100bar\/","title":{"rendered":"H\u00fcdroaku 0.16L 100bar"},"content":{"rendered":"<p>Kasutusala:<br \/>\nAkusid kasutatakse s\u00fcsteemides, mis vajavad perioodiliselt h\u00fcdraulilise energia summutamist. Nende eesm\u00e4rk on salvestada h\u00fcdraulilist energiat, summutada l\u00f6\u00f6ke ja v\u00e4hendada r\u00f5hu k\u00f5ikumisi. Neid kasutatakse esilaadurites, p\u00f5llumajandusmasinates, j\u00f5uallikates, atrades, kobestajates, ehitusmasinates, kraanades ja muudes seadmetes, mis puutuvad liikumise ajal kokku h\u00fcdraulikas\u00fcsteemi j\u00e4rskude r\u00f5hu k\u00f5ikumistega.<\/p>\n<p>Maht:<br \/>\n0,16 l<\/p>\n<p>Sisekeere korpuses:<br \/>\n1\/2&#8243;<\/p>\n<p>Laadimisr\u00f5hk:<br \/>\n100 baari (pakume laadimisr\u00f5hu muutmise v\u00f5imalust ilma lisatasuta), tellides lisada m\u00e4rkusena.<\/p>\n<p>Maksimaalne \u00f5likogus \u00f5likambris:<br \/>\n0,11 l<\/p>\n<p>Lubatud \u00fcmbritseva \u00f5hu temperatuur:<br \/>\n-40 C kuni +60 C<\/p>\n<p>Lubatud \u00f5litemperatuur:<br \/>\n-15 C kuni +80 C<\/p>\n<p>\u00d5li t\u00fc\u00fcp:<br \/>\nmineraal\u00f5lip\u00f5hine h\u00fcdraulika\u00f5li<\/p>\n<p>Korpuse materjal:<br \/>\nmalm<\/p>\n","protected":false},"excerpt":{"rendered":"<p>Kasutusala: Akusid kasutatakse s\u00fcsteemides, mis vajavad perioodiliselt h\u00fcdraulilise energia summutamist. Nende eesm\u00e4rk on salvestada h\u00fcdraulilist energiat, summutada l\u00f6\u00f6ke ja v\u00e4hendada<\/p>\n","protected":false},"featured_media":7914,"template":"","meta":[],"product_cat":[209],"product_tag":[382,571],"supplier_id":null,"supplier_sku":"","barcode":null,"atum_controlled":true,"out_stock_date":null,"out_stock_threshold":null,"inheritable":false,"inbound_stock":null,"stock_on_hold":0,"sold_today":0,"sales_last_days":0,"reserved_stock":null,"customer_returns":null,"warehouse_damage":null,"lost_in_post":null,"other_logs":null,"out_stock_days":0,"lost_sales":0,"has_location":false,"update_date":"2026-04-07T00:14:48","atum_locations":[],"atum_stock_status":"onbackorder","restock_status":false,"low_stock_amount":"","sales_update_date":"2026-04-07T00:14:48","calc_backorders":0,"yoast_head":"<!-- This site is optimized with the Yoast SEO plugin v21.0 - https:\/\/yoast.com\/wordpress\/plugins\/seo\/ -->\n<title>H\u00fcdroaku 0.16L 100bar - Flexib h\u00fcdraulika<\/title>\n<meta name=\"description\" content=\"H\u00fcdroaku 0.16L 100bar - H\u00fcdraulika komponendid, h\u00fcdropumbad, h\u00fcdraulilised jagajad, h\u00fcdrosilindrid, h\u00fcdropumbad, h\u00fcdraulika \u00f5lid ja h\u00fcdromootorid. P\u00f5llumajandus h\u00fcdraulika, h\u00fcdrovoolikud ja h\u00fcdrojaamad.\" \/>\n<meta name=\"robots\" content=\"index, follow, max-snippet:-1, max-image-preview:large, max-video-preview:-1\" \/>\n<link rel=\"canonical\" href=\"https:\/\/www.flexib.ee\/sv\/toode\/hudroaku-0-16l-100bar\/\" \/>\n<meta property=\"og:locale\" content=\"sv_SE\" \/>\n<meta property=\"og:type\" content=\"article\" \/>\n<meta property=\"og:title\" content=\"H\u00fcdroaku 0.16L 100bar - Flexib h\u00fcdraulika\" \/>\n<meta property=\"og:description\" content=\"H\u00fcdroaku 0.16L 100bar - H\u00fcdraulika komponendid, h\u00fcdropumbad, h\u00fcdraulilised jagajad, h\u00fcdrosilindrid, h\u00fcdropumbad, h\u00fcdraulika \u00f5lid ja h\u00fcdromootorid. P\u00f5llumajandus h\u00fcdraulika, h\u00fcdrovoolikud ja h\u00fcdrojaamad.\" \/>\n<meta property=\"og:url\" content=\"https:\/\/www.flexib.ee\/sv\/toode\/hudroaku-0-16l-100bar\/\" \/>\n<meta property=\"og:site_name\" content=\"Flexib h\u00fcdraulika\" \/>\n<meta property=\"article:modified_time\" content=\"2026-03-06T14:55:13+00:00\" \/>\n<meta property=\"og:image\" content=\"https:\/\/www.flexib.ee\/wp-content\/uploads\/2020\/08\/7273.png\" \/>\n\t<meta property=\"og:image:width\" content=\"800\" \/>\n\t<meta property=\"og:image:height\" content=\"800\" \/>\n\t<meta property=\"og:image:type\" content=\"image\/png\" \/>\n<meta name=\"twitter:card\" content=\"summary_large_image\" \/>\n<meta name=\"twitter:label1\" content=\"Ber\u00e4knad l\u00e4stid\" \/>\n\t<meta name=\"twitter:data1\" content=\"1 minut\" \/>\n<script type=\"application\/ld+json\" class=\"yoast-schema-graph\">{\"@context\":\"https:\/\/schema.org\",\"@graph\":[{\"@type\":\"WebPage\",\"@id\":\"https:\/\/www.flexib.ee\/sv\/toode\/hudroaku-0-16l-100bar\/\",\"url\":\"https:\/\/www.flexib.ee\/sv\/toode\/hudroaku-0-16l-100bar\/\",\"name\":\"H\u00fcdroaku 0.16L 100bar - Flexib h\u00fcdraulika\",\"isPartOf\":{\"@id\":\"https:\/\/flexib.ee\/#website\"},\"datePublished\":\"2020-08-17T20:04:34+00:00\",\"dateModified\":\"2026-03-06T14:55:13+00:00\",\"description\":\"H\u00fcdroaku 0.16L 100bar - H\u00fcdraulika komponendid, h\u00fcdropumbad, h\u00fcdraulilised jagajad, h\u00fcdrosilindrid, h\u00fcdropumbad, h\u00fcdraulika \u00f5lid ja h\u00fcdromootorid. P\u00f5llumajandus h\u00fcdraulika, h\u00fcdrovoolikud ja h\u00fcdrojaamad.\",\"breadcrumb\":{\"@id\":\"https:\/\/www.flexib.ee\/sv\/toode\/hudroaku-0-16l-100bar\/#breadcrumb\"},\"inLanguage\":\"sv-SE\",\"potentialAction\":[{\"@type\":\"ReadAction\",\"target\":[\"https:\/\/www.flexib.ee\/sv\/toode\/hudroaku-0-16l-100bar\/\"]}]},{\"@type\":\"BreadcrumbList\",\"@id\":\"https:\/\/www.flexib.ee\/sv\/toode\/hudroaku-0-16l-100bar\/#breadcrumb\",\"itemListElement\":[{\"@type\":\"ListItem\",\"position\":1,\"name\":\"Flexib\",\"item\":\"https:\/\/flexib.ee\/\"},{\"@type\":\"ListItem\",\"position\":2,\"name\":\"Butik\",\"item\":\"https:\/\/flexib.ee\/sv\/butik\/\"},{\"@type\":\"ListItem\",\"position\":3,\"name\":\"H\u00fcdroaku 0.16L 100bar\"}]},{\"@type\":\"WebSite\",\"@id\":\"https:\/\/flexib.ee\/#website\",\"url\":\"https:\/\/flexib.ee\/\",\"name\":\"Flexib h\u00fcdraulika\",\"description\":\"H\u00fcdraulika tarvikud ja komponendid.\",\"publisher\":{\"@id\":\"https:\/\/flexib.ee\/#organization\"},\"potentialAction\":[{\"@type\":\"SearchAction\",\"target\":{\"@type\":\"EntryPoint\",\"urlTemplate\":\"https:\/\/flexib.ee\/?s={search_term_string}\"},\"query-input\":\"required name=search_term_string\"}],\"inLanguage\":\"sv-SE\"},{\"@type\":\"Organization\",\"@id\":\"https:\/\/flexib.ee\/#organization\",\"name\":\"Flexib H\u00fcdraulika\",\"url\":\"https:\/\/flexib.ee\/\",\"logo\":{\"@type\":\"ImageObject\",\"inLanguage\":\"sv-SE\",\"@id\":\"https:\/\/flexib.ee\/#\/schema\/logo\/image\/\",\"url\":\"https:\/\/flexib.ee\/wp-content\/uploads\/2020\/08\/FLEXIB-2.png\",\"contentUrl\":\"https:\/\/flexib.ee\/wp-content\/uploads\/2020\/08\/FLEXIB-2.png\",\"width\":500,\"height\":500,\"caption\":\"Flexib H\u00fcdraulika\"},\"image\":{\"@id\":\"https:\/\/flexib.ee\/#\/schema\/logo\/image\/\"}}]}<\/script>\n<!-- \/ Yoast SEO plugin. -->","yoast_head_json":{"title":"H\u00fcdroaku 0.16L 100bar - Flexib h\u00fcdraulika","description":"H\u00fcdroaku 0.16L 100bar - H\u00fcdraulika komponendid, h\u00fcdropumbad, h\u00fcdraulilised jagajad, h\u00fcdrosilindrid, h\u00fcdropumbad, h\u00fcdraulika \u00f5lid ja h\u00fcdromootorid. P\u00f5llumajandus h\u00fcdraulika, h\u00fcdrovoolikud ja h\u00fcdrojaamad.","robots":{"index":"index","follow":"follow","max-snippet":"max-snippet:-1","max-image-preview":"max-image-preview:large","max-video-preview":"max-video-preview:-1"},"canonical":"https:\/\/www.flexib.ee\/sv\/toode\/hudroaku-0-16l-100bar\/","og_locale":"sv_SE","og_type":"article","og_title":"H\u00fcdroaku 0.16L 100bar - Flexib h\u00fcdraulika","og_description":"H\u00fcdroaku 0.16L 100bar - H\u00fcdraulika komponendid, h\u00fcdropumbad, h\u00fcdraulilised jagajad, h\u00fcdrosilindrid, h\u00fcdropumbad, h\u00fcdraulika \u00f5lid ja h\u00fcdromootorid. P\u00f5llumajandus h\u00fcdraulika, h\u00fcdrovoolikud ja h\u00fcdrojaamad.","og_url":"https:\/\/www.flexib.ee\/sv\/toode\/hudroaku-0-16l-100bar\/","og_site_name":"Flexib h\u00fcdraulika","article_modified_time":"2026-03-06T14:55:13+00:00","og_image":[{"width":800,"height":800,"url":"https:\/\/www.flexib.ee\/wp-content\/uploads\/2020\/08\/7273.png","type":"image\/png"}],"twitter_card":"summary_large_image","twitter_misc":{"Ber\u00e4knad l\u00e4stid":"1 minut"},"schema":{"@context":"https:\/\/schema.org","@graph":[{"@type":"WebPage","@id":"https:\/\/www.flexib.ee\/sv\/toode\/hudroaku-0-16l-100bar\/","url":"https:\/\/www.flexib.ee\/sv\/toode\/hudroaku-0-16l-100bar\/","name":"H\u00fcdroaku 0.16L 100bar - Flexib h\u00fcdraulika","isPartOf":{"@id":"https:\/\/flexib.ee\/#website"},"datePublished":"2020-08-17T20:04:34+00:00","dateModified":"2026-03-06T14:55:13+00:00","description":"H\u00fcdroaku 0.16L 100bar - H\u00fcdraulika komponendid, h\u00fcdropumbad, h\u00fcdraulilised jagajad, h\u00fcdrosilindrid, h\u00fcdropumbad, h\u00fcdraulika \u00f5lid ja h\u00fcdromootorid. P\u00f5llumajandus h\u00fcdraulika, h\u00fcdrovoolikud ja h\u00fcdrojaamad.","breadcrumb":{"@id":"https:\/\/www.flexib.ee\/sv\/toode\/hudroaku-0-16l-100bar\/#breadcrumb"},"inLanguage":"sv-SE","potentialAction":[{"@type":"ReadAction","target":["https:\/\/www.flexib.ee\/sv\/toode\/hudroaku-0-16l-100bar\/"]}]},{"@type":"BreadcrumbList","@id":"https:\/\/www.flexib.ee\/sv\/toode\/hudroaku-0-16l-100bar\/#breadcrumb","itemListElement":[{"@type":"ListItem","position":1,"name":"Flexib","item":"https:\/\/flexib.ee\/"},{"@type":"ListItem","position":2,"name":"Butik","item":"https:\/\/flexib.ee\/sv\/butik\/"},{"@type":"ListItem","position":3,"name":"H\u00fcdroaku 0.16L 100bar"}]},{"@type":"WebSite","@id":"https:\/\/flexib.ee\/#website","url":"https:\/\/flexib.ee\/","name":"Flexib h\u00fcdraulika","description":"H\u00fcdraulika tarvikud ja komponendid.","publisher":{"@id":"https:\/\/flexib.ee\/#organization"},"potentialAction":[{"@type":"SearchAction","target":{"@type":"EntryPoint","urlTemplate":"https:\/\/flexib.ee\/?s={search_term_string}"},"query-input":"required name=search_term_string"}],"inLanguage":"sv-SE"},{"@type":"Organization","@id":"https:\/\/flexib.ee\/#organization","name":"Flexib H\u00fcdraulika","url":"https:\/\/flexib.ee\/","logo":{"@type":"ImageObject","inLanguage":"sv-SE","@id":"https:\/\/flexib.ee\/#\/schema\/logo\/image\/","url":"https:\/\/flexib.ee\/wp-content\/uploads\/2020\/08\/FLEXIB-2.png","contentUrl":"https:\/\/flexib.ee\/wp-content\/uploads\/2020\/08\/FLEXIB-2.png","width":500,"height":500,"caption":"Flexib H\u00fcdraulika"},"image":{"@id":"https:\/\/flexib.ee\/#\/schema\/logo\/image\/"}}]}},"_links":{"self":[{"href":"https:\/\/www.flexib.ee\/sv\/wp-json\/wp\/v2\/product\/902"}],"collection":[{"href":"https:\/\/www.flexib.ee\/sv\/wp-json\/wp\/v2\/product"}],"about":[{"href":"https:\/\/www.flexib.ee\/sv\/wp-json\/wp\/v2\/types\/product"}],"wp:featuredmedia":[{"embeddable":true,"href":"https:\/\/www.flexib.ee\/sv\/wp-json\/wp\/v2\/media\/7914"}],"wp:attachment":[{"href":"https:\/\/www.flexib.ee\/sv\/wp-json\/wp\/v2\/media?parent=902"}],"wp:term":[{"taxonomy":"product_cat","embeddable":true,"href":"https:\/\/www.flexib.ee\/sv\/wp-json\/wp\/v2\/product_cat?post=902"},{"taxonomy":"product_tag","embeddable":true,"href":"https:\/\/www.flexib.ee\/sv\/wp-json\/wp\/v2\/product_tag?post=902"}],"curies":[{"name":"wp","href":"https:\/\/api.w.org\/{rel}","templated":true}]}}